{"id":128397,"date":"2022-05-07T19:17:08","date_gmt":"2022-05-07T19:17:08","guid":{"rendered":"https:\/\/lighthouselocarno.ch\/prodotti\/gaestehandtuch-aus-schwamm-mit-harmony-spitze\/"},"modified":"2025-05-23T13:09:32","modified_gmt":"2025-05-23T13:09:32","slug":"gaste-waschmaschine-mit-lace-harmonie","status":"publish","type":"product","link":"https:\/\/lighthouselocarno.ch\/de\/produkt\/gaste-waschmaschine-mit-lace-harmonie\/","title":{"rendered":"G\u00e4stehandtuch aus Schwamm mit &#8218;Harmony&#8216;-Spitze"},"content":{"rendered":"<p>Produktpflege:<\/p>\n<p>Maschinenwaschbar bei 30-40 Grad mit milder Seife. Keinen Weichsp\u00fcler hinzuf\u00fcgen. Nicht bleichen.<br \/>\nAlle Kleidungsst\u00fccke von Arte Pura sind mit nat\u00fcrlichen Mineralpigmenten handgef\u00e4rbt.<br \/>\nEs ist m\u00f6glich, dass sie bei den ersten W\u00e4schen etwas an Farbe verlieren, was zu einem Vintage-Ton f\u00fchrt, der einzigartig f\u00fcr diese Marke ist.<br \/>\nBeim Waschen von Kleidung mit alten Farben empfehle ich dringend, bei den ersten 3-4 Waschg\u00e4ngen 1 kg Meersalz in die Waschmaschine zu geben, um die Farben gut zu fixieren.<\/p>\n<p>Stoff:100 % Baumwolle<\/p>\n","protected":false},"excerpt":{"rendered":"<p>Schwamm-Gastw\u00e4sche mit \u201eHarmony\u201c-Spitze. Ma\u00dfe 25X40 cm.<\/p>\n<div class=\"woocommerce-product-details__short-description\">\n<p>In Italien hergestellte Waschlappen aus hochwertiger Baumwolle, die durch spezielle Behandlungen, die das nat\u00fcrliche Aussehen verst\u00e4rken, weich im Griff sind.<\/p>\n<p>Ein idealer Stoff f\u00fcr das Badezimmer, denn er ist hypoallergen, antibakteriell und vor allem hygroskopisch. In voller Achtung vor Ihrer Haut.<\/p>\n<p>Zus\u00e4tzlich zur Verwendung von nat\u00fcrlichen und hypoallergenen Farbstoffen, die der Naturfaser Glanz und Ausstrahlung verleihen.<\/p>\n<p>Langlebigkeit und einfache Wartung sind weitere Pluspunkte Ihrer Wahl.<\/p>\n<p>Ideal zur Versch\u00f6nerung des Badezimmers: allein oder in Kombination mit einem Set, um jedes Mal originelle Kombinationen zu schaffen.<\/p>\n<p>Bitte lesen Sie den Abschnitt \u201eProduktpflege\u201c f\u00fcr alle Waschanweisungen.<\/p>\n<\/div>\n","protected":false},"featured_media":111425,"template":"","meta":{"_seopress_robots_primary_cat":"","_seopress_titles_title":"","_seopress_titles_desc":"","_seopress_robots_index":""},"product_brand":[8562],"product_cat":[6027,3916,3748],"product_tag":[4859,6492,6489,5988,5992,5179,6032,6031],"class_list":{"0":"post-128397","1":"product","2":"type-product","3":"status-publish","4":"has-post-thumbnail","6":"product_brand-arte-pura","7":"product_cat-badetucher","8":"product_cat-badezimmer","9":"product_cat-wohnaccessoires","10":"product_tag-badezimmer","11":"product_tag-gastewasche","12":"product_tag-handtucher-lavetta","13":"product_tag-harmonie-spitze","14":"product_tag-romantisch","15":"product_tag-schwamm-de","16":"product_tag-table-accessories-en-2","17":"product_tag-wasche-fur-das-badezimmer","18":"pa_colore-puder-alt-043","19":"pa_colore-retro-900-de","20":"pa_tema-romantisch","22":"first","23":"instock","24":"shipping-taxable","25":"purchasable","26":"product-type-variable"},"jetpack_sharing_enabled":true,"_links":{"self":[{"href":"https:\/\/lighthouselocarno.ch\/de\/wp-json\/wp\/v2\/product\/128397","targetHints":{"allow":["GET"]}}],"collection":[{"href":"https:\/\/lighthouselocarno.ch\/de\/wp-json\/wp\/v2\/product"}],"about":[{"href":"https:\/\/lighthouselocarno.ch\/de\/wp-json\/wp\/v2\/types\/product"}],"wp:featuredmedia":[{"embeddable":true,"href":"https:\/\/lighthouselocarno.ch\/de\/wp-json\/wp\/v2\/media\/111425"}],"wp:attachment":[{"href":"https:\/\/lighthouselocarno.ch\/de\/wp-json\/wp\/v2\/media?parent=128397"}],"wp:term":[{"taxonomy":"product_brand","embeddable":true,"href":"https:\/\/lighthouselocarno.ch\/de\/wp-json\/wp\/v2\/product_brand?post=128397"},{"taxonomy":"product_cat","embeddable":true,"href":"https:\/\/lighthouselocarno.ch\/de\/wp-json\/wp\/v2\/product_cat?post=128397"},{"taxonomy":"product_tag","embeddable":true,"href":"https:\/\/lighthouselocarno.ch\/de\/wp-json\/wp\/v2\/product_tag?post=128397"}],"curies":[{"name":"wp","href":"https:\/\/api.w.org\/{rel}","templated":true}]}}