{"id":128744,"date":"2022-06-13T07:48:03","date_gmt":"2022-06-13T07:48:03","guid":{"rendered":"https:\/\/lighthouselocarno.ch\/prodotti\/sarong-kleid\/"},"modified":"2024-07-16T13:12:01","modified_gmt":"2024-07-16T13:12:01","slug":"tests","status":"publish","type":"product","link":"https:\/\/lighthouselocarno.ch\/de\/produkt\/tests\/","title":{"rendered":"Sarong-Kleid"},"content":{"rendered":"<p>Handw\u00e4sche mit milder Seife oder Maschinenw\u00e4sche im Schonwaschgang bei 30 Grad.<\/p>\n<p>B\u00fcgeln Sie bei mittlerer Hitze oder gem\u00e4\u00df den Anweisungen auf dem Etikett.<\/p>\n","protected":false},"excerpt":{"rendered":"<p>Ein wundersch\u00f6nes <strong>Sch\u00fcrzenkleid<\/strong> mit einer Sch\u00e4rpe zum Kn\u00fcpfen auf der linken Seite. Hergestellt in Spanien. Dieses <strong>Kleidungsst\u00fcck<\/strong> wird mit 100 % <strong>nachhaltigen<\/strong> <strong>Materialien<\/strong> und Herstellungsverfahren in vollem Respekt vor der Natur produziert.<\/p>\n<p>Erh\u00e4ltlich in der Farbe Kakhi: 40% Leinen, 60% Lyocell<\/p>\n","protected":false},"featured_media":112577,"template":"","meta":{"_seopress_robots_primary_cat":"3194","_seopress_titles_title":"","_seopress_titles_desc":"","_seopress_robots_index":""},"product_brand":[],"product_cat":[3799,3795,3789,3891],"product_tag":[4094,4472,4303,5375,6577,5367,5373,4469],"class_list":{"0":"post-128744","1":"product","2":"type-product","3":"status-publish","4":"has-post-thumbnail","6":"product_cat-damenmode","7":"product_cat-kleider","8":"product_cat-kleidung","9":"product_cat-vertrieb","10":"product_tag-kleid","11":"product_tag-kleid-de","12":"product_tag-kleid-aus-leinen","13":"product_tag-kleid-leinen","14":"product_tag-leinenkleid-de-2","15":"product_tag-leinenkleid-de","16":"product_tag-robe-en-lin-de","17":"product_tag-schurzenkleid","18":"pa_colori-kakhi-de","20":"first","21":"instock","22":"sale","23":"shipping-taxable","24":"purchasable","25":"product-type-variable","26":"has-default-attributes"},"jetpack_sharing_enabled":true,"_links":{"self":[{"href":"https:\/\/lighthouselocarno.ch\/de\/wp-json\/wp\/v2\/product\/128744","targetHints":{"allow":["GET"]}}],"collection":[{"href":"https:\/\/lighthouselocarno.ch\/de\/wp-json\/wp\/v2\/product"}],"about":[{"href":"https:\/\/lighthouselocarno.ch\/de\/wp-json\/wp\/v2\/types\/product"}],"wp:featuredmedia":[{"embeddable":true,"href":"https:\/\/lighthouselocarno.ch\/de\/wp-json\/wp\/v2\/media\/112577"}],"wp:attachment":[{"href":"https:\/\/lighthouselocarno.ch\/de\/wp-json\/wp\/v2\/media?parent=128744"}],"wp:term":[{"taxonomy":"product_brand","embeddable":true,"href":"https:\/\/lighthouselocarno.ch\/de\/wp-json\/wp\/v2\/product_brand?post=128744"},{"taxonomy":"product_cat","embeddable":true,"href":"https:\/\/lighthouselocarno.ch\/de\/wp-json\/wp\/v2\/product_cat?post=128744"},{"taxonomy":"product_tag","embeddable":true,"href":"https:\/\/lighthouselocarno.ch\/de\/wp-json\/wp\/v2\/product_tag?post=128744"}],"curies":[{"name":"wp","href":"https:\/\/api.w.org\/{rel}","templated":true}]}}