{"id":128752,"date":"2022-10-08T10:45:18","date_gmt":"2022-10-08T10:45:18","guid":{"rendered":"https:\/\/lighthouselocarno.ch\/prodotti\/blattgold-kerzenhalter\/"},"modified":"2023-08-10T14:42:09","modified_gmt":"2023-08-10T14:42:09","slug":"kerzenhalter-blatt-gold","status":"publish","type":"product","link":"https:\/\/lighthouselocarno.ch\/de\/produkt\/kerzenhalter-blatt-gold\/","title":{"rendered":"Blattgold-Kerzenhalter"},"content":{"rendered":"<p>Verwendung in Innenr\u00e4umen. Mit einem weichen, leicht feuchten Tuch waschen. Lassen Sie Kerzen nicht unbeaufsichtigt. Au\u00dferhalb der Reichweite von Kindern aufbewahren.<\/p>\n","protected":false},"excerpt":{"rendered":"<p>Wundersch\u00f6ner Kerzenhalter in Form eines Blattgoldes. Erh\u00e4ltlich in zwei Gr\u00f6\u00dfen. M\u00f6blieren und beleuchten Sie die R\u00e4ume Ihres Hauses mit Raffinesse und Raffinement.<\/p>\n","protected":false},"featured_media":113057,"template":"","meta":{"_seopress_robots_primary_cat":"3027","_seopress_titles_title":"","_seopress_titles_desc":"","_seopress_robots_index":""},"product_brand":[],"product_cat":[4244,7142,3748],"product_tag":[6581,6579,6592,6583],"class_list":{"0":"post-128752","1":"product","2":"type-product","3":"status-publish","4":"has-post-thumbnail","6":"product_cat-kerzen","7":"product_cat-kerzenstander","8":"product_cat-wohnaccessoires","9":"product_tag-blattgold-kerzenhalter-de","10":"product_tag-blattgold-kerzenhalter","11":"product_tag-bougeoir-feuille-dor-de","12":"product_tag-kerzenhalter-aus-blattgold-de","14":"first","15":"instock","16":"shipping-taxable","17":"purchasable","18":"product-type-variable","19":"has-default-attributes"},"jetpack_sharing_enabled":true,"_links":{"self":[{"href":"https:\/\/lighthouselocarno.ch\/de\/wp-json\/wp\/v2\/product\/128752","targetHints":{"allow":["GET"]}}],"collection":[{"href":"https:\/\/lighthouselocarno.ch\/de\/wp-json\/wp\/v2\/product"}],"about":[{"href":"https:\/\/lighthouselocarno.ch\/de\/wp-json\/wp\/v2\/types\/product"}],"wp:featuredmedia":[{"embeddable":true,"href":"https:\/\/lighthouselocarno.ch\/de\/wp-json\/wp\/v2\/media\/113057"}],"wp:attachment":[{"href":"https:\/\/lighthouselocarno.ch\/de\/wp-json\/wp\/v2\/media?parent=128752"}],"wp:term":[{"taxonomy":"product_brand","embeddable":true,"href":"https:\/\/lighthouselocarno.ch\/de\/wp-json\/wp\/v2\/product_brand?post=128752"},{"taxonomy":"product_cat","embeddable":true,"href":"https:\/\/lighthouselocarno.ch\/de\/wp-json\/wp\/v2\/product_cat?post=128752"},{"taxonomy":"product_tag","embeddable":true,"href":"https:\/\/lighthouselocarno.ch\/de\/wp-json\/wp\/v2\/product_tag?post=128752"}],"curies":[{"name":"wp","href":"https:\/\/api.w.org\/{rel}","templated":true}]}}