{"id":128757,"date":"2022-10-08T10:12:01","date_gmt":"2022-10-08T10:12:01","guid":{"rendered":"https:\/\/lighthouselocarno.ch\/prodotti\/dekorativer-schwan\/"},"modified":"2023-08-18T10:19:45","modified_gmt":"2023-08-18T10:19:45","slug":"schwan-dekorativ","status":"publish","type":"product","link":"https:\/\/lighthouselocarno.ch\/de\/produkt\/schwan-dekorativ\/","title":{"rendered":"Dekorativer Schwan"},"content":{"rendered":"<p>Dekoration f\u00fcr Innenr\u00e4ume. Nicht in der N\u00e4he von W\u00e4rmequellen aufbewahren.<\/p>\n","protected":false},"excerpt":{"rendered":"<p>Kostbares Paar dekorativer Schw\u00e4ne mit echten Federn und Perlen. Sie k\u00f6nnen separat erworben werden. Farbe elfenbeinwei\u00df. Um Ihr Zuhause mit Klasse und Originalit\u00e4t einzurichten.<\/p>\n","protected":false},"featured_media":113474,"template":"","meta":{"_seopress_robots_primary_cat":"2549","_seopress_titles_title":"","_seopress_titles_desc":"","_seopress_robots_index":""},"product_brand":[],"product_cat":[4030,4133,3748],"product_tag":[6589,6607,6613,6599],"class_list":{"0":"post-128757","1":"product","2":"type-product","3":"status-publish","4":"has-post-thumbnail","6":"product_cat-deko","7":"product_cat-weihnachtsdekoration","8":"product_cat-wohnaccessoires","9":"product_tag-dekorativer-schwan-de","10":"product_tag-dekorativer-schwan-de-2","11":"product_tag-dekorativer-schwan-de-3","12":"product_tag-zygne-dekorativ","14":"first","15":"outofstock","16":"shipping-taxable","17":"purchasable","18":"product-type-variable","19":"has-default-attributes"},"jetpack_sharing_enabled":true,"_links":{"self":[{"href":"https:\/\/lighthouselocarno.ch\/de\/wp-json\/wp\/v2\/product\/128757","targetHints":{"allow":["GET"]}}],"collection":[{"href":"https:\/\/lighthouselocarno.ch\/de\/wp-json\/wp\/v2\/product"}],"about":[{"href":"https:\/\/lighthouselocarno.ch\/de\/wp-json\/wp\/v2\/types\/product"}],"wp:featuredmedia":[{"embeddable":true,"href":"https:\/\/lighthouselocarno.ch\/de\/wp-json\/wp\/v2\/media\/113474"}],"wp:attachment":[{"href":"https:\/\/lighthouselocarno.ch\/de\/wp-json\/wp\/v2\/media?parent=128757"}],"wp:term":[{"taxonomy":"product_brand","embeddable":true,"href":"https:\/\/lighthouselocarno.ch\/de\/wp-json\/wp\/v2\/product_brand?post=128757"},{"taxonomy":"product_cat","embeddable":true,"href":"https:\/\/lighthouselocarno.ch\/de\/wp-json\/wp\/v2\/product_cat?post=128757"},{"taxonomy":"product_tag","embeddable":true,"href":"https:\/\/lighthouselocarno.ch\/de\/wp-json\/wp\/v2\/product_tag?post=128757"}],"curies":[{"name":"wp","href":"https:\/\/api.w.org\/{rel}","templated":true}]}}