{"id":128821,"date":"2022-10-08T09:05:39","date_gmt":"2022-10-08T09:05:39","guid":{"rendered":"https:\/\/lighthouselocarno.ch\/prodotti\/tuer-t-licht-glas-gold\/"},"modified":"2025-08-18T11:55:31","modified_gmt":"2025-08-18T11:55:31","slug":"porta-t-licht-glas-gold","status":"publish","type":"product","link":"https:\/\/lighthouselocarno.ch\/de\/produkt\/porta-t-licht-glas-gold\/","title":{"rendered":"T\u00fcr T-Licht Glas gold"},"content":{"rendered":"<p>Handw\u00e4sche. Au\u00dferhalb der Reichweite von Kindern aufbewahren. Lassen Sie Kerzen nicht unbeaufsichtigt.<\/p>\n","protected":false},"excerpt":{"rendered":"<p>Elegante Kerzenkugel. Glas mit Goldverzierung.<\/p>\n","protected":false},"featured_media":112925,"template":"","meta":{"_seopress_robots_primary_cat":"2549","_seopress_titles_title":"","_seopress_titles_desc":"","_seopress_robots_index":""},"product_brand":[],"product_cat":[4030,5693,3891,3748],"product_tag":[6659,6652,5211,6648],"class_list":{"0":"post-128821","1":"product","2":"type-product","3":"status-publish","4":"has-post-thumbnail","6":"product_cat-deko","7":"product_cat-nachrichten","8":"product_cat-vertrieb","9":"product_cat-wohnaccessoires","10":"product_tag-bougeoir-de","11":"product_tag-kerzenhalter-de-3","12":"product_tag-kerzenhalter-de-2","13":"product_tag-kerzenstander","15":"first","16":"instock","17":"sale","18":"shipping-taxable","19":"purchasable","20":"product-type-variable"},"jetpack_sharing_enabled":true,"_links":{"self":[{"href":"https:\/\/lighthouselocarno.ch\/de\/wp-json\/wp\/v2\/product\/128821","targetHints":{"allow":["GET"]}}],"collection":[{"href":"https:\/\/lighthouselocarno.ch\/de\/wp-json\/wp\/v2\/product"}],"about":[{"href":"https:\/\/lighthouselocarno.ch\/de\/wp-json\/wp\/v2\/types\/product"}],"wp:featuredmedia":[{"embeddable":true,"href":"https:\/\/lighthouselocarno.ch\/de\/wp-json\/wp\/v2\/media\/112925"}],"wp:attachment":[{"href":"https:\/\/lighthouselocarno.ch\/de\/wp-json\/wp\/v2\/media?parent=128821"}],"wp:term":[{"taxonomy":"product_brand","embeddable":true,"href":"https:\/\/lighthouselocarno.ch\/de\/wp-json\/wp\/v2\/product_brand?post=128821"},{"taxonomy":"product_cat","embeddable":true,"href":"https:\/\/lighthouselocarno.ch\/de\/wp-json\/wp\/v2\/product_cat?post=128821"},{"taxonomy":"product_tag","embeddable":true,"href":"https:\/\/lighthouselocarno.ch\/de\/wp-json\/wp\/v2\/product_tag?post=128821"}],"curies":[{"name":"wp","href":"https:\/\/api.w.org\/{rel}","templated":true}]}}