{"id":128830,"date":"2022-11-04T12:00:44","date_gmt":"2022-11-04T12:00:44","guid":{"rendered":"https:\/\/lighthouselocarno.ch\/prodotti\/laterne-aus-goldfarbenem-glas-und-metall\/"},"modified":"2024-12-16T09:47:31","modified_gmt":"2024-12-16T09:47:31","slug":"gold-glas-laterne","status":"publish","type":"product","link":"https:\/\/lighthouselocarno.ch\/de\/produkt\/gold-glas-laterne\/","title":{"rendered":"Laterne aus goldfarbenem Glas und Metall"},"content":{"rendered":"<p><strong>Ihr Zuhause mit Laternen einzurichten<\/strong> bedeutet, eine romantische Atmosph\u00e4re zu schaffen, eine kleine Oase des Vergn\u00fcgens, um unsere intimen Momente noch mehr zu genie\u00dfen. Aber nicht nur das, es bedeutet auch, auf Details zu achten und sich f\u00fcr einzigartige <strong>Einrichtungsaccessoires<\/strong> zu entscheiden, die Ihren R\u00e4umen ein neues <strong>Licht<\/strong> und ein neues Image verleihen k\u00f6nnen. Laternen sind in der Tat <strong>besondere Lichtpunkte<\/strong>. Durch die Kombination von <strong>Metall <\/strong>und <strong>Glas<\/strong> entstehen <strong>Laternen mit einem modernen, minimalistischen Stil<\/strong>.<\/p>\n<p>&nbsp;<\/p>\n","protected":false},"excerpt":{"rendered":"<p><strong>Kerzenhalter aus Glas und<\/strong> goldenem <strong>Metall<\/strong>, goldene Laterne mit Ring zum Aufh\u00e4ngen. Beleuchten Sie die R\u00e4ume Ihres Hauses und Ihres Gartens mit Raffinesse und Eleganz.<\/p>\n","protected":false},"featured_media":112943,"template":"","meta":{"_seopress_robots_primary_cat":"3027","_seopress_titles_title":"","_seopress_titles_desc":"","_seopress_robots_index":""},"product_brand":[],"product_cat":[4244,4594,3748],"product_tag":[6657,4598,6663,4595,5449],"class_list":{"0":"post-128830","1":"product","2":"type-product","3":"status-publish","4":"has-post-thumbnail","6":"product_cat-kerzen","7":"product_cat-laternen","8":"product_cat-wohnaccessoires","9":"product_tag-heimtextilien","10":"product_tag-laterne-de-2","11":"product_tag-laterne-de-3","12":"product_tag-laterne-de","13":"product_tag-laternen","15":"first","16":"instock","17":"shipping-taxable","18":"purchasable","19":"product-type-variable","20":"has-default-attributes"},"jetpack_sharing_enabled":true,"_links":{"self":[{"href":"https:\/\/lighthouselocarno.ch\/de\/wp-json\/wp\/v2\/product\/128830","targetHints":{"allow":["GET"]}}],"collection":[{"href":"https:\/\/lighthouselocarno.ch\/de\/wp-json\/wp\/v2\/product"}],"about":[{"href":"https:\/\/lighthouselocarno.ch\/de\/wp-json\/wp\/v2\/types\/product"}],"wp:featuredmedia":[{"embeddable":true,"href":"https:\/\/lighthouselocarno.ch\/de\/wp-json\/wp\/v2\/media\/112943"}],"wp:attachment":[{"href":"https:\/\/lighthouselocarno.ch\/de\/wp-json\/wp\/v2\/media?parent=128830"}],"wp:term":[{"taxonomy":"product_brand","embeddable":true,"href":"https:\/\/lighthouselocarno.ch\/de\/wp-json\/wp\/v2\/product_brand?post=128830"},{"taxonomy":"product_cat","embeddable":true,"href":"https:\/\/lighthouselocarno.ch\/de\/wp-json\/wp\/v2\/product_cat?post=128830"},{"taxonomy":"product_tag","embeddable":true,"href":"https:\/\/lighthouselocarno.ch\/de\/wp-json\/wp\/v2\/product_tag?post=128830"}],"curies":[{"name":"wp","href":"https:\/\/api.w.org\/{rel}","templated":true}]}}