{"id":128847,"date":"2022-09-25T09:46:41","date_gmt":"2022-09-25T09:46:41","guid":{"rendered":"https:\/\/lighthouselocarno.ch\/prodotti\/schaukelbaer\/"},"modified":"2022-09-25T09:46:41","modified_gmt":"2022-09-25T09:46:41","slug":"schaukelbar","status":"publish","type":"product","link":"https:\/\/lighthouselocarno.ch\/de\/produkt\/schaukelbar\/","title":{"rendered":"Schaukelb\u00e4r"},"content":{"rendered":"","protected":false},"excerpt":{"rendered":"<p>Schaukelnder wei\u00dfer B\u00e4r. Material weiches \u00f6kologisches Fell 100% Polyester Griffe und Schlittschuhe aus Naturholz. Abmessungen 60x30x60 cm Gewicht 3,4 kg<\/p>\n","protected":false},"featured_media":113072,"template":"","meta":{"_seopress_robots_primary_cat":"2549","_seopress_titles_title":"","_seopress_titles_desc":"","_seopress_robots_index":""},"product_brand":[],"product_cat":[4030,4073,5693,3748],"product_tag":[6670,6675,6677,6673],"class_list":{"0":"post-128847","1":"product","2":"type-product","3":"status-publish","4":"has-post-thumbnail","6":"product_cat-deko","7":"product_cat-mobel","8":"product_cat-nachrichten","9":"product_cat-wohnaccessoires","10":"product_tag-schaukelbar-de","11":"product_tag-schaukelbar-de-2","12":"product_tag-schaukelbar-de-3","13":"product_tag-unsere-baskule","15":"first","16":"outofstock","17":"shipping-taxable","18":"purchasable","19":"product-type-simple"},"jetpack_sharing_enabled":true,"_links":{"self":[{"href":"https:\/\/lighthouselocarno.ch\/de\/wp-json\/wp\/v2\/product\/128847","targetHints":{"allow":["GET"]}}],"collection":[{"href":"https:\/\/lighthouselocarno.ch\/de\/wp-json\/wp\/v2\/product"}],"about":[{"href":"https:\/\/lighthouselocarno.ch\/de\/wp-json\/wp\/v2\/types\/product"}],"wp:featuredmedia":[{"embeddable":true,"href":"https:\/\/lighthouselocarno.ch\/de\/wp-json\/wp\/v2\/media\/113072"}],"wp:attachment":[{"href":"https:\/\/lighthouselocarno.ch\/de\/wp-json\/wp\/v2\/media?parent=128847"}],"wp:term":[{"taxonomy":"product_brand","embeddable":true,"href":"https:\/\/lighthouselocarno.ch\/de\/wp-json\/wp\/v2\/product_brand?post=128847"},{"taxonomy":"product_cat","embeddable":true,"href":"https:\/\/lighthouselocarno.ch\/de\/wp-json\/wp\/v2\/product_cat?post=128847"},{"taxonomy":"product_tag","embeddable":true,"href":"https:\/\/lighthouselocarno.ch\/de\/wp-json\/wp\/v2\/product_tag?post=128847"}],"curies":[{"name":"wp","href":"https:\/\/api.w.org\/{rel}","templated":true}]}}