{"id":128888,"date":"2022-11-01T13:07:01","date_gmt":"2022-11-01T13:07:01","guid":{"rendered":"https:\/\/lighthouselocarno.ch\/prodotti\/weihnachtsdekoration-schlittschuhe\/"},"modified":"2023-08-18T10:18:07","modified_gmt":"2023-08-18T10:18:07","slug":"schlittschuhe-aus-holz","status":"publish","type":"product","link":"https:\/\/lighthouselocarno.ch\/de\/produkt\/schlittschuhe-aus-holz\/","title":{"rendered":"Schlittschuhe aus Holz"},"content":{"rendered":"<p>Weihnachtsdekoration. Schickes Accessoire f\u00fcr Weihnachten. Home Decor Weihnachten shabby chic. Weihnachtsdekoration. Winterliche Dekoration. Dekoration f\u00fcr Chalet, rustikal.<\/p>\n","protected":false},"excerpt":{"rendered":"<p>Shabby chic Schlittschuhe aus braunem Holz f\u00fcr aufregende Winter- oder Weihnachtsdekorationen. Ideal f\u00fcr den Einsatz im Innen- und Au\u00dfenbereich. Abmessungen: 26&#8243;4&#8243;20 cm.<\/p>\n","protected":false},"featured_media":112616,"template":"","meta":{"_seopress_robots_primary_cat":"79","_seopress_titles_title":"","_seopress_titles_desc":"","_seopress_robots_index":""},"product_brand":[],"product_cat":[4030,4133,3748],"product_tag":[6728,4134,6721,6707,4603],"class_list":{"0":"post-128888","1":"product","2":"type-product","3":"status-publish","4":"has-post-thumbnail","6":"product_cat-deko","7":"product_cat-weihnachtsdekoration","8":"product_cat-wohnaccessoires","9":"product_tag-noel-dekoration","10":"product_tag-weihnachtsdekoration-de","11":"product_tag-weihnachtsdekoration-de-6","12":"product_tag-weihnachtsdekoration-zuhause","13":"product_tag-wohnkultur","15":"first","16":"outofstock","17":"shipping-taxable","18":"purchasable","19":"product-type-simple"},"jetpack_sharing_enabled":true,"_links":{"self":[{"href":"https:\/\/lighthouselocarno.ch\/de\/wp-json\/wp\/v2\/product\/128888","targetHints":{"allow":["GET"]}}],"collection":[{"href":"https:\/\/lighthouselocarno.ch\/de\/wp-json\/wp\/v2\/product"}],"about":[{"href":"https:\/\/lighthouselocarno.ch\/de\/wp-json\/wp\/v2\/types\/product"}],"wp:featuredmedia":[{"embeddable":true,"href":"https:\/\/lighthouselocarno.ch\/de\/wp-json\/wp\/v2\/media\/112616"}],"wp:attachment":[{"href":"https:\/\/lighthouselocarno.ch\/de\/wp-json\/wp\/v2\/media?parent=128888"}],"wp:term":[{"taxonomy":"product_brand","embeddable":true,"href":"https:\/\/lighthouselocarno.ch\/de\/wp-json\/wp\/v2\/product_brand?post=128888"},{"taxonomy":"product_cat","embeddable":true,"href":"https:\/\/lighthouselocarno.ch\/de\/wp-json\/wp\/v2\/product_cat?post=128888"},{"taxonomy":"product_tag","embeddable":true,"href":"https:\/\/lighthouselocarno.ch\/de\/wp-json\/wp\/v2\/product_tag?post=128888"}],"curies":[{"name":"wp","href":"https:\/\/api.w.org\/{rel}","templated":true}]}}