{"id":128891,"date":"2022-11-01T13:15:09","date_gmt":"2022-11-01T13:15:09","guid":{"rendered":"https:\/\/lighthouselocarno.ch\/prodotti\/weisse-hose-mit-stickerei\/"},"modified":"2023-06-30T05:23:28","modified_gmt":"2023-06-30T05:23:28","slug":"hose-weis-mit-stickerei","status":"publish","type":"product","link":"https:\/\/lighthouselocarno.ch\/de\/produkt\/hose-weis-mit-stickerei\/","title":{"rendered":"Wei\u00dfe Hose mit Stickerei"},"content":{"rendered":"<p><strong>Kleidung Made in Italy.<\/strong> Kreieren Sie Ihren <strong>unverwechselbaren Look<\/strong> durch die Wahl von <a href=\"https:\/\/lighthouselocarno.ch\/de\/produkt-kategorie\/mode\/kleidung\/\"><br \/>\n  <strong>italienischer Haute Couture-Kleidung<\/strong><br \/>\n<\/a>. Versch\u00f6nern Sie Ihr <strong>Outfit<\/strong> mit <strong>einzigartigen und originellen Accessoires und <a href=\"https:\/\/lighthouselocarno.ch\/de\/produkt-kategorie\/mode\/schmuck\/halsketten\/\">Schmuck<\/a><\/strong>.<\/p>\n","protected":false},"excerpt":{"rendered":"<p><strong>Wei\u00dfe Hose mit gesticktem<\/strong> Schriftzug und goldenen Details. Rei\u00dfverschluss und Knopfverschluss. Mit bestickten Ges\u00e4\u00dftaschen und G\u00fcrtelschlaufen.<\/p>\n","protected":false},"featured_media":113318,"template":"","meta":{"_seopress_robots_primary_cat":"2544","_seopress_titles_title":"","_seopress_titles_desc":"","_seopress_robots_index":""},"product_brand":[],"product_cat":[3799,4784,3789],"product_tag":[6735,6713,6719,6725],"class_list":{"0":"post-128891","1":"product","2":"type-product","3":"status-publish","4":"has-post-thumbnail","6":"product_cat-damenmode","7":"product_cat-hosen","8":"product_cat-kleidung","9":"product_tag-pantalon-blanc-femme-de","10":"product_tag-weise-damenhosen","11":"product_tag-weise-damenhosen-de","12":"product_tag-white-ladies-pants","13":"pa_taglia-27-de","14":"pa_taglia-28-de","15":"pa_taglia-29-de","17":"first","18":"instock","19":"shipping-taxable","20":"purchasable","21":"product-type-variable","22":"has-default-attributes"},"jetpack_sharing_enabled":true,"_links":{"self":[{"href":"https:\/\/lighthouselocarno.ch\/de\/wp-json\/wp\/v2\/product\/128891","targetHints":{"allow":["GET"]}}],"collection":[{"href":"https:\/\/lighthouselocarno.ch\/de\/wp-json\/wp\/v2\/product"}],"about":[{"href":"https:\/\/lighthouselocarno.ch\/de\/wp-json\/wp\/v2\/types\/product"}],"wp:featuredmedia":[{"embeddable":true,"href":"https:\/\/lighthouselocarno.ch\/de\/wp-json\/wp\/v2\/media\/113318"}],"wp:attachment":[{"href":"https:\/\/lighthouselocarno.ch\/de\/wp-json\/wp\/v2\/media?parent=128891"}],"wp:term":[{"taxonomy":"product_brand","embeddable":true,"href":"https:\/\/lighthouselocarno.ch\/de\/wp-json\/wp\/v2\/product_brand?post=128891"},{"taxonomy":"product_cat","embeddable":true,"href":"https:\/\/lighthouselocarno.ch\/de\/wp-json\/wp\/v2\/product_cat?post=128891"},{"taxonomy":"product_tag","embeddable":true,"href":"https:\/\/lighthouselocarno.ch\/de\/wp-json\/wp\/v2\/product_tag?post=128891"}],"curies":[{"name":"wp","href":"https:\/\/api.w.org\/{rel}","templated":true}]}}