{"id":128907,"date":"2022-11-01T13:37:12","date_gmt":"2022-11-01T13:37:12","guid":{"rendered":"https:\/\/lighthouselocarno.ch\/prodotti\/hemd-mit-schleifen\/"},"modified":"2025-07-29T12:00:04","modified_gmt":"2025-07-29T12:00:04","slug":"hemd-mit-krawatte","status":"publish","type":"product","link":"https:\/\/lighthouselocarno.ch\/de\/produkt\/hemd-mit-krawatte\/","title":{"rendered":"Hemd mit Schleifen"},"content":{"rendered":"<p><strong>Kleidung Made in Italy.<\/strong> Kreieren Sie Ihren <strong>unverwechselbaren Look<\/strong> durch die Wahl von <a href=\"https:\/\/lighthouselocarno.ch\/product-category\/abbigliamento\/\"><br \/>\n  <strong>italienischer Haute Couture-Kleidung<\/strong><br \/>\n<\/a>. Versch\u00f6nern Sie Ihr <strong>Outfit<\/strong> mit <strong>einzigartigen und originellen<a href=\"https:\/\/lighthouselocarno.ch\/product-category\/borse-2\/\">Accessoires<\/a> und <a href=\"https:\/\/lighthouselocarno.ch\/product-category\/gioielli\/orecchini\/\">Schmuck <\/a><\/strong>.<\/p>\n","protected":false},"excerpt":{"rendered":"<p><strong>Lang\u00e4rmeliges Hemd<\/strong> mit <strong>schmuckvollem Knopfverschluss<\/strong>. Drapierter Boden. Auf der R\u00fcckseite befinden sich zwei Schleifen. <strong>Das Hemd mit Schleifen von Elisa Cavaletti<\/strong> ist wirklich sch\u00f6n und romantisch. Farbe: Elfenbein. Goldfarbene Ziereins\u00e4tze an den \u00c4rmeln.<\/p>\n<p>Maschinenw\u00e4sche, Schonwaschgang bei 30-40 Grad.<\/p>\n<p>&nbsp;<\/p>\n","protected":false},"featured_media":113531,"template":"","meta":{"_seopress_robots_primary_cat":"3194","_seopress_titles_title":"","_seopress_titles_desc":"","_seopress_robots_index":""},"product_brand":[],"product_cat":[3799,5668,3789],"product_tag":[5644,5646,5642,5094,6746,5669],"class_list":{"0":"post-128907","1":"product","2":"type-product","3":"status-publish","4":"has-post-thumbnail","6":"product_cat-damenmode","7":"product_cat-hemden","8":"product_cat-kleidung","9":"product_tag-chemise-femme-de","10":"product_tag-damenhemd-de","11":"product_tag-frauen-shirt","12":"product_tag-hemd","13":"product_tag-langarmliges-hemd-fur-frauen","14":"product_tag-masgeschneidertes-hemd","16":"first","17":"outofstock","18":"shipping-taxable","19":"purchasable","20":"product-type-variable","21":"has-default-attributes"},"jetpack_sharing_enabled":true,"_links":{"self":[{"href":"https:\/\/lighthouselocarno.ch\/de\/wp-json\/wp\/v2\/product\/128907","targetHints":{"allow":["GET"]}}],"collection":[{"href":"https:\/\/lighthouselocarno.ch\/de\/wp-json\/wp\/v2\/product"}],"about":[{"href":"https:\/\/lighthouselocarno.ch\/de\/wp-json\/wp\/v2\/types\/product"}],"wp:featuredmedia":[{"embeddable":true,"href":"https:\/\/lighthouselocarno.ch\/de\/wp-json\/wp\/v2\/media\/113531"}],"wp:attachment":[{"href":"https:\/\/lighthouselocarno.ch\/de\/wp-json\/wp\/v2\/media?parent=128907"}],"wp:term":[{"taxonomy":"product_brand","embeddable":true,"href":"https:\/\/lighthouselocarno.ch\/de\/wp-json\/wp\/v2\/product_brand?post=128907"},{"taxonomy":"product_cat","embeddable":true,"href":"https:\/\/lighthouselocarno.ch\/de\/wp-json\/wp\/v2\/product_cat?post=128907"},{"taxonomy":"product_tag","embeddable":true,"href":"https:\/\/lighthouselocarno.ch\/de\/wp-json\/wp\/v2\/product_tag?post=128907"}],"curies":[{"name":"wp","href":"https:\/\/api.w.org\/{rel}","templated":true}]}}