{"id":128920,"date":"2022-11-01T08:03:19","date_gmt":"2022-11-01T08:03:19","guid":{"rendered":"https:\/\/lighthouselocarno.ch\/prodotti\/dekorative-fluegel\/"},"modified":"2024-12-16T09:48:31","modified_gmt":"2024-12-16T09:48:31","slug":"ali-dekorativ","status":"publish","type":"product","link":"https:\/\/lighthouselocarno.ch\/de\/produkt\/ali-dekorativ\/","title":{"rendered":"Dekorative Fl\u00fcgel"},"content":{"rendered":"<p>Gewidmet Engel Liebhaber und diejenigen, die ein <strong>elegantes Accessoire, um ihr Haus zu schm\u00fccken<\/strong> wollen. <strong>Geschenkidee f\u00fcr Weihnachten<\/strong> oder f\u00fcr diejenigen, die die Welt der Engel lieben. Eine<strong>einzigartige Geschenkidee<\/strong> mit <strong>tiefem Sinn<\/strong>.<\/p>\n","protected":false},"excerpt":{"rendered":"<p>Sch\u00f6nes h\u00e4ngendes <strong>Deko-Accessoire<\/strong> f\u00fcr den Innen- und Au\u00dfenbereich. <strong>Dekorative Engelsfl\u00fcgel<\/strong> aus wei\u00dfem Metall mit einem zentralen goldenen Herz. Ideal f\u00fcr die <strong>weihnachtliche Dekoration des Hauses<\/strong> oder als <strong>Geschenkidee<\/strong>.<\/p>\n<p>Abmessungen 47&#8243;3&#8243;62 cm.<\/p>\n<p>Eisenmetall.<\/p>\n","protected":false},"featured_media":112703,"template":"","meta":{"_seopress_robots_primary_cat":"493","_seopress_titles_title":"","_seopress_titles_desc":"","_seopress_robots_index":""},"product_brand":[],"product_cat":[4030,4133,3748],"product_tag":[6785,6779,6775,6784,4188,6766,4603],"class_list":{"0":"post-128920","1":"product","2":"type-product","3":"status-publish","4":"has-post-thumbnail","6":"product_cat-deko","7":"product_cat-weihnachtsdekoration","8":"product_cat-wohnaccessoires","9":"product_tag-deko-engel-de","10":"product_tag-deko-engel","11":"product_tag-dekorationsartikel","12":"product_tag-dekorativer-engel-de","13":"product_tag-weihnachtsdekoration-de-3","14":"product_tag-winterliche-wohnkultur","15":"product_tag-wohnkultur","17":"first","18":"outofstock","19":"shipping-taxable","20":"purchasable","21":"product-type-simple"},"jetpack_sharing_enabled":true,"_links":{"self":[{"href":"https:\/\/lighthouselocarno.ch\/de\/wp-json\/wp\/v2\/product\/128920","targetHints":{"allow":["GET"]}}],"collection":[{"href":"https:\/\/lighthouselocarno.ch\/de\/wp-json\/wp\/v2\/product"}],"about":[{"href":"https:\/\/lighthouselocarno.ch\/de\/wp-json\/wp\/v2\/types\/product"}],"wp:featuredmedia":[{"embeddable":true,"href":"https:\/\/lighthouselocarno.ch\/de\/wp-json\/wp\/v2\/media\/112703"}],"wp:attachment":[{"href":"https:\/\/lighthouselocarno.ch\/de\/wp-json\/wp\/v2\/media?parent=128920"}],"wp:term":[{"taxonomy":"product_brand","embeddable":true,"href":"https:\/\/lighthouselocarno.ch\/de\/wp-json\/wp\/v2\/product_brand?post=128920"},{"taxonomy":"product_cat","embeddable":true,"href":"https:\/\/lighthouselocarno.ch\/de\/wp-json\/wp\/v2\/product_cat?post=128920"},{"taxonomy":"product_tag","embeddable":true,"href":"https:\/\/lighthouselocarno.ch\/de\/wp-json\/wp\/v2\/product_tag?post=128920"}],"curies":[{"name":"wp","href":"https:\/\/api.w.org\/{rel}","templated":true}]}}