{"id":128965,"date":"2022-11-04T14:55:47","date_gmt":"2022-11-04T14:55:47","guid":{"rendered":"https:\/\/lighthouselocarno.ch\/prodotti\/dekoratives-herzkissen\/"},"modified":"2023-06-30T15:05:29","modified_gmt":"2023-06-30T15:05:29","slug":"kissen-dekorativ-herz","status":"publish","type":"product","link":"https:\/\/lighthouselocarno.ch\/de\/produkt\/kissen-dekorativ-herz\/","title":{"rendered":"Dekoratives Herzkissen"},"content":{"rendered":"<p><strong>M\u00f6belkissen<\/strong> sind ein nicht zu vernachl\u00e4ssigendes Detail bei der <strong>Einrichtung einer Wohnung<\/strong>. Die <strong>Abstimmung der Kissen und des Sofas<\/strong> auf den Rest des Raumes kann die \u00e4sthetische Wirkung unseres Wohnzimmers v\u00f6llig ver\u00e4ndern. Nicht nur Farben, sondern auch Materialien k\u00f6nnen wertvolle <strong>Einrichtungselemente<\/strong> sein. Die <strong>weichen, erg\u00e4nzenden Kissen<\/strong> verleihen dem Raum au\u00dferdem Eleganz und einen Hauch von Romantik, der ihn versch\u00f6nert und ihm W\u00e4rme verleiht.<\/p>\n","protected":false},"excerpt":{"rendered":"<p><strong>Herzf\u00f6rmiges<\/strong><strong>Dekokissen<\/strong> aus Stoff und Kunstfell. Weich und warm, verleiht es Ihren R\u00e4umen die richtige W\u00e4rme, die man von einem so <strong>originellen<\/strong> und zugleich <strong>romantischen<\/strong> <strong>M\u00f6belst\u00fcck<\/strong> erwartet.<\/p>\n","protected":false},"featured_media":113540,"template":"","meta":{"_seopress_robots_primary_cat":"81","_seopress_titles_title":"","_seopress_titles_desc":"","_seopress_robots_index":""},"product_brand":[],"product_cat":[4030,7130,3748],"product_tag":[6635,6615,6608,6601],"class_list":{"0":"post-128965","1":"product","2":"type-product","3":"status-publish","4":"has-post-thumbnail","6":"product_cat-deko","7":"product_cat-deko-kissen","8":"product_cat-wohnaccessoires","9":"product_tag-dekokissen","10":"product_tag-dekorationsmittel","11":"product_tag-dekoratives-kissen-de-2","12":"product_tag-dekoratives-kissen-de","14":"first","15":"onbackorder","16":"shipping-taxable","17":"purchasable","18":"product-type-variable","19":"has-default-attributes"},"jetpack_sharing_enabled":true,"_links":{"self":[{"href":"https:\/\/lighthouselocarno.ch\/de\/wp-json\/wp\/v2\/product\/128965","targetHints":{"allow":["GET"]}}],"collection":[{"href":"https:\/\/lighthouselocarno.ch\/de\/wp-json\/wp\/v2\/product"}],"about":[{"href":"https:\/\/lighthouselocarno.ch\/de\/wp-json\/wp\/v2\/types\/product"}],"wp:featuredmedia":[{"embeddable":true,"href":"https:\/\/lighthouselocarno.ch\/de\/wp-json\/wp\/v2\/media\/113540"}],"wp:attachment":[{"href":"https:\/\/lighthouselocarno.ch\/de\/wp-json\/wp\/v2\/media?parent=128965"}],"wp:term":[{"taxonomy":"product_brand","embeddable":true,"href":"https:\/\/lighthouselocarno.ch\/de\/wp-json\/wp\/v2\/product_brand?post=128965"},{"taxonomy":"product_cat","embeddable":true,"href":"https:\/\/lighthouselocarno.ch\/de\/wp-json\/wp\/v2\/product_cat?post=128965"},{"taxonomy":"product_tag","embeddable":true,"href":"https:\/\/lighthouselocarno.ch\/de\/wp-json\/wp\/v2\/product_tag?post=128965"}],"curies":[{"name":"wp","href":"https:\/\/api.w.org\/{rel}","templated":true}]}}