{"id":128976,"date":"2022-11-01T13:03:57","date_gmt":"2022-11-01T13:03:57","guid":{"rendered":"https:\/\/lighthouselocarno.ch\/prodotti\/ovale-schale-mit-fluegeln\/"},"modified":"2023-08-04T11:13:53","modified_gmt":"2023-08-04T11:13:53","slug":"flach-oval-mit-flugeln","status":"publish","type":"product","link":"https:\/\/lighthouselocarno.ch\/de\/produkt\/flach-oval-mit-flugeln\/","title":{"rendered":"Ovale Schale mit Fl\u00fcgeln"},"content":{"rendered":"<p>Gewidmet Engel Liebhaber und diejenigen, die ein <strong>elegantes Accessoire, um ihr Haus zu schm\u00fccken<\/strong> wollen. <strong>Geschenkidee f\u00fcr Weihnachten<\/strong> oder f\u00fcr diejenigen, die die Welt der Engel lieben. Eine<strong>einzigartige Geschenkidee<\/strong> mit <strong>tiefem Sinn<\/strong>.<\/p>\n","protected":false},"excerpt":{"rendered":"<p><strong>Ovale Servierplatte <\/strong>aus wei\u00dfer Keramik. Ideal auch als <strong>Hauptgericht <\/strong>. F\u00fcr ein <strong>elegantes und schickes Mise en Place <\/strong>. Eignet sich gut f\u00fcr eine <strong>weihnachtlich<\/strong> gedeckte <strong>Tafel<\/strong>.<\/p>\n<p>Abmessungen 26&#8243;14&#8243;5 cm.<\/p>\n","protected":false},"featured_media":112691,"template":"","meta":{"_seopress_robots_primary_cat":"3104","_seopress_titles_title":"Porzellanteller mit dekorativen Fl\u00fcgeln  ","_seopress_titles_desc":"Dieser sch\u00f6ne Porzellanteller ist die perfekte Erg\u00e4nzung f\u00fcr jeden Tisch. Sie ist aus hochwertigem Porzellan gefertigt und mit eleganten Fl\u00fcgeln verziert, die sie einzigartig und kostbar machen. Dieser Teller eignet sich perfekt zum Servieren Ihrer Lieblingsgerichte und ist auch ein ideales Geschenk f\u00fcr jeden Anlass.","_seopress_robots_index":""},"product_brand":[],"product_cat":[3865,5693,7230,3755],"product_tag":[5147,5865,6842,6843,6844],"class_list":{"0":"post-128976","1":"product","2":"type-product","3":"status-publish","4":"has-post-thumbnail","6":"product_cat-kuche","7":"product_cat-nachrichten","8":"product_cat-teller-und-tassen","9":"product_cat-tisch-zu-behoer","10":"product_tag-einrichtung-des-arbeitsplatzes","11":"product_tag-platzen","12":"product_tag-servierplatte-mit-flugeln","13":"product_tag-teller-de","14":"product_tag-teller-de-2","16":"first","17":"instock","18":"shipping-taxable","19":"purchasable","20":"product-type-simple"},"jetpack_sharing_enabled":true,"_links":{"self":[{"href":"https:\/\/lighthouselocarno.ch\/de\/wp-json\/wp\/v2\/product\/128976","targetHints":{"allow":["GET"]}}],"collection":[{"href":"https:\/\/lighthouselocarno.ch\/de\/wp-json\/wp\/v2\/product"}],"about":[{"href":"https:\/\/lighthouselocarno.ch\/de\/wp-json\/wp\/v2\/types\/product"}],"wp:featuredmedia":[{"embeddable":true,"href":"https:\/\/lighthouselocarno.ch\/de\/wp-json\/wp\/v2\/media\/112691"}],"wp:attachment":[{"href":"https:\/\/lighthouselocarno.ch\/de\/wp-json\/wp\/v2\/media?parent=128976"}],"wp:term":[{"taxonomy":"product_brand","embeddable":true,"href":"https:\/\/lighthouselocarno.ch\/de\/wp-json\/wp\/v2\/product_brand?post=128976"},{"taxonomy":"product_cat","embeddable":true,"href":"https:\/\/lighthouselocarno.ch\/de\/wp-json\/wp\/v2\/product_cat?post=128976"},{"taxonomy":"product_tag","embeddable":true,"href":"https:\/\/lighthouselocarno.ch\/de\/wp-json\/wp\/v2\/product_tag?post=128976"}],"curies":[{"name":"wp","href":"https:\/\/api.w.org\/{rel}","templated":true}]}}