{"id":129141,"date":"2022-05-07T18:26:25","date_gmt":"2022-05-07T18:26:25","guid":{"rendered":"https:\/\/lighthouselocarno.ch\/prodotti\/kleiner-halter-mit-klappe-und-tuell\/"},"modified":"2025-05-23T13:27:10","modified_gmt":"2025-05-23T13:27:10","slug":"halter-klein-mit-klappe-und-tull","status":"publish","type":"product","link":"https:\/\/lighthouselocarno.ch\/de\/produkt\/halter-klein-mit-klappe-und-tull\/","title":{"rendered":"Kleiner Halter mit Klappe und T\u00fcll"},"content":{"rendered":"<p>Produktpflege:<\/p>\n<p>Maschinenwaschbar bei 30-40 Grad mit milder Seife. Keinen Weichsp\u00fcler hinzuf\u00fcgen. <\/p>\n<p>Bleichen Sie nicht. Alle Kleidungsst\u00fccke von Arte Pura sind mit nat\u00fcrlichen Mineralpigmenten handgef\u00e4rbt. Es ist m\u00f6glich, dass sie bei den ersten W\u00e4schen etwas Farbe verlieren, wodurch sie einen Vintage-Ton erhalten, der einzigartig f\u00fcr diese Marke ist. Wenn Sie Kleidungsst\u00fccke mit alten Farben waschen, empfehle ich dringend, bei den ersten 3-4 W\u00e4schen 1 kg Meersalz in die Waschmaschine zu geben, damit die Farben gut fixiert werden.<\/p>\n<p>Stoff: 100% Baumwoll-Canvas.<\/p>\n","protected":false},"excerpt":{"rendered":"<p><span data-sheets-value=\"{\"1\":2,\"2\":\"Portaoggetti turchese piccolo in canvas doppiato con tulle ricamato. Inserto circolare logo Arte Pura sul fondo. Trattamento indurente. Misure 12x10 cm.\"}\" data-sheets-userformat=\"{\"2\":971,\"3\":{\"1\":0},\"4\":[null,2,65280],\"6\":{\"1\":[{\"1\":2,\"2\":0,\"5\":[null,2,0]},{\"1\":0,\"2\":0,\"3\":3},{\"1\":1,\"2\":0,\"4\":2}]},\"9\":1,\"10\":1,\"11\":3,\"12\":0}\">Kleiner Halter aus geh\u00e4rtetem Baumwolltuch, 12&#215;10 cm gro\u00df. Verziert mit Revers und besticktem T\u00fcll. Unten, Einsatz mit gesticktem Arte Pura-Logo.<\/span><\/p>\n<p>In Italien aus hochwertiger Baumwolle hergestellt und durch spezielle Behandlungen anschmiegsam gemacht.<\/p>\n<p>Dieser Stoff ist ideal, weil er hypoallergen und antibakteriell ist. Au\u00dferdem werden nat\u00fcrliche, nicht allergene Farbstoffe verwendet, die der Naturfaser Glanz und Lebendigkeit verleihen.<\/p>\n<p>Langlebigkeit und einfache Wartung sind weitere Pluspunkte Ihrer Wahl.<\/p>\n<p>Dekorieren Sie Ihre R\u00e4ume, indem Sie Ihrer Einrichtung einen Hauch von Originalit\u00e4t verleihen. Genie\u00dfen Sie den Einsatz in jedem Raum Ihres Hauses oder B\u00fcros, vom Bad bis zum Tisch oder als praktischer Taschenentleerer.<\/p>\n<p>Bitte lesen Sie den Abschnitt \u201eProduktpflege\u201c f\u00fcr alle Waschanweisungen.<\/p>\n","protected":false},"featured_media":109340,"template":"","meta":{"_seopress_robots_primary_cat":"","_seopress_titles_title":"","_seopress_titles_desc":"","_seopress_robots_index":""},"product_brand":[8562],"product_cat":[6035,7312,3748],"product_tag":[4859,5723,4470,5706,5700,5742,5712,5851],"class_list":{"0":"post-129141","1":"product","2":"type-product","3":"status-publish","4":"has-post-thumbnail","6":"product_brand-arte-pura","7":"product_cat-accessoires-de","8":"product_cat-halterung","9":"product_cat-wohnaccessoires","10":"product_tag-badezimmer","11":"product_tag-dekoratives-zubehor","12":"product_tag-halterung","13":"product_tag-schlafzimmer","14":"product_tag-tabelle-de-2","15":"product_tag-wellen","16":"product_tag-wohnbereich","17":"product_tag-zubehor","18":"pa_colore-lebenslauf-alt-433","19":"pa_colore-pfingstrose-alt-417","20":"pa_tema-wellen","22":"first","23":"instock","24":"shipping-taxable","25":"purchasable","26":"product-type-variable"},"jetpack_sharing_enabled":true,"_links":{"self":[{"href":"https:\/\/lighthouselocarno.ch\/de\/wp-json\/wp\/v2\/product\/129141","targetHints":{"allow":["GET"]}}],"collection":[{"href":"https:\/\/lighthouselocarno.ch\/de\/wp-json\/wp\/v2\/product"}],"about":[{"href":"https:\/\/lighthouselocarno.ch\/de\/wp-json\/wp\/v2\/types\/product"}],"wp:featuredmedia":[{"embeddable":true,"href":"https:\/\/lighthouselocarno.ch\/de\/wp-json\/wp\/v2\/media\/109340"}],"wp:attachment":[{"href":"https:\/\/lighthouselocarno.ch\/de\/wp-json\/wp\/v2\/media?parent=129141"}],"wp:term":[{"taxonomy":"product_brand","embeddable":true,"href":"https:\/\/lighthouselocarno.ch\/de\/wp-json\/wp\/v2\/product_brand?post=129141"},{"taxonomy":"product_cat","embeddable":true,"href":"https:\/\/lighthouselocarno.ch\/de\/wp-json\/wp\/v2\/product_cat?post=129141"},{"taxonomy":"product_tag","embeddable":true,"href":"https:\/\/lighthouselocarno.ch\/de\/wp-json\/wp\/v2\/product_tag?post=129141"}],"curies":[{"name":"wp","href":"https:\/\/api.w.org\/{rel}","templated":true}]}}