{"id":129218,"date":"2024-07-13T18:36:32","date_gmt":"2024-07-13T18:36:32","guid":{"rendered":"https:\/\/lighthouselocarno.ch\/prodotti\/badetuch-aus-schwerem-leinen-mit-spitze-poema\/"},"modified":"2025-05-23T12:52:24","modified_gmt":"2025-05-23T12:52:24","slug":"handtuch-aus-schwerem-leinen-mit-gedichtspitze","status":"publish","type":"product","link":"https:\/\/lighthouselocarno.ch\/de\/produkt\/handtuch-aus-schwerem-leinen-mit-gedichtspitze\/","title":{"rendered":"Badetuch aus schwerem Leinen mit Poema-Spitze - Eleganz und handgefertigte Qualit\u00e4t"},"content":{"rendered":"<p>Entdecken Sie den Luxus des <strong>schweren Leinen-Badetuchs mit Poema-Spitze<\/strong>, ein exklusives Produkt aus <strong>100% nat\u00fcrlichem Leinen<\/strong>, das mit feiner Spitze verziert ist. Dieses Handtuch aus der Linie <strong>Arte Pura<\/strong> zeichnet sich durch seine Handwerkskunst und seine unvergleichliche Qualit\u00e4t aus. <\/p>\n<ul>\n<li><strong>Material<\/strong>: Vollst\u00e4ndig aus nat\u00fcrlichem Leinen hergestellt, das aufgrund seiner hypoallergenen und sehr saugf\u00e4higen Eigenschaften ideal f\u00fcr die Haut ist.<\/li>\n<li><strong>Feine Verarbeitung<\/strong>: Poema-Spitze verleiht einen Hauch von zeitloser Eleganz.<\/li>\n<li><strong>Einzigartige F\u00e4rbung<\/strong>: Mit nat\u00fcrlichen Mineralpigmenten von Hand gef\u00e4rbt, erh\u00e4lt jedes Kleidungsst\u00fcck einen einzigartigen Vintage-Farbton.<\/li>\n<\/ul>\n<p><strong>Produktpflege<\/strong>:<\/p>\n<ul>\n<li>Maschinenwaschbar bei 30-40\u00b0C mit milder Seife.<\/li>\n<li>Vermeiden Sie Weichsp\u00fcler und Bleichmittel, um die Stoffqualit\u00e4t zu erhalten.<\/li>\n<li>Geben Sie bei den ersten 3-4 W\u00e4schen 1 kg Meersalz hinzu, um die Farben zu fixieren, insbesondere bei den &#8218;Alten&#8216; Farbt\u00f6nen.<\/li>\n<li>Die Kleidungsst\u00fccke von Arte Pura sind langlebig und werden mit der Zeit zu immer einzigartigeren St\u00fccken.<\/li>\n<\/ul>\n<p>Bringen Sie ein Element von <strong>Stil, Eleganz und Nachhaltigkeit<\/strong> in Ihr Zuhause mit dem Poema Heavyweight Linen Bath Towel with Lace. Ideal auch als Geschenkidee f\u00fcr alle, die hochwertige Handwerkskunst und anspruchsvolles Design zu sch\u00e4tzen wissen. <\/p>\n","protected":false},"excerpt":{"rendered":"<p>Badetuch aus schwerem Leinen mit raffinierter <strong>Poema-Spitze<\/strong>, ideal, um Ihrem Bad einen Hauch von Eleganz zu verleihen. Hergestellt aus <strong>100% nat\u00fcrlichem Leinen<\/strong>, handgef\u00e4rbt mit mineralischen Pigmenten f\u00fcr einen einzigartigen Vintage-Stil. <\/p>\n<h3><\/h3>\n","protected":false},"featured_media":109577,"template":"","meta":{"_seopress_robots_primary_cat":"none","_seopress_titles_title":"Badetuch aus schwerem Leinen mit Spitze und Stickerei","_seopress_titles_desc":"Badetuch aus feinem Leinen mit Stickerei und Spitze. Hergestellt in Italien. Umweltfreundliche Materialien und Stoffe.","_seopress_robots_index":""},"product_brand":[8562],"product_cat":[6027,3916,3748],"product_tag":[6058,4859,5738,4796,3824,6230,6031,5742],"class_list":{"0":"post-129218","1":"product","2":"type-product","3":"status-publish","4":"has-post-thumbnail","6":"product_brand-arte-pura","7":"product_cat-badetucher","8":"product_cat-badezimmer","9":"product_cat-wohnaccessoires","10":"product_tag-badetucher-de","11":"product_tag-badezimmer","12":"product_tag-eine-naturliche-wahl","13":"product_tag-handtucher","14":"product_tag-linoleum","15":"product_tag-pizzo-poema-de","16":"product_tag-wasche-fur-das-badezimmer","17":"product_tag-wellen","18":"pa_colore-alter-gedanke-441","19":"pa_colore-alter-lehm-048","20":"pa_colore-bonbon-alt-429","21":"pa_colore-butter-alt-047","22":"pa_colore-convivio-438-de","23":"pa_colore-engel-alt-401","24":"pa_colore-ereignis-alt-436","25":"pa_colore-essenza-alt-409","26":"pa_colore-granit-alt-427","27":"pa_colore-hauch-alt-415","28":"pa_colore-kreide-alt-044","29":"pa_colore-lava-alt-037","30":"pa_colore-lebenslauf-alt-433","31":"pa_colore-liebenswerte-alte-437","32":"pa_colore-luxus-alt-432","33":"pa_colore-malta-alt-414","34":"pa_colore-mineralien-alt-410","35":"pa_colore-ostsee-alt-428","36":"pa_colore-pfingstrose-alt-417","37":"pa_colore-puder-alt-043","38":"pa_colore-retro-900-de","39":"pa_colore-roma-alt-435","40":"pa_colore-schwarz-021","41":"pa_colore-see-old-440","42":"pa_colore-stein-alt-425","43":"pa_colore-suser-alter-434","44":"pa_colore-weis-019","45":"pa_tema-wellen","47":"first","48":"instock","49":"shipping-taxable","50":"purchasable","51":"product-type-variable","52":"has-default-attributes"},"jetpack_sharing_enabled":true,"_links":{"self":[{"href":"https:\/\/lighthouselocarno.ch\/de\/wp-json\/wp\/v2\/product\/129218","targetHints":{"allow":["GET"]}}],"collection":[{"href":"https:\/\/lighthouselocarno.ch\/de\/wp-json\/wp\/v2\/product"}],"about":[{"href":"https:\/\/lighthouselocarno.ch\/de\/wp-json\/wp\/v2\/types\/product"}],"wp:featuredmedia":[{"embeddable":true,"href":"https:\/\/lighthouselocarno.ch\/de\/wp-json\/wp\/v2\/media\/109577"}],"wp:attachment":[{"href":"https:\/\/lighthouselocarno.ch\/de\/wp-json\/wp\/v2\/media?parent=129218"}],"wp:term":[{"taxonomy":"product_brand","embeddable":true,"href":"https:\/\/lighthouselocarno.ch\/de\/wp-json\/wp\/v2\/product_brand?post=129218"},{"taxonomy":"product_cat","embeddable":true,"href":"https:\/\/lighthouselocarno.ch\/de\/wp-json\/wp\/v2\/product_cat?post=129218"},{"taxonomy":"product_tag","embeddable":true,"href":"https:\/\/lighthouselocarno.ch\/de\/wp-json\/wp\/v2\/product_tag?post=129218"}],"curies":[{"name":"wp","href":"https:\/\/api.w.org\/{rel}","templated":true}]}}