{"id":129259,"date":"2022-05-07T18:41:36","date_gmt":"2022-05-07T18:41:36","guid":{"rendered":"https:\/\/lighthouselocarno.ch\/prodotti\/mittelgrosse-herzverzierung-mit-kristallen\/"},"modified":"2025-05-23T13:24:08","modified_gmt":"2025-05-23T13:24:08","slug":"herz-dekor-mittel-mit-kristallen","status":"publish","type":"product","link":"https:\/\/lighthouselocarno.ch\/de\/produkt\/herz-dekor-mittel-mit-kristallen\/","title":{"rendered":"Mittelgro\u00dfe Herzverzierung mit Kristallen"},"content":{"rendered":"<p>Produktpflege:<\/p>\n<p>Maschinenwaschbar bei 30-40 Grad mit milder Seife. Keinen Weichsp\u00fcler hinzuf\u00fcgen. Nicht bleichen.<br \/>\nAlle Kleidungsst\u00fccke von Arte Pura sind mit nat\u00fcrlichen Mineralpigmenten handgef\u00e4rbt.<br \/>\nEs ist m\u00f6glich, dass sie bei den ersten W\u00e4schen etwas an Farbe verlieren, was zu einem Vintage-Ton f\u00fchrt, der einzigartig f\u00fcr diese Marke ist.<br \/>\nBeim Waschen von Kleidung mit alten Farben empfehle ich dringend, bei den ersten 3-4 Waschg\u00e4ngen 1 kg Meersalz in die Waschmaschine zu geben, um die Farben gut zu fixieren.<\/p>\n<p>Stoff: 100% Baumwolle und Swarovski-Kristalle.<\/p>\n","protected":false},"excerpt":{"rendered":"<p>Naturwei\u00dfes Herz mit silbernem Segel mit Strasssteinen zum Aufh\u00e4ngen, verziert mit Aurora Borealis farbigen Strasssteinen und Kristallen. R\u00fcckseite mit Piqu\u00e9-Stoff und Logo mit Halbperlen.<\/p>\n<p>Herzdekoration, hergestellt in Italien aus weichem Stoff.<\/p>\n<p>Dekorieren Sie Ihre R\u00e4ume, indem Sie Ihrer Einrichtung einen Hauch von Originalit\u00e4t verleihen.<\/p>\n<p>Langlebigkeit und einfache Wartung sind weitere Pluspunkte Ihrer Wahl.<\/p>\n<p>Bitte lesen Sie den Abschnitt \u201eProduktpflege\u201c f\u00fcr alle Waschanweisungen.<\/p>\n<p>Sie k\u00f6nnen dieses Stoffherz f\u00fcr originelle dekorative Kompositionen oder als Schl\u00fcsselanh\u00e4nger verwenden.<\/p>\n","protected":false},"featured_media":109784,"template":"","meta":{"_seopress_robots_primary_cat":"","_seopress_titles_title":"","_seopress_titles_desc":"","_seopress_robots_index":""},"product_brand":[8562],"product_cat":[6035,7196,3748],"product_tag":[5723,6878,6873,6872],"class_list":{"0":"post-129259","1":"product","2":"type-product","3":"status-publish","4":"has-post-thumbnail","6":"product_brand-arte-pura","7":"product_cat-accessoires-de","8":"product_cat-deko-de","9":"product_cat-wohnaccessoires","10":"product_tag-dekoratives-zubehor","11":"product_tag-herz-de","12":"product_tag-inlove-de","13":"product_tag-kreationen","14":"pa_tema-inlove-de","16":"first","17":"instock","18":"shipping-taxable","19":"purchasable","20":"product-type-simple"},"jetpack_sharing_enabled":true,"_links":{"self":[{"href":"https:\/\/lighthouselocarno.ch\/de\/wp-json\/wp\/v2\/product\/129259","targetHints":{"allow":["GET"]}}],"collection":[{"href":"https:\/\/lighthouselocarno.ch\/de\/wp-json\/wp\/v2\/product"}],"about":[{"href":"https:\/\/lighthouselocarno.ch\/de\/wp-json\/wp\/v2\/types\/product"}],"wp:featuredmedia":[{"embeddable":true,"href":"https:\/\/lighthouselocarno.ch\/de\/wp-json\/wp\/v2\/media\/109784"}],"wp:attachment":[{"href":"https:\/\/lighthouselocarno.ch\/de\/wp-json\/wp\/v2\/media?parent=129259"}],"wp:term":[{"taxonomy":"product_brand","embeddable":true,"href":"https:\/\/lighthouselocarno.ch\/de\/wp-json\/wp\/v2\/product_brand?post=129259"},{"taxonomy":"product_cat","embeddable":true,"href":"https:\/\/lighthouselocarno.ch\/de\/wp-json\/wp\/v2\/product_cat?post=129259"},{"taxonomy":"product_tag","embeddable":true,"href":"https:\/\/lighthouselocarno.ch\/de\/wp-json\/wp\/v2\/product_tag?post=129259"}],"curies":[{"name":"wp","href":"https:\/\/api.w.org\/{rel}","templated":true}]}}