{"id":129294,"date":"2022-05-07T18:42:02","date_gmt":"2022-05-07T18:42:02","guid":{"rendered":"https:\/\/lighthouselocarno.ch\/prodotti\/kuechenhandschuh-mit-halben-perlen-verziert\/"},"modified":"2025-05-23T13:24:08","modified_gmt":"2025-05-23T13:24:08","slug":"kuchenhandschuh-verziert-mit-perlen","status":"publish","type":"product","link":"https:\/\/lighthouselocarno.ch\/de\/produkt\/kuchenhandschuh-verziert-mit-perlen\/","title":{"rendered":"K\u00fcchenhandschuh mit halben Perlen verziert"},"content":{"rendered":"<p>Produktpflege:<\/p>\n<p>Maschinenwaschbar bei 30-40 Grad mit milder Seife. Keinen Weichsp\u00fcler hinzuf\u00fcgen. Nicht bleichen.<br \/>\nAlle Kleidungsst\u00fccke von Arte Pura sind mit nat\u00fcrlichen Mineralpigmenten handgef\u00e4rbt.<br \/>\nEs ist m\u00f6glich, dass sie bei den ersten W\u00e4schen etwas an Farbe verlieren, was zu einem Vintage-Ton f\u00fchrt, der einzigartig f\u00fcr diese Marke ist.<br \/>\nBeim Waschen von Kleidung mit alten Farben empfehle ich dringend, bei den ersten 3-4 Waschg\u00e4ngen 1 kg Meersalz in die Waschmaschine zu geben, um die Farben gut zu fixieren.<\/p>\n<p>Stoff: 100% Leinen und Swarovski-Kristalle<\/p>\n","protected":false},"excerpt":{"rendered":"<p><span data-sheets-value=\"{\"1\":2,\"2\":\"Guanto da cucina color bianco naturale in tessuto piquet con vela sul fondo per poterlo appendere, decorato motivo a cuore con mezze perle. Logo sulla parte posteriore con mezze perle.\"}\" data-sheets-userformat=\"{\"2\":963,\"3\":{\"1\":0},\"4\":{\"1\":2,\"2\":65280},\"9\":1,\"10\":1,\"11\":4,\"12\":0}\">Naturwei\u00dfer K\u00fcchenhandschuh aus Piqu\u00e9-Stoff mit einem Segel am unteren Ende zum Aufh\u00e4ngen, verziert mit einem Herzmotiv mit Halbperlen. Logo auf der R\u00fcckseite mit Halbperlen.<\/span><\/p>\n<p>In Italien hergestellter K\u00fcchenhandschuh mit nat\u00fcrlichen und hypoallergenen Farbstoffen.<\/p>\n<p>Langlebigkeit und einfache Wartung sind weitere Pluspunkte Ihrer Wahl.<\/p>\n<p>Bitte lesen Sie den Abschnitt \u201eProduktpflege\u201c f\u00fcr alle Waschanweisungen.<\/p>\n","protected":false},"featured_media":109850,"template":"","meta":{"_seopress_robots_primary_cat":"","_seopress_titles_title":"","_seopress_titles_desc":"","_seopress_robots_index":""},"product_brand":[8562],"product_cat":[6035,3865,3748],"product_tag":[6886,6873,6885,6884],"class_list":{"0":"post-129294","1":"product","2":"type-product","3":"status-publish","4":"has-post-thumbnail","6":"product_brand-arte-pura","7":"product_cat-accessoires-de","8":"product_cat-kuche","9":"product_cat-wohnaccessoires","10":"product_tag-handschuh","11":"product_tag-inlove-de","12":"product_tag-kuche","13":"product_tag-zubehor-fur-die-kuche","14":"pa_tema-inlove-de","16":"first","17":"instock","18":"shipping-taxable","19":"purchasable","20":"product-type-simple"},"jetpack_sharing_enabled":true,"_links":{"self":[{"href":"https:\/\/lighthouselocarno.ch\/de\/wp-json\/wp\/v2\/product\/129294","targetHints":{"allow":["GET"]}}],"collection":[{"href":"https:\/\/lighthouselocarno.ch\/de\/wp-json\/wp\/v2\/product"}],"about":[{"href":"https:\/\/lighthouselocarno.ch\/de\/wp-json\/wp\/v2\/types\/product"}],"wp:featuredmedia":[{"embeddable":true,"href":"https:\/\/lighthouselocarno.ch\/de\/wp-json\/wp\/v2\/media\/109850"}],"wp:attachment":[{"href":"https:\/\/lighthouselocarno.ch\/de\/wp-json\/wp\/v2\/media?parent=129294"}],"wp:term":[{"taxonomy":"product_brand","embeddable":true,"href":"https:\/\/lighthouselocarno.ch\/de\/wp-json\/wp\/v2\/product_brand?post=129294"},{"taxonomy":"product_cat","embeddable":true,"href":"https:\/\/lighthouselocarno.ch\/de\/wp-json\/wp\/v2\/product_cat?post=129294"},{"taxonomy":"product_tag","embeddable":true,"href":"https:\/\/lighthouselocarno.ch\/de\/wp-json\/wp\/v2\/product_tag?post=129294"}],"curies":[{"name":"wp","href":"https:\/\/api.w.org\/{rel}","templated":true}]}}