{"id":129597,"date":"2022-05-07T18:42:27","date_gmt":"2022-05-07T18:42:27","guid":{"rendered":"https:\/\/lighthouselocarno.ch\/prodotti\/innenseite-fuer-kissen-aus-rollfuellstoff-40x60\/"},"modified":"2025-05-23T13:24:08","modified_gmt":"2025-05-23T13:24:08","slug":"innenkissen-in-rolle-folie-40x60","status":"publish","type":"product","link":"https:\/\/lighthouselocarno.ch\/de\/produkt\/innenkissen-in-rolle-folie-40x60\/","title":{"rendered":"Innenseite f\u00fcr Kissen aus Rollf\u00fcllstoff 40&#215;60"},"content":{"rendered":"<p><span data-sheets-value=\"{\"1\":2,\"2\":\"Imbottitura per cuscino con microsfere di poliestere, Rollo Fill, ecologica e anallergica viene realizzata con materiali tecnici: la sua imbottitura \u00e8 in boules di fibra di poliestere, mentre la fodera di rivestimento \u00e8 in puro cotone. Misura 40x60\"}\" data-sheets-userformat=\"{\"2\":15299,\"3\":{\"1\":0},\"4\":[null,2,16043212],\"9\":1,\"10\":1,\"11\":3,\"12\":0,\"14\":[null,2,0],\"15\":\"Arial\",\"16\":10}\">Die Polsterung f\u00fcr Kissen mit Polyester-Mikrokugeln, Rollo Fill, \u00f6kologisch und hypoallergen, ist aus technischen Materialien hergestellt: Die F\u00fcllung besteht aus Polyesterfaserb\u00e4llchen, der Bezug aus reiner Baumwolle. Gr\u00f6\u00dfe 40&#215;60<\/span><\/p>\n","protected":false},"excerpt":{"rendered":"<p><span data-sheets-value=\"{\"1\":2,\"2\":\"Imbottitura per cuscino con microsfere di poliestere, Rollo Fill, ecologica e anallergica viene realizzata con materiali tecnici: la sua imbottitura \u00e8 in boules di fibra di poliestere, mentre la fodera di rivestimento \u00e8 in puro cotone. Misura 40x60\"}\" data-sheets-userformat=\"{\"2\":15299,\"3\":{\"1\":0},\"4\":[null,2,16043212],\"9\":1,\"10\":1,\"11\":3,\"12\":0,\"14\":[null,2,0],\"15\":\"Arial\",\"16\":10}\">Die Polsterung f\u00fcr Kissen mit Polyester-Mikrokugeln, Rollo Fill, \u00f6kologisch und hypoallergen, ist aus technischen Materialien hergestellt: Die F\u00fcllung besteht aus Polyesterfaserb\u00e4llchen, der Bezug aus reiner Baumwolle. Gr\u00f6\u00dfe 40&#215;60<\/span><\/p>\n","protected":false},"featured_media":109940,"template":"","meta":{"_seopress_robots_primary_cat":"","_seopress_titles_title":"","_seopress_titles_desc":"","_seopress_robots_index":""},"product_brand":[8562],"product_cat":[5957,6893,3748],"product_tag":[6895,5706,5712,5851],"class_list":{"0":"post-129597","1":"product","2":"type-product","3":"status-publish","4":"has-post-thumbnail","6":"product_brand-arte-pura","7":"product_cat-bettwaesche","8":"product_cat-fullkissen","9":"product_cat-wohnaccessoires","10":"product_tag-innenpolsterung","11":"product_tag-schlafzimmer","12":"product_tag-wohnbereich","13":"product_tag-zubehor","15":"first","16":"instock","17":"shipping-taxable","18":"purchasable","19":"product-type-simple"},"jetpack_sharing_enabled":true,"_links":{"self":[{"href":"https:\/\/lighthouselocarno.ch\/de\/wp-json\/wp\/v2\/product\/129597","targetHints":{"allow":["GET"]}}],"collection":[{"href":"https:\/\/lighthouselocarno.ch\/de\/wp-json\/wp\/v2\/product"}],"about":[{"href":"https:\/\/lighthouselocarno.ch\/de\/wp-json\/wp\/v2\/types\/product"}],"wp:featuredmedia":[{"embeddable":true,"href":"https:\/\/lighthouselocarno.ch\/de\/wp-json\/wp\/v2\/media\/109940"}],"wp:attachment":[{"href":"https:\/\/lighthouselocarno.ch\/de\/wp-json\/wp\/v2\/media?parent=129597"}],"wp:term":[{"taxonomy":"product_brand","embeddable":true,"href":"https:\/\/lighthouselocarno.ch\/de\/wp-json\/wp\/v2\/product_brand?post=129597"},{"taxonomy":"product_cat","embeddable":true,"href":"https:\/\/lighthouselocarno.ch\/de\/wp-json\/wp\/v2\/product_cat?post=129597"},{"taxonomy":"product_tag","embeddable":true,"href":"https:\/\/lighthouselocarno.ch\/de\/wp-json\/wp\/v2\/product_tag?post=129597"}],"curies":[{"name":"wp","href":"https:\/\/api.w.org\/{rel}","templated":true}]}}