{"id":129598,"date":"2022-05-07T18:52:20","date_gmt":"2022-05-07T18:52:20","guid":{"rendered":"https:\/\/lighthouselocarno.ch\/prodotti\/kleine-wuerfelkerze-mit-gehaekelter-spitze\/"},"modified":"2025-05-23T13:21:29","modified_gmt":"2025-05-23T13:21:29","slug":"kerze-kleiner-wurfel-mit-lace-uncinet","status":"publish","type":"product","link":"https:\/\/lighthouselocarno.ch\/de\/produkt\/kerze-kleiner-wurfel-mit-lace-uncinet\/","title":{"rendered":"Kleine W\u00fcrfelkerze mit geh\u00e4kelter Spitze"},"content":{"rendered":"","protected":false},"excerpt":{"rendered":"<p>Kleine W\u00fcrfelkerze mit Leinen-Essenz-Duft, verziert mit H\u00e4kelspitze.<\/p>\n","protected":false},"featured_media":110180,"template":"","meta":{"_seopress_robots_primary_cat":"","_seopress_titles_title":"","_seopress_titles_desc":"","_seopress_robots_index":""},"product_brand":[8562],"product_cat":[7127,4244,4203,7317,3748],"product_tag":[4859,5723,6201,5727,5729,5706,5700,5712],"class_list":{"0":"post-129598","1":"product","2":"type-product","3":"status-publish","4":"has-post-thumbnail","6":"product_brand-arte-pura","7":"product_cat-kerzen-de","8":"product_cat-kerzen","9":"product_cat-kerzen-und-parfums","10":"product_cat-parfum-und-seifen","11":"product_cat-wohnaccessoires","12":"product_tag-badezimmer","13":"product_tag-dekoratives-zubehor","14":"product_tag-gehakelte-spitze","15":"product_tag-kerzen","16":"product_tag-kerzen-de","17":"product_tag-schlafzimmer","18":"product_tag-tabelle-de-2","19":"product_tag-wohnbereich","20":"pa_colore-see-old-440","21":"pa_colore-weis-019","23":"first","24":"instock","25":"shipping-taxable","26":"purchasable","27":"product-type-variable","28":"has-default-attributes"},"jetpack_sharing_enabled":true,"_links":{"self":[{"href":"https:\/\/lighthouselocarno.ch\/de\/wp-json\/wp\/v2\/product\/129598","targetHints":{"allow":["GET"]}}],"collection":[{"href":"https:\/\/lighthouselocarno.ch\/de\/wp-json\/wp\/v2\/product"}],"about":[{"href":"https:\/\/lighthouselocarno.ch\/de\/wp-json\/wp\/v2\/types\/product"}],"wp:featuredmedia":[{"embeddable":true,"href":"https:\/\/lighthouselocarno.ch\/de\/wp-json\/wp\/v2\/media\/110180"}],"wp:attachment":[{"href":"https:\/\/lighthouselocarno.ch\/de\/wp-json\/wp\/v2\/media?parent=129598"}],"wp:term":[{"taxonomy":"product_brand","embeddable":true,"href":"https:\/\/lighthouselocarno.ch\/de\/wp-json\/wp\/v2\/product_brand?post=129598"},{"taxonomy":"product_cat","embeddable":true,"href":"https:\/\/lighthouselocarno.ch\/de\/wp-json\/wp\/v2\/product_cat?post=129598"},{"taxonomy":"product_tag","embeddable":true,"href":"https:\/\/lighthouselocarno.ch\/de\/wp-json\/wp\/v2\/product_tag?post=129598"}],"curies":[{"name":"wp","href":"https:\/\/api.w.org\/{rel}","templated":true}]}}