{"id":129608,"date":"2022-05-07T18:53:18","date_gmt":"2022-05-07T18:53:18","guid":{"rendered":"https:\/\/lighthouselocarno.ch\/prodotti\/innenkissen-mit-fuellung-15x80\/"},"modified":"2025-05-23T13:21:29","modified_gmt":"2025-05-23T13:21:29","slug":"innenkissen-in-rolle-fullung-15x80","status":"publish","type":"product","link":"https:\/\/lighthouselocarno.ch\/de\/produkt\/innenkissen-in-rolle-fullung-15x80\/","title":{"rendered":"Innenkissen mit F\u00fcllung 15&#215;80"},"content":{"rendered":"<p><span>Die Polsterung f\u00fcr Kissen mit Polyester-Mikrokugeln, Rollo Fill, \u00f6kologisch und hypoallergen, ist aus technischen Materialien hergestellt: Die F\u00fcllung besteht aus Polyesterfaserb\u00e4llchen, der Bezug aus reiner Baumwolle. Gr\u00f6\u00dfe 15X80<\/span><\/p>\n","protected":false},"excerpt":{"rendered":"<p>Die Polsterung f\u00fcr Kissen mit Polyester-Mikrokugeln, Rollo Fill, \u00f6kologisch und hypoallergen, ist aus technischen Materialien hergestellt: Die F\u00fcllung besteht aus Polyesterfaserb\u00e4llchen, der Bezug aus reiner Baumwolle. Gr\u00f6\u00dfe 15X80<\/p>\n","protected":false},"featured_media":110243,"template":"","meta":{"_seopress_robots_primary_cat":"","_seopress_titles_title":"","_seopress_titles_desc":"","_seopress_robots_index":""},"product_brand":[8562],"product_cat":[5957,6893,3748],"product_tag":[6895,5706,5712,5851],"class_list":{"0":"post-129608","1":"product","2":"type-product","3":"status-publish","4":"has-post-thumbnail","6":"product_brand-arte-pura","7":"product_cat-bettwaesche","8":"product_cat-fullkissen","9":"product_cat-wohnaccessoires","10":"product_tag-innenpolsterung","11":"product_tag-schlafzimmer","12":"product_tag-wohnbereich","13":"product_tag-zubehor","15":"first","16":"instock","17":"shipping-taxable","18":"purchasable","19":"product-type-simple"},"jetpack_sharing_enabled":true,"_links":{"self":[{"href":"https:\/\/lighthouselocarno.ch\/de\/wp-json\/wp\/v2\/product\/129608","targetHints":{"allow":["GET"]}}],"collection":[{"href":"https:\/\/lighthouselocarno.ch\/de\/wp-json\/wp\/v2\/product"}],"about":[{"href":"https:\/\/lighthouselocarno.ch\/de\/wp-json\/wp\/v2\/types\/product"}],"wp:featuredmedia":[{"embeddable":true,"href":"https:\/\/lighthouselocarno.ch\/de\/wp-json\/wp\/v2\/media\/110243"}],"wp:attachment":[{"href":"https:\/\/lighthouselocarno.ch\/de\/wp-json\/wp\/v2\/media?parent=129608"}],"wp:term":[{"taxonomy":"product_brand","embeddable":true,"href":"https:\/\/lighthouselocarno.ch\/de\/wp-json\/wp\/v2\/product_brand?post=129608"},{"taxonomy":"product_cat","embeddable":true,"href":"https:\/\/lighthouselocarno.ch\/de\/wp-json\/wp\/v2\/product_cat?post=129608"},{"taxonomy":"product_tag","embeddable":true,"href":"https:\/\/lighthouselocarno.ch\/de\/wp-json\/wp\/v2\/product_tag?post=129608"}],"curies":[{"name":"wp","href":"https:\/\/api.w.org\/{rel}","templated":true}]}}