{"id":129797,"date":"2022-05-07T18:42:48","date_gmt":"2022-05-07T18:42:48","guid":{"rendered":"https:\/\/lighthouselocarno.ch\/prodotti\/micromaize-kissenfutter\/"},"modified":"2025-05-23T13:21:29","modified_gmt":"2025-05-23T13:21:29","slug":"innen-fur-kissen-im-mikromais","status":"publish","type":"product","link":"https:\/\/lighthouselocarno.ch\/de\/produkt\/innen-fur-kissen-im-mikromais\/","title":{"rendered":"Micromaize-Kissenfutter"},"content":{"rendered":"<p><span>Kissen mit 100% nat\u00fcrlicher Maisfaserf\u00fcllung und Baumwollfutter. Maisfasern haben hervorragende w\u00e4rmeisolierende Eigenschaften, sind hoch atmungsaktiv und zudem hypoallergen. Gr\u00f6\u00dfe 50&#215;80<\/span><\/p>\n","protected":false},"excerpt":{"rendered":"<p><span>Kissen mit 100% nat\u00fcrlicher Maisfaserf\u00fcllung und Baumwollfutter. Maisfasern haben hervorragende w\u00e4rmeisolierende Eigenschaften, sind hoch atmungsaktiv und zudem hypoallergen. Gr\u00f6\u00dfe 50&#215;80<\/span><\/p>\n","protected":false},"featured_media":109955,"template":"","meta":{"_seopress_robots_primary_cat":"","_seopress_titles_title":"","_seopress_titles_desc":"","_seopress_robots_index":""},"product_brand":[8562],"product_cat":[5957,6893,3748],"product_tag":[6895,5706,5712,5851],"class_list":{"0":"post-129797","1":"product","2":"type-product","3":"status-publish","4":"has-post-thumbnail","6":"product_brand-arte-pura","7":"product_cat-bettwaesche","8":"product_cat-fullkissen","9":"product_cat-wohnaccessoires","10":"product_tag-innenpolsterung","11":"product_tag-schlafzimmer","12":"product_tag-wohnbereich","13":"product_tag-zubehor","15":"first","16":"instock","17":"shipping-taxable","18":"purchasable","19":"product-type-simple"},"jetpack_sharing_enabled":true,"_links":{"self":[{"href":"https:\/\/lighthouselocarno.ch\/de\/wp-json\/wp\/v2\/product\/129797","targetHints":{"allow":["GET"]}}],"collection":[{"href":"https:\/\/lighthouselocarno.ch\/de\/wp-json\/wp\/v2\/product"}],"about":[{"href":"https:\/\/lighthouselocarno.ch\/de\/wp-json\/wp\/v2\/types\/product"}],"wp:featuredmedia":[{"embeddable":true,"href":"https:\/\/lighthouselocarno.ch\/de\/wp-json\/wp\/v2\/media\/109955"}],"wp:attachment":[{"href":"https:\/\/lighthouselocarno.ch\/de\/wp-json\/wp\/v2\/media?parent=129797"}],"wp:term":[{"taxonomy":"product_brand","embeddable":true,"href":"https:\/\/lighthouselocarno.ch\/de\/wp-json\/wp\/v2\/product_brand?post=129797"},{"taxonomy":"product_cat","embeddable":true,"href":"https:\/\/lighthouselocarno.ch\/de\/wp-json\/wp\/v2\/product_cat?post=129797"},{"taxonomy":"product_tag","embeddable":true,"href":"https:\/\/lighthouselocarno.ch\/de\/wp-json\/wp\/v2\/product_tag?post=129797"}],"curies":[{"name":"wp","href":"https:\/\/api.w.org\/{rel}","templated":true}]}}