{"id":129839,"date":"2022-05-07T18:59:31","date_gmt":"2022-05-07T18:59:31","guid":{"rendered":"https:\/\/lighthouselocarno.ch\/prodotti\/schwammslipper-mit-synergiespitze\/"},"modified":"2025-05-23T13:19:04","modified_gmt":"2025-05-23T13:19:04","slug":"hausschuhe-im-schwamm-mit-ketten-synergie","status":"publish","type":"product","link":"https:\/\/lighthouselocarno.ch\/de\/produkt\/hausschuhe-im-schwamm-mit-ketten-synergie\/","title":{"rendered":"Schwammslipper mit Synergiespitze"},"content":{"rendered":"<p>Die <strong>Frotteeslipper<\/strong> mit Spitze sind die <strong>ideale Erg\u00e4nzung f\u00fcr jedes Badezimmer<\/strong>. Aus <strong>weichem Frottee<\/strong> gefertigt und mit eleganter Spitze verziert, sind diese Hausschuhe perfekt, um Sie nach dem Duschen oder Baden warm und trocken zu halten. Die in verschiedenen Farben erh\u00e4ltlichen Frotteeslipper mit Spitze sind ein <strong>perfektes Geschenk f\u00fcr jeden Anlass<\/strong>.<\/p>\n<p><strong><em>Produktpflege:<\/em><\/strong><\/p>\n<p>Maschinenwaschbar bei 30-40 Grad mit milder Seife. Keinen Weichsp\u00fcler hinzuf\u00fcgen. <\/p>\n<p>Bleichen Sie nicht. Alle Kleidungsst\u00fccke von Arte Pura sind mit nat\u00fcrlichen Mineralpigmenten handgef\u00e4rbt. Es ist m\u00f6glich, dass sie bei den ersten W\u00e4schen etwas Farbe verlieren, wodurch sie einen Vintage-Ton erhalten, der einzigartig f\u00fcr diese Marke ist. Wenn Sie Kleidungsst\u00fccke mit alten Farben waschen, empfehle ich dringend, bei den ersten 3-4 W\u00e4schen 1 kg Meersalz in die Waschmaschine zu geben, damit die Farben gut fixiert werden.<\/p>\n<p>Stoff:100 % Baumwolle.<\/p>\n","protected":false},"excerpt":{"rendered":"<p><span data-sheets-value=\"{\"1\":2,\"2\":\"CIABATTA DI SPUGNA UOMO\/DONNA CON PIZZO SINERGIA\"}\" data-sheets-userformat=\"{\"2\":14529,\"3\":{\"1\":1},\"9\":0,\"10\":1,\"14\":{\"1\":2,\"2\":0},\"15\":\"Arial\",\"16\":12}\"><strong>Hausschuhe aus Frottee mit<\/strong> \u201eSynergy\u201c<strong>-Spitze f\u00fcr Herren\/Damen<\/strong>.  <\/span><\/p>\n<p>Eine Gr\u00f6\u00dfe f\u00fcr alle.<\/p>\n<p>Dieses Produkt wird aus nat\u00fcrlichen Materialien hergestellt, Farbnuancen und Abweichungen im Aussehen von Kleidungsst\u00fcck zu Kleidungsst\u00fcck, auch im Laufe der Zeit, zeichnen es aus. Separat waschen mit milder Seife und Wasser bei max. 40\u00b0 C, nicht bleichen und nicht einweichen. Quetschen Sie das Kleidungsst\u00fcck nicht mit der Hand. Zur besseren Pflege des Produkts empfehlen wir, es bei niedrigen Temperaturen zu b\u00fcgeln, um die Sch\u00f6nheit der Naturfaser nicht zu gl\u00e4tten, und es nicht dem direkten Sonnenlicht auszusetzen, um die Farbechtheit zu erhalten.<\/p>\n","protected":false},"featured_media":110618,"template":"","meta":{"_seopress_robots_primary_cat":"none","_seopress_titles_title":"Schwamm-Pantoffeln mit \"Sinergia\"-Spitze","_seopress_titles_desc":"Die Frotteeslipper mit Spitze sind die ideale Erg\u00e4nzung f\u00fcr jedes Badezimmer. Die aus weichem Frottee gefertigten und mit eleganter Spitze verzierten Hausschuhe halten Sie nach dem Duschen oder Baden sch\u00f6n warm und trocken. Die in verschiedenen Farben erh\u00e4ltlichen Frotteeslipper mit Spitze sind ein perfektes Geschenk f\u00fcr jeden Anlass.","_seopress_robots_index":""},"product_brand":[8562],"product_cat":[3916,7291,3748],"product_tag":[6236,4859,4407,5694],"class_list":{"0":"post-129839","1":"product","2":"type-product","3":"status-publish","4":"has-post-thumbnail","6":"product_brand-arte-pura","7":"product_cat-badezimmer","8":"product_cat-frotteslipper","9":"product_cat-wohnaccessoires","10":"product_tag-bad-accessoires-de","11":"product_tag-badezimmer","12":"product_tag-flip-flops","13":"product_tag-reines","14":"pa_colore-mineralien-alt-410","15":"pa_tema-reines","17":"first","18":"instock","19":"shipping-taxable","20":"purchasable","21":"product-type-variable","22":"has-default-attributes"},"jetpack_sharing_enabled":true,"_links":{"self":[{"href":"https:\/\/lighthouselocarno.ch\/de\/wp-json\/wp\/v2\/product\/129839","targetHints":{"allow":["GET"]}}],"collection":[{"href":"https:\/\/lighthouselocarno.ch\/de\/wp-json\/wp\/v2\/product"}],"about":[{"href":"https:\/\/lighthouselocarno.ch\/de\/wp-json\/wp\/v2\/types\/product"}],"wp:featuredmedia":[{"embeddable":true,"href":"https:\/\/lighthouselocarno.ch\/de\/wp-json\/wp\/v2\/media\/110618"}],"wp:attachment":[{"href":"https:\/\/lighthouselocarno.ch\/de\/wp-json\/wp\/v2\/media?parent=129839"}],"wp:term":[{"taxonomy":"product_brand","embeddable":true,"href":"https:\/\/lighthouselocarno.ch\/de\/wp-json\/wp\/v2\/product_brand?post=129839"},{"taxonomy":"product_cat","embeddable":true,"href":"https:\/\/lighthouselocarno.ch\/de\/wp-json\/wp\/v2\/product_cat?post=129839"},{"taxonomy":"product_tag","embeddable":true,"href":"https:\/\/lighthouselocarno.ch\/de\/wp-json\/wp\/v2\/product_tag?post=129839"}],"curies":[{"name":"wp","href":"https:\/\/api.w.org\/{rel}","templated":true}]}}