{"id":129883,"date":"2023-05-16T10:24:08","date_gmt":"2023-05-16T10:24:08","guid":{"rendered":"https:\/\/lighthouselocarno.ch\/prodotti\/gruenes-langes-formelles-kleid-mit-blumenmuster\/"},"modified":"2024-12-28T16:42:14","modified_gmt":"2024-12-28T16:42:14","slug":"hochzeitskleid-lang-grun-blumig-gemustert","status":"publish","type":"product","link":"https:\/\/lighthouselocarno.ch\/de\/produkt\/hochzeitskleid-lang-grun-blumig-gemustert\/","title":{"rendered":"Gr\u00fcnes langes formelles Kleid mit Blumenmuster"},"content":{"rendered":"<p><em><strong>Michelas Modetipps: Welche Farbe sollte man f\u00fcr sein Outfit bei einer Hochzeit oder Zeremonie w\u00e4hlen?  <\/strong><\/em><\/p>\n<p>Die aktuellen <strong>Modetrends<\/strong> sprechen f\u00fcr sich: <strong>Das gr\u00fcne Gesellschaftskleid ist der Star der Fr\u00fchjahr-Sommer-Saison! <\/strong>Die gr\u00fcne Farbe findet sich in wundersch\u00f6nen Kleidern und Looks wieder, die auf den Laufstegen und den wichtigsten roten Teppichen zu sehen sind, sowie in den elegantesten Outfits f\u00fcr die Teilnahme an gro\u00dfen Veranstaltungen. Dieses <strong>lange formelle Kleid<\/strong> verleiht Ihnen einen <strong>superschicken<\/strong> und \u00e4therischen <strong>Look<\/strong>!<\/p>\n","protected":false},"excerpt":{"rendered":"<p>Leichtes, frisches und elegantes<strong> \u00e4rmelloses, langes Sommerkleid<\/strong> mit <strong>Blumenmuster<\/strong> auf <strong>gr\u00fcnem<\/strong> Grund, gef\u00fcttert. Die<strong>lockere Passform<\/strong> macht dieses Kleid f\u00fcr alle Frauen geeignet.<\/p>\n<p>Stoff: 100 % Viskose.<\/p>\n<p>&nbsp;<\/p>\n","protected":false},"featured_media":113909,"template":"","meta":{"_seopress_robots_primary_cat":"none","_seopress_titles_title":"","_seopress_titles_desc":"Das gr\u00fcne Gesellschaftskleid ist der Star der Fr\u00fchjahr-Sommer-Saison! Leichtes, frisches und elegantes \u00e4rmelloses, langes Sommerkleid mit Blumenmuster auf gr\u00fcnem Grund, gef\u00fcttert. Die lockere Passform macht dieses Kleid f\u00fcr alle Frauen geeignet.  ","_seopress_robots_index":""},"product_brand":[],"product_cat":[3799,3795,3789,3891],"product_tag":[5781,6957,6958,4308,6956],"class_list":{"0":"post-129883","1":"product","2":"type-product","3":"status-publish","4":"has-post-thumbnail","6":"product_cat-damenmode","7":"product_cat-kleider","8":"product_cat-kleidung","9":"product_cat-vertrieb","10":"product_tag-festtagskleid","11":"product_tag-langes-abendkleid","12":"product_tag-langes-formelles-kleid-de","13":"product_tag-langes-kleid","14":"product_tag-zeremonie-kleid","15":"pa_taglia-m-de","16":"pa_taglia-s-de","17":"pa_taglia-xs-de","19":"first","20":"instock","21":"sale","22":"shipping-taxable","23":"purchasable","24":"product-type-variable"},"jetpack_sharing_enabled":true,"_links":{"self":[{"href":"https:\/\/lighthouselocarno.ch\/de\/wp-json\/wp\/v2\/product\/129883","targetHints":{"allow":["GET"]}}],"collection":[{"href":"https:\/\/lighthouselocarno.ch\/de\/wp-json\/wp\/v2\/product"}],"about":[{"href":"https:\/\/lighthouselocarno.ch\/de\/wp-json\/wp\/v2\/types\/product"}],"wp:featuredmedia":[{"embeddable":true,"href":"https:\/\/lighthouselocarno.ch\/de\/wp-json\/wp\/v2\/media\/113909"}],"wp:attachment":[{"href":"https:\/\/lighthouselocarno.ch\/de\/wp-json\/wp\/v2\/media?parent=129883"}],"wp:term":[{"taxonomy":"product_brand","embeddable":true,"href":"https:\/\/lighthouselocarno.ch\/de\/wp-json\/wp\/v2\/product_brand?post=129883"},{"taxonomy":"product_cat","embeddable":true,"href":"https:\/\/lighthouselocarno.ch\/de\/wp-json\/wp\/v2\/product_cat?post=129883"},{"taxonomy":"product_tag","embeddable":true,"href":"https:\/\/lighthouselocarno.ch\/de\/wp-json\/wp\/v2\/product_tag?post=129883"}],"curies":[{"name":"wp","href":"https:\/\/api.w.org\/{rel}","templated":true}]}}