{"id":129931,"date":"2022-05-07T19:01:54","date_gmt":"2022-05-07T19:01:54","guid":{"rendered":"https:\/\/lighthouselocarno.ch\/prodotti\/schachtel-mit-6-schlichten-mit-kristallen-besetzten-serviettenbaendern\/"},"modified":"2025-05-23T13:15:28","modified_gmt":"2025-05-23T13:15:28","slug":"schatulle-6-gebundene-servietten-einfache-vorlage-aus-kristallen","status":"publish","type":"product","link":"https:\/\/lighthouselocarno.ch\/de\/produkt\/schatulle-6-gebundene-servietten-einfache-vorlage-aus-kristallen\/","title":{"rendered":"Schachtel mit 6 schlichten, mit Kristallen besetzten Serviettenb\u00e4ndern"},"content":{"rendered":"<p>Produktpflege:<\/p>\n<p>Maschinenwaschbar bei 30-40 Grad mit milder Seife. Keinen Weichsp\u00fcler hinzuf\u00fcgen. Nicht bleichen.<br \/>\nAlle Kleidungsst\u00fccke von Arte Pura sind mit nat\u00fcrlichen Mineralpigmenten handgef\u00e4rbt.<br \/>\nEs ist m\u00f6glich, dass sie bei den ersten W\u00e4schen etwas an Farbe verlieren, was zu einem Vintage-Ton f\u00fchrt, der einzigartig f\u00fcr diese Marke ist.<br \/>\nBeim Waschen von Kleidung mit alten Farben empfehle ich dringend, bei den ersten 3-4 Waschg\u00e4ngen 1 kg Meersalz in die Waschmaschine zu geben, um die Farben gut zu fixieren.<\/p>\n<p>Stoff: 100% Leinen und Swarovski-Kristalle.<\/p>\n","protected":false},"excerpt":{"rendered":"<p>Schachtel mit 6 schlichten, mit Kristallen besetzten Serviettenb\u00e4ndern.<\/p>\n<p>Serviettenbinder, hergestellt in Italien aus 100% hochwertigem Leinen und weich im Griff durch spezielle Behandlungen, die das nat\u00fcrliche Aussehen verbessern.<\/p>\n<p>Dieser Stoff ist ideal f\u00fcr den Tisch, da er hypoallergen und antibakteriell ist. Au\u00dferdem werden nat\u00fcrliche und hypoallergene Farbstoffe verwendet, die der Naturfaser Glanz und Schwung verleihen.<\/p>\n<p>Langlebigkeit und einfache Wartung sind weitere Pluspunkte Ihrer Wahl.<\/p>\n<p>Ideal zur Versch\u00f6nerung Ihres \u201emise en place\u201c: passen Sie Servietten und Tischt\u00fccher zusammen, um jedes Mal originelle Kombinationen zu schaffen.<\/p>\n<p>Bitte lesen Sie den Abschnitt \u201eProduktpflege\u201c f\u00fcr alle Waschanweisungen.<\/p>\n","protected":false},"featured_media":110795,"template":"","meta":{"_seopress_robots_primary_cat":"","_seopress_titles_title":"","_seopress_titles_desc":"","_seopress_robots_index":""},"product_brand":[8562],"product_cat":[5718,3755,3748],"product_tag":[6414,6021,4924,6189,5700,3870],"class_list":{"0":"post-129931","1":"product","2":"type-product","3":"status-publish","4":"has-post-thumbnail","6":"product_brand-arte-pura","7":"product_cat-servietten-und-ringe","8":"product_cat-tisch-zu-behoer","9":"product_cat-wohnaccessoires","10":"product_tag-kristalle","11":"product_tag-luxus","12":"product_tag-servietten","13":"product_tag-serviettenkrawatten","14":"product_tag-tabelle-de-2","15":"product_tag-tischset","16":"pa_colore-schwarz-021","17":"pa_tema-luxus","19":"first","20":"instock","21":"shipping-taxable","22":"purchasable","23":"product-type-variable","24":"has-default-attributes"},"jetpack_sharing_enabled":true,"_links":{"self":[{"href":"https:\/\/lighthouselocarno.ch\/de\/wp-json\/wp\/v2\/product\/129931","targetHints":{"allow":["GET"]}}],"collection":[{"href":"https:\/\/lighthouselocarno.ch\/de\/wp-json\/wp\/v2\/product"}],"about":[{"href":"https:\/\/lighthouselocarno.ch\/de\/wp-json\/wp\/v2\/types\/product"}],"wp:featuredmedia":[{"embeddable":true,"href":"https:\/\/lighthouselocarno.ch\/de\/wp-json\/wp\/v2\/media\/110795"}],"wp:attachment":[{"href":"https:\/\/lighthouselocarno.ch\/de\/wp-json\/wp\/v2\/media?parent=129931"}],"wp:term":[{"taxonomy":"product_brand","embeddable":true,"href":"https:\/\/lighthouselocarno.ch\/de\/wp-json\/wp\/v2\/product_brand?post=129931"},{"taxonomy":"product_cat","embeddable":true,"href":"https:\/\/lighthouselocarno.ch\/de\/wp-json\/wp\/v2\/product_cat?post=129931"},{"taxonomy":"product_tag","embeddable":true,"href":"https:\/\/lighthouselocarno.ch\/de\/wp-json\/wp\/v2\/product_tag?post=129931"}],"curies":[{"name":"wp","href":"https:\/\/api.w.org\/{rel}","templated":true}]}}