{"id":130085,"date":"2023-04-14T10:02:35","date_gmt":"2023-04-14T10:02:35","guid":{"rendered":"https:\/\/lighthouselocarno.ch\/prodotti\/eleganter-pullover-mit-leichtem-bootsausschnitt-und-dreiviertel-aermeln\/"},"modified":"2023-04-14T10:02:35","modified_gmt":"2023-04-14T10:02:35","slug":"dressy-jersey-mit-leichtem-ausschnitt-und-dreiviertel-armeln","status":"publish","type":"product","link":"https:\/\/lighthouselocarno.ch\/de\/produkt\/dressy-jersey-mit-leichtem-ausschnitt-und-dreiviertel-armeln\/","title":{"rendered":"Eleganter Pullover mit leichtem Bootsausschnitt und Dreiviertel-\u00c4rmeln"},"content":{"rendered":"<p><em><strong>Michela&#8217;s Modetipps: Schicke und l\u00e4ssige Outfits mit dem Fr\u00fchlings-Bootspullover  <\/strong><\/em><\/p>\n<p>Sie wollen einen <strong>l\u00e4ssigen<\/strong> und doch <strong>superschicken<\/strong> <strong>Look<\/strong>? Kombinieren Sie diesen <strong>sch\u00f6nen und eleganten Pullover<\/strong> mit leichtem <strong>Bootsausschnitt<\/strong> mit einem Paar<a href=\"https:\/\/lighthouselocarno.ch\/prodotti\/pantalone-sigaretta-taglio-capri-con-cintura\/\"> <strong>ton sur ton Zigarettenhose<\/strong><\/a> und einem Paar <a href=\"https:\/\/lighthouselocarno.ch\/prodotti\/sandalo-dolce-vita-bi-color\/\"><strong>niedriger, \u00fcberkreuzter Sandalen<\/strong>, ebenfalls<\/a> in <a href=\"https:\/\/lighthouselocarno.ch\/prodotti\/sandalo-dolce-vita-bi-color\/\"> <strong>zwei Farben<\/strong><\/a>.<\/p>\n<p>&nbsp;<\/p>\n<p>&nbsp;<\/p>\n","protected":false},"excerpt":{"rendered":"<p><strong>Eleganter Pullover mit leichtem Bootsausschnitt und dreiviertellangen \u00c4rmeln<\/strong>. Zweifarbiger Milk-Tobacco mit einem eleganten Streifen aus zartem goldenem Lurexgarn in der Mitte f\u00fcr einen <strong>l\u00e4ssigen Stil<\/strong>.<\/p>\n<p>Garn 50%VI, 50%PC.<\/p>\n","protected":false},"featured_media":113963,"template":"","meta":{"_seopress_robots_primary_cat":"none","_seopress_titles_title":"","_seopress_titles_desc":"Eleganter Pullover mit leichtem Bootsausschnitt und dreiviertellangen \u00c4rmeln. Zweifarbiger Milk-Tobacco mit einem eleganten Streifen aus zartem goldenem Lurexgarn in der Mitte f\u00fcr einen l\u00e4ssigen Stil.  ","_seopress_robots_index":""},"product_brand":[],"product_cat":[3799,3789,5693,5093],"product_tag":[5644,5646,5018,6969],"class_list":{"0":"post-130085","1":"product","2":"type-product","3":"status-publish","4":"has-post-thumbnail","6":"product_cat-damenmode","7":"product_cat-kleidung","8":"product_cat-nachrichten","9":"product_cat-strickwaren","10":"product_tag-chemise-femme-de","11":"product_tag-damenhemd-de","12":"product_tag-jersey-de","13":"product_tag-pullover-de-2","14":"pa_taglia-l-de","15":"pa_taglia-m-de","16":"pa_taglia-s-de","18":"first","19":"onbackorder","20":"shipping-taxable","21":"purchasable","22":"product-type-variable","23":"has-default-attributes"},"jetpack_sharing_enabled":true,"_links":{"self":[{"href":"https:\/\/lighthouselocarno.ch\/de\/wp-json\/wp\/v2\/product\/130085","targetHints":{"allow":["GET"]}}],"collection":[{"href":"https:\/\/lighthouselocarno.ch\/de\/wp-json\/wp\/v2\/product"}],"about":[{"href":"https:\/\/lighthouselocarno.ch\/de\/wp-json\/wp\/v2\/types\/product"}],"wp:featuredmedia":[{"embeddable":true,"href":"https:\/\/lighthouselocarno.ch\/de\/wp-json\/wp\/v2\/media\/113963"}],"wp:attachment":[{"href":"https:\/\/lighthouselocarno.ch\/de\/wp-json\/wp\/v2\/media?parent=130085"}],"wp:term":[{"taxonomy":"product_brand","embeddable":true,"href":"https:\/\/lighthouselocarno.ch\/de\/wp-json\/wp\/v2\/product_brand?post=130085"},{"taxonomy":"product_cat","embeddable":true,"href":"https:\/\/lighthouselocarno.ch\/de\/wp-json\/wp\/v2\/product_cat?post=130085"},{"taxonomy":"product_tag","embeddable":true,"href":"https:\/\/lighthouselocarno.ch\/de\/wp-json\/wp\/v2\/product_tag?post=130085"}],"curies":[{"name":"wp","href":"https:\/\/api.w.org\/{rel}","templated":true}]}}