{"id":130132,"date":"2023-05-16T15:41:21","date_gmt":"2023-05-16T15:41:21","guid":{"rendered":"https:\/\/lighthouselocarno.ch\/prodotti\/blauer-pullover-mit-3-4-aermeln-und-bootsausschnitt\/"},"modified":"2023-06-30T04:40:58","modified_gmt":"2023-06-30T04:40:58","slug":"hemd-blau-mit-3-4-armeln-und-fass-ausschnitt","status":"publish","type":"product","link":"https:\/\/lighthouselocarno.ch\/de\/produkt\/hemd-blau-mit-3-4-armeln-und-fass-ausschnitt\/","title":{"rendered":"Marineblauer Pullover mit 3\/4-\u00c4rmeln und Bootsausschnitt"},"content":{"rendered":"<p><em><strong>Michela&#8217;s Modetipps: Marineblaue Looks sind das Must-have f\u00fcr jeden Sommer!<\/strong> <\/em><\/p>\n<p>F\u00fcr diejenigen, die sich bereits wie im Urlaub f\u00fchlen, obwohl sie noch in der Stadt sind, gibt es ein einfaches Rezept aus der Mode: den <strong>Marine-Look<\/strong>. Der <strong>klassische marineblaue Stil<\/strong> setzt auf Naturfasern, entspannte Silhouetten und vom Segeln inspirierte Details. Die nautische Farbpalette wird von Marineblau, Wei\u00df und Rot dominiert. Neutrale Farben sind ebenfalls vertreten, vor allem bei <a href=\"https:\/\/lighthouselocarno.ch\/prodotti\/orecchini-pendenti-con-conchiglie-vere\/\"><br \/>\n  <strong>Zubeh\u00f6r<\/strong><br \/>\n<\/a>die an maritime Taue erinnern sollen. Das <strong>marineblaue T-Shirt mit Rundhalsausschnitt<\/strong> ist ein Muss f\u00fcr Ihre <strong>Sommergarderobe<\/strong>!<\/p>\n","protected":false},"excerpt":{"rendered":"<p><strong>Blaues Trikot<\/strong> mit wei\u00dfem Querstreifen und silbernem Lurex an den 3\/4-\u00c4rmeln und auf der Vorder- und R\u00fcckseite. <strong>Boot-Ausschnitt<\/strong>.<\/p>\n<p>Garn: 95% Viskose 5% Elastan.<\/p>\n","protected":false},"featured_media":113975,"template":"","meta":{"_seopress_robots_primary_cat":"none","_seopress_titles_title":"Marineblauer Damenpulli mit 3\/4-\u00c4rmeln und Bootsausschnitt. Kleidung, hergestellt in Italien.  ","_seopress_titles_desc":"Blaues Trikot mit wei\u00dfem Querstreifen und silbernem Lurex an den 3\/4-\u00c4rmeln und auf der Vorder- und R\u00fcckseite. Bateau-Ausschnitt. Das marineblaue T-Shirt mit Rundhalsausschnitt ist ein Muss f\u00fcr Ihre Sommergarderobe!\n\n","_seopress_robots_index":""},"product_brand":[],"product_cat":[3799,3789,5093],"product_tag":[7000,5018,6969,5019],"class_list":{"0":"post-130132","1":"product","2":"type-product","3":"status-publish","4":"has-post-thumbnail","6":"product_cat-damenmode","7":"product_cat-kleidung","8":"product_cat-strickwaren","9":"product_tag-femme-fatale","10":"product_tag-jersey-de","11":"product_tag-pullover-de-2","12":"product_tag-pullover-de","13":"pa_taglia-l-de","14":"pa_taglia-m-de","16":"first","17":"outofstock","18":"shipping-taxable","19":"purchasable","20":"product-type-variable"},"jetpack_sharing_enabled":true,"_links":{"self":[{"href":"https:\/\/lighthouselocarno.ch\/de\/wp-json\/wp\/v2\/product\/130132","targetHints":{"allow":["GET"]}}],"collection":[{"href":"https:\/\/lighthouselocarno.ch\/de\/wp-json\/wp\/v2\/product"}],"about":[{"href":"https:\/\/lighthouselocarno.ch\/de\/wp-json\/wp\/v2\/types\/product"}],"wp:featuredmedia":[{"embeddable":true,"href":"https:\/\/lighthouselocarno.ch\/de\/wp-json\/wp\/v2\/media\/113975"}],"wp:attachment":[{"href":"https:\/\/lighthouselocarno.ch\/de\/wp-json\/wp\/v2\/media?parent=130132"}],"wp:term":[{"taxonomy":"product_brand","embeddable":true,"href":"https:\/\/lighthouselocarno.ch\/de\/wp-json\/wp\/v2\/product_brand?post=130132"},{"taxonomy":"product_cat","embeddable":true,"href":"https:\/\/lighthouselocarno.ch\/de\/wp-json\/wp\/v2\/product_cat?post=130132"},{"taxonomy":"product_tag","embeddable":true,"href":"https:\/\/lighthouselocarno.ch\/de\/wp-json\/wp\/v2\/product_tag?post=130132"}],"curies":[{"name":"wp","href":"https:\/\/api.w.org\/{rel}","templated":true}]}}