{"id":130190,"date":"2023-05-16T09:36:00","date_gmt":"2023-05-16T09:36:00","guid":{"rendered":"https:\/\/lighthouselocarno.ch\/prodotti\/kurze-weisse-3-4-aermelige-strickjacke\/"},"modified":"2023-06-30T03:59:59","modified_gmt":"2023-06-30T03:59:59","slug":"strickjacke-kurz-weis-armelig-a-3-4","status":"publish","type":"product","link":"https:\/\/lighthouselocarno.ch\/de\/produkt\/strickjacke-kurz-weis-armelig-a-3-4\/","title":{"rendered":"Kurze wei\u00dfe 3\/4-\u00e4rmelige Strickjacke"},"content":{"rendered":"","protected":false},"excerpt":{"rendered":"<p>Sch\u00f6ne <strong>kurze<\/strong> <strong>wei\u00dfe Strickjacke<\/strong> mit schwarzem und goldenem Lurexbesatz. Gro\u00dfe <strong>rosenf\u00f6rmige Verzierung auf der R\u00fcckseite<\/strong>. Zarte R\u00fcschen an den Dreiviertel\u00e4rmeln.  <strong>Italienische Haute Couture Kleidung.<\/strong><\/p>\n<p>Materialzusammensetzung: Garn 53%Polyester 47% Baumwolle.<\/p>\n<p><strong>Mode Stil Made in Italy.<\/strong><\/p>\n","protected":false},"featured_media":113897,"template":"","meta":{"_seopress_robots_primary_cat":"none","_seopress_titles_title":"","_seopress_titles_desc":"","_seopress_robots_index":""},"product_brand":[],"product_cat":[3799,3789,5664],"product_tag":[7017,7028,5095,5098,5665],"class_list":{"0":"post-130190","1":"product","2":"type-product","3":"status-publish","4":"has-post-thumbnail","6":"product_cat-damenmode","7":"product_cat-kleidung","8":"product_cat-strickjacke","9":"product_tag-kurz-strickjacke","10":"product_tag-kurze-strickjacke-fur-damen-de","11":"product_tag-strickjacke-de","12":"product_tag-strickjacke-de-2","13":"product_tag-strickjacke-kurz","14":"pa_taglia-m-de","15":"pa_taglia-s-de","16":"pa_taglia-xs-de","18":"first","19":"instock","20":"shipping-taxable","21":"purchasable","22":"product-type-variable","23":"has-default-attributes"},"jetpack_sharing_enabled":true,"_links":{"self":[{"href":"https:\/\/lighthouselocarno.ch\/de\/wp-json\/wp\/v2\/product\/130190","targetHints":{"allow":["GET"]}}],"collection":[{"href":"https:\/\/lighthouselocarno.ch\/de\/wp-json\/wp\/v2\/product"}],"about":[{"href":"https:\/\/lighthouselocarno.ch\/de\/wp-json\/wp\/v2\/types\/product"}],"wp:featuredmedia":[{"embeddable":true,"href":"https:\/\/lighthouselocarno.ch\/de\/wp-json\/wp\/v2\/media\/113897"}],"wp:attachment":[{"href":"https:\/\/lighthouselocarno.ch\/de\/wp-json\/wp\/v2\/media?parent=130190"}],"wp:term":[{"taxonomy":"product_brand","embeddable":true,"href":"https:\/\/lighthouselocarno.ch\/de\/wp-json\/wp\/v2\/product_brand?post=130190"},{"taxonomy":"product_cat","embeddable":true,"href":"https:\/\/lighthouselocarno.ch\/de\/wp-json\/wp\/v2\/product_cat?post=130190"},{"taxonomy":"product_tag","embeddable":true,"href":"https:\/\/lighthouselocarno.ch\/de\/wp-json\/wp\/v2\/product_tag?post=130190"}],"curies":[{"name":"wp","href":"https:\/\/api.w.org\/{rel}","templated":true}]}}