{"id":130231,"date":"2023-05-16T10:32:40","date_gmt":"2023-05-16T10:32:40","guid":{"rendered":"https:\/\/lighthouselocarno.ch\/prodotti\/gruenes-gebluemtes-hemd\/"},"modified":"2026-02-17T15:22:48","modified_gmt":"2026-02-17T15:22:48","slug":"hemd-grun-blumig-gemustert","status":"publish","type":"product","link":"https:\/\/lighthouselocarno.ch\/de\/produkt\/hemd-grun-blumig-gemustert\/","title":{"rendered":"Gr\u00fcnes gebl\u00fcmtes Hemd"},"content":{"rendered":"<p><em><strong>Michelas Modetipps: Love Bird die Pantone-Farbe des Fr\u00fchjahrs\/Sommers 2023 Mode erobert alle!  <\/strong> <\/em><\/p>\n<p>Die exotisch angehauchte Botschaft ist die Ermutigung zum individuellen Ausdruck, zum \u00dcberschreiten der eigenen Grenzen, zur Faszination f\u00fcr das Neue. <strong>Gr\u00fcn<\/strong> ist eine Farbe, die wir in den letzten Saisons immer h\u00e4ufiger auf den Laufstegen, aber auch an Freunden und Kollegen zu sehen bekommen haben. Praktisch und elegant, <strong>eine Farbe mit tausend Schattierungen:<\/strong> W\u00e4hlen Sie am besten die Farbe, die zu Ihrem Teint passt.<\/p>\n<p><strong>Gr\u00fcn und R\u00fcstung:<br \/>\n<\/strong><\/p>\n<ul>\n<li><strong>Saures Gr\u00fcn<\/strong> sieht auf einem olivfarbenen, gebr\u00e4unten oder sehr dunklen Teint gut aus.<\/li>\n<li><strong>Waldgr\u00fcn<\/strong> steht auch Frauen mit dunklem Haar und goldener Haut gut.<\/li>\n<li><strong>Mintgr\u00fcn<\/strong> passt vor allem zu Blondinen oder Br\u00fcnetten mit einem nicht besonders goldenen Teint.<\/li>\n<li><strong>Milit\u00e4rgr\u00fcn<\/strong> - dieser Farbton steht gl\u00fccklicherweise fast jedem, er ist am einfachsten zu tragen.<\/li>\n<\/ul>\n","protected":false},"excerpt":{"rendered":"<p>Wundersch\u00f6nes <strong>Hemd mit Blumenmuster<\/strong> in Schwarz-Wei\u00df auf <strong>gr\u00fcnem<\/strong> Grund. Leicht und weich! Kragen und Manschetten aus wei\u00dfem Stoff. Die B\u00e4nder, die den \u00c4rmel mit dem K\u00f6rper des Kleidungsst\u00fccks verbinden, machen es einzigartig und originell.<\/p>\n<p>100% Viskose-Gewebe.<\/p>\n","protected":false},"featured_media":113696,"template":"","meta":{"_seopress_robots_primary_cat":"none","_seopress_titles_title":"","_seopress_titles_desc":"Love Bird, die Pantone-Farbe des Fr\u00fchjahrs\/Sommers 2023, erobert alle! Wundersch\u00f6nes Hemd mit schwarzem und wei\u00dfem Blumendruck auf gr\u00fcnem Hintergrund. Leicht und weich! Kragen und Manschetten aus wei\u00dfem Stoff. Die B\u00e4nder, die den \u00c4rmel mit dem K\u00f6rper des Kleidungsst\u00fccks verbinden, machen es einzigartig und originell.","_seopress_robots_index":""},"product_brand":[],"product_cat":[3799,5668,3789,3891],"product_tag":[5644,5646,5094,5669],"class_list":{"0":"post-130231","1":"product","2":"type-product","3":"status-publish","4":"has-post-thumbnail","6":"product_cat-damenmode","7":"product_cat-hemden","8":"product_cat-kleidung","9":"product_cat-vertrieb","10":"product_tag-chemise-femme-de","11":"product_tag-damenhemd-de","12":"product_tag-hemd","13":"product_tag-masgeschneidertes-hemd","14":"pa_taglia-m-de","15":"pa_taglia-s-de","16":"pa_taglia-xs-de","18":"first","19":"outofstock","20":"sale","21":"shipping-taxable","22":"purchasable","23":"product-type-variable","24":"has-default-attributes"},"jetpack_sharing_enabled":true,"_links":{"self":[{"href":"https:\/\/lighthouselocarno.ch\/de\/wp-json\/wp\/v2\/product\/130231","targetHints":{"allow":["GET"]}}],"collection":[{"href":"https:\/\/lighthouselocarno.ch\/de\/wp-json\/wp\/v2\/product"}],"about":[{"href":"https:\/\/lighthouselocarno.ch\/de\/wp-json\/wp\/v2\/types\/product"}],"wp:featuredmedia":[{"embeddable":true,"href":"https:\/\/lighthouselocarno.ch\/de\/wp-json\/wp\/v2\/media\/113696"}],"wp:attachment":[{"href":"https:\/\/lighthouselocarno.ch\/de\/wp-json\/wp\/v2\/media?parent=130231"}],"wp:term":[{"taxonomy":"product_brand","embeddable":true,"href":"https:\/\/lighthouselocarno.ch\/de\/wp-json\/wp\/v2\/product_brand?post=130231"},{"taxonomy":"product_cat","embeddable":true,"href":"https:\/\/lighthouselocarno.ch\/de\/wp-json\/wp\/v2\/product_cat?post=130231"},{"taxonomy":"product_tag","embeddable":true,"href":"https:\/\/lighthouselocarno.ch\/de\/wp-json\/wp\/v2\/product_tag?post=130231"}],"curies":[{"name":"wp","href":"https:\/\/api.w.org\/{rel}","templated":true}]}}