{"id":130628,"date":"2023-06-08T13:00:45","date_gmt":"2023-06-08T13:00:45","guid":{"rendered":"https:\/\/lighthouselocarno.ch\/prodotti\/elisa-beigefarbenes-schuerzenkleid\/"},"modified":"2025-06-18T12:40:21","modified_gmt":"2025-06-18T12:40:21","slug":"kleid-beige-elisa","status":"publish","type":"product","link":"https:\/\/lighthouselocarno.ch\/de\/produkt\/kleid-beige-elisa\/","title":{"rendered":"Elisa beigefarbenes Sch\u00fcrzenkleid"},"content":{"rendered":"","protected":false},"excerpt":{"rendered":"<p>Elisa Sch\u00fcrzenkleid. Dreiviertel-\u00c4rmel, zwei praktische Taschen. <b><br \/>\n  <u>Farbe beige<\/u><br \/>\n<\/b>. Hergestellt in Italien. Material: 66% Baumwolle 31% Nylon 3% Elastan.<\/p>\n","protected":false},"featured_media":113906,"template":"","meta":{"_seopress_robots_primary_cat":"none","_seopress_titles_title":"","_seopress_titles_desc":"","_seopress_robots_index":""},"product_brand":[],"product_cat":[3799,3795,3789,3891],"product_tag":[],"class_list":{"0":"post-130628","1":"product","2":"type-product","3":"status-publish","4":"has-post-thumbnail","6":"product_cat-damenmode","7":"product_cat-kleider","8":"product_cat-kleidung","9":"product_cat-vertrieb","10":"pa_taglia-l-de","11":"pa_taglia-m-de","12":"pa_taglia-s-de","13":"pa_taglia-xs-de","15":"first","16":"outofstock","17":"sale","18":"shipping-taxable","19":"purchasable","20":"product-type-variable"},"jetpack_sharing_enabled":true,"_links":{"self":[{"href":"https:\/\/lighthouselocarno.ch\/de\/wp-json\/wp\/v2\/product\/130628","targetHints":{"allow":["GET"]}}],"collection":[{"href":"https:\/\/lighthouselocarno.ch\/de\/wp-json\/wp\/v2\/product"}],"about":[{"href":"https:\/\/lighthouselocarno.ch\/de\/wp-json\/wp\/v2\/types\/product"}],"wp:featuredmedia":[{"embeddable":true,"href":"https:\/\/lighthouselocarno.ch\/de\/wp-json\/wp\/v2\/media\/113906"}],"wp:attachment":[{"href":"https:\/\/lighthouselocarno.ch\/de\/wp-json\/wp\/v2\/media?parent=130628"}],"wp:term":[{"taxonomy":"product_brand","embeddable":true,"href":"https:\/\/lighthouselocarno.ch\/de\/wp-json\/wp\/v2\/product_brand?post=130628"},{"taxonomy":"product_cat","embeddable":true,"href":"https:\/\/lighthouselocarno.ch\/de\/wp-json\/wp\/v2\/product_cat?post=130628"},{"taxonomy":"product_tag","embeddable":true,"href":"https:\/\/lighthouselocarno.ch\/de\/wp-json\/wp\/v2\/product_tag?post=130628"}],"curies":[{"name":"wp","href":"https:\/\/api.w.org\/{rel}","templated":true}]}}