{"id":132185,"date":"2023-07-03T05:02:40","date_gmt":"2023-07-03T05:02:40","guid":{"rendered":"https:\/\/lighthouselocarno.ch\/prodotti\/abat-jour-kerzenhalter-t-light\/"},"modified":"2025-08-18T11:55:28","modified_gmt":"2025-08-18T11:55:28","slug":"abat-jour-kerzenhalter-t-licht","status":"publish","type":"product","link":"https:\/\/lighthouselocarno.ch\/de\/produkt\/abat-jour-kerzenhalter-t-licht\/","title":{"rendered":"Abat-jour Kerzenhalter t-light"},"content":{"rendered":"<p><a href=\"https:\/\/lighthouselocarno.ch\/de\/dekorieren-mit-kerzen-das-haus-stilvoll-dekorieren\/\"><br \/>\n  <strong>Dekorieren mit Kerzen<\/strong><br \/>\n<\/a> bedeutet, der Wohnung Pers\u00f6nlichkeit zu verleihen, ihr ein anderes Gesicht zu geben. Ein Hauch von Klasse, ein wenig Trickserei und ein bisschen Verstand: Es braucht nicht viel, um <strong>Ihr Zuhause mit <a href=\"https:\/\/lighthouselocarno.ch\/prodotti\/candela-artigianale-cubo-e-perle-arte-pura\/\">Kerzen<\/a><\/strong> stilvoll und elegant <strong>zu dekorieren<\/strong>! Ob im Wohnbereich, im Schlafzimmer, im Bad oder in der K\u00fcche - mit Kerzen zu dekorieren ist nie verkehrt, wenn Sie Ihrem Zuhause einen charmanten und romantischen Touch verleihen wollen.<strong>. Kandelaber und Kerzenhalter<\/strong>  werden zu Co-Protagonisten der Inszenierung und Sie k\u00f6nnen Ihrer Fantasie und Kreativit\u00e4t freien Lauf lassen, um ein erstaunliches, emotional bewegendes Ergebnis zu erzielen.<\/p>\n<p>LightHouse Kuriosit\u00e4t:<a href=\"https:\/\/it.wikipedia.org\/wiki\/Storia_della_fabbricazione_delle_candele\"> <span class=\"mw-page-title-main\">Die Geschichte der Kerzenherstellung. <\/span><\/a>Im Jahr 1834 lie\u00df Joseph Morgan, ein Zinngie\u00dfer aus Manchester, England, eine Maschine patentieren, die die Kerzenherstellung revolutionierte. Sie erm\u00f6glichte die kontinuierliche Herstellung von Kerzen in Gussformen mit Hilfe eines Zylinders mit beweglichem Kolben, der die Kerzen beim Erstarren ausstie\u00df. Diese effizientere, mechanisierte Produktion produzierte etwa 1.500 Kerzen pro Stunde (laut seinem Patent \u201e&#8230; mit drei M\u00e4nnern und f\u00fcnf Jungen wird [die Maschine] zwei Tonnen Kerzen in zw\u00f6lf produzieren\u201c). Dadurch wurden Kerzen zu einer leicht erh\u00e4ltlichen Ware f\u00fcr die breite Masse.<\/p>\n","protected":false},"excerpt":{"rendered":"<p><strong>Abat-jour porta t-light<\/strong> aus transparentem Glas. Diese <strong>Kerzenhalter aus Glas mit minimalistischem Design<\/strong> eignen sich perfekt f\u00fcr den Tisch oder um Lichtpunkte in Ihrer Wohnung zu schaffen. Erh\u00e4ltlich in zwei Gr\u00f6\u00dfen.<\/p>\n","protected":false},"featured_media":131896,"template":"","meta":{"_seopress_robots_primary_cat":"none","_seopress_titles_title":"","_seopress_titles_desc":"","_seopress_robots_index":""},"product_brand":[],"product_cat":[4244,7142,5693,3748],"product_tag":[6659,5041,5317,5319,4743,6652,6648,7167],"class_list":{"0":"post-132185","1":"product","2":"type-product","3":"status-publish","4":"has-post-thumbnail","6":"product_cat-kerzen","7":"product_cat-kerzenstander","8":"product_cat-nachrichten","9":"product_cat-wohnaccessoires","10":"product_tag-bougeoir-de","11":"product_tag-glas-kerzenhalter","12":"product_tag-kandelaber","13":"product_tag-kandelaber-glas","14":"product_tag-kerzenhalter-de","15":"product_tag-kerzenhalter-de-3","16":"product_tag-kerzenstander","17":"product_tag-leuchter-de","19":"first","20":"outofstock","21":"shipping-taxable","22":"purchasable","23":"product-type-variable"},"jetpack_sharing_enabled":true,"_links":{"self":[{"href":"https:\/\/lighthouselocarno.ch\/de\/wp-json\/wp\/v2\/product\/132185","targetHints":{"allow":["GET"]}}],"collection":[{"href":"https:\/\/lighthouselocarno.ch\/de\/wp-json\/wp\/v2\/product"}],"about":[{"href":"https:\/\/lighthouselocarno.ch\/de\/wp-json\/wp\/v2\/types\/product"}],"wp:featuredmedia":[{"embeddable":true,"href":"https:\/\/lighthouselocarno.ch\/de\/wp-json\/wp\/v2\/media\/131896"}],"wp:attachment":[{"href":"https:\/\/lighthouselocarno.ch\/de\/wp-json\/wp\/v2\/media?parent=132185"}],"wp:term":[{"taxonomy":"product_brand","embeddable":true,"href":"https:\/\/lighthouselocarno.ch\/de\/wp-json\/wp\/v2\/product_brand?post=132185"},{"taxonomy":"product_cat","embeddable":true,"href":"https:\/\/lighthouselocarno.ch\/de\/wp-json\/wp\/v2\/product_cat?post=132185"},{"taxonomy":"product_tag","embeddable":true,"href":"https:\/\/lighthouselocarno.ch\/de\/wp-json\/wp\/v2\/product_tag?post=132185"}],"curies":[{"name":"wp","href":"https:\/\/api.w.org\/{rel}","templated":true}]}}