{"id":132306,"date":"2023-07-06T08:15:17","date_gmt":"2023-07-06T08:15:17","guid":{"rendered":"https:\/\/lighthouselocarno.ch\/prodotti\/lena-laterne-aus-wasserhyazinthe-und-glas\/"},"modified":"2023-07-06T08:15:17","modified_gmt":"2023-07-06T08:15:17","slug":"laterne-lena-in-wasser-und-glas","status":"publish","type":"product","link":"https:\/\/lighthouselocarno.ch\/de\/produkt\/laterne-lena-in-wasser-und-glas\/","title":{"rendered":"Lena-Laterne aus Wasserhyazinthe und Glas"},"content":{"rendered":"<div class=\"adn ads\" data-message-id=\"#msg-a:r-3711091756027593948\" data-legacy-message-id=\"1892a3869e33d1a1\">\n<div class=\"gs\">\n<div class=\"\">\n<div id=\":n0\" class=\"ii gt\">\n<div id=\":mz\" class=\"a3s aiL \">\n<div dir=\"auto\">Die Sch\u00f6nheit und Eleganz der <strong>Bodenlaterne aus nat\u00fcrlicher Wasserhyazinthe<\/strong> ist das perfekte<strong>Wohnaccessoire<\/strong>, um<strong> Ihr Haus und Ihren Garten<\/strong> zu dekorieren. Diese aus hochwertigen Materialien handgefertigte Laterne wird Ihrem Raum einen Hauch von Stil und W\u00e4rme verleihen.<\/div>\n<div dir=\"auto\"><\/div>\n<div dir=\"auto\">Die nat\u00fcrliche Wasserhyazinthenfaser verleiht der Laterne eine einzigartige Textur und ein nat\u00fcrliches Aussehen und schafft eine gem\u00fctliche und entspannende Atmosph\u00e4re. Seine elegante Form passt perfekt zu jeder <strong>Einrichtung<\/strong>, ob <strong>klassisch<\/strong> oder <strong>modern<\/strong>.<\/div>\n<div dir=\"auto\"><\/div>\n<div dir=\"auto\">Die Bodenkerzenlaterne ist ideal, um an Sommerabenden<strong> eine sanfte, romantische Beleuchtung zu schaffen<\/strong> oder um Ihren Innenr\u00e4umen einen Hauch von Magie zu verleihen. Sie k\u00f6nnen ihn im Garten neben einer Einfahrt oder auf einer Terrasse aufstellen oder ihn als <strong>dekoratives Element<\/strong> im Wohn- oder Schlafbereich verwenden.<\/div>\n<div dir=\"auto\"><\/div>\n<div dir=\"auto\">Die <strong>Qualit\u00e4t der<\/strong> verwendeten <strong>Materialien<\/strong> garantiert eine lange Lebensdauer, so dass Sie lange Freude an dieser sch\u00f6nen Laterne haben werden. Ob Sie <strong>bei einem romantischen Abendessen eine intime Atmosph\u00e4re schaffen<\/strong> oder Ihren Garten f\u00fcr ein Treffen mit Freunden gem\u00fctlich gestalten wollen, diese Laterne ist <strong>das perfekte Accessoire, um<\/strong> Ihre besonderen Momente <strong>zu beleuchten<\/strong>.<\/div>\n<div dir=\"auto\"><\/div>\n<div dir=\"auto\">Verwandeln Sie Ihr Haus und Ihren Garten in einen zauberhaften und stimmungsvollen Ort. Entscheiden Sie sich f\u00fcr die Qualit\u00e4t und Eleganz, die nur Light House-Produkte bieten k\u00f6nnen.<\/div>\n<\/div>\n<\/div>\n<\/div>\n<\/div>\n<\/div>\n<div class=\"gA gt acV\">\n<div class=\"gB xu\">\n<div class=\"ip iq\">\n<div id=\":n1\">\n<table class=\"cf wS\" role=\"presentation\">\n<tbody>\n<tr>\n<td class=\"amq\"><\/td>\n<td class=\"amr\"><\/td>\n<\/tr>\n<\/tbody>\n<\/table>\n<\/div>\n<\/div>\n<\/div>\n<\/div>\n","protected":false},"excerpt":{"rendered":"<p>Wundersch\u00f6ne<strong> Kerzenlaternen aus nat\u00fcrlicher Wasserhyazinthenfaser<\/strong> im Stil eines Fischergatters.<\/p>\n<p>Jede Gr\u00f6\u00dfe wird mit einem <strong>Glaswindschutz<\/strong> geliefert.<\/p>\n<p>Drei Dimensionen f\u00fcr eine atemberaubende Kulisse:<\/p>\n<p>Klein: 31,5 x 31,5 x 39 cm<\/p>\n<p>Gro\u00df: 47 x 47 x 57 cm<\/p>\n<p>H\u00f6he: 28 x 28 x 79 cm<\/p>\n","protected":false},"featured_media":131796,"template":"","meta":{"_seopress_robots_primary_cat":"none","_seopress_titles_title":"","_seopress_titles_desc":"Wundersch\u00f6ne Kerzenlaternen aus nat\u00fcrlicher Wasserhyazinthenfaser im Stil eines Fischergatters. Jede Gr\u00f6\u00dfe wird mit einem Glaswindschutz geliefert. Erh\u00e4ltlich in drei Dimensionen f\u00fcr eine atemberaubende Kulisse","_seopress_robots_index":""},"product_brand":[],"product_cat":[4244,4594,5693,3748],"product_tag":[5447,4595,4598,5449],"class_list":{"0":"post-132306","1":"product","2":"type-product","3":"status-publish","4":"has-post-thumbnail","6":"product_cat-kerzen","7":"product_cat-laternen","8":"product_cat-nachrichten","9":"product_cat-wohnaccessoires","10":"product_tag-handgefertigte-laterne","11":"product_tag-laterne-de","12":"product_tag-laterne-de-2","13":"product_tag-laternen","15":"first","16":"instock","17":"featured","18":"shipping-taxable","19":"purchasable","20":"product-type-variable","21":"has-default-attributes"},"jetpack_sharing_enabled":true,"_links":{"self":[{"href":"https:\/\/lighthouselocarno.ch\/de\/wp-json\/wp\/v2\/product\/132306","targetHints":{"allow":["GET"]}}],"collection":[{"href":"https:\/\/lighthouselocarno.ch\/de\/wp-json\/wp\/v2\/product"}],"about":[{"href":"https:\/\/lighthouselocarno.ch\/de\/wp-json\/wp\/v2\/types\/product"}],"wp:featuredmedia":[{"embeddable":true,"href":"https:\/\/lighthouselocarno.ch\/de\/wp-json\/wp\/v2\/media\/131796"}],"wp:attachment":[{"href":"https:\/\/lighthouselocarno.ch\/de\/wp-json\/wp\/v2\/media?parent=132306"}],"wp:term":[{"taxonomy":"product_brand","embeddable":true,"href":"https:\/\/lighthouselocarno.ch\/de\/wp-json\/wp\/v2\/product_brand?post=132306"},{"taxonomy":"product_cat","embeddable":true,"href":"https:\/\/lighthouselocarno.ch\/de\/wp-json\/wp\/v2\/product_cat?post=132306"},{"taxonomy":"product_tag","embeddable":true,"href":"https:\/\/lighthouselocarno.ch\/de\/wp-json\/wp\/v2\/product_tag?post=132306"}],"curies":[{"name":"wp","href":"https:\/\/api.w.org\/{rel}","templated":true}]}}