{"id":132316,"date":"2024-07-06T08:30:27","date_gmt":"2024-07-06T08:30:27","guid":{"rendered":"https:\/\/lighthouselocarno.ch\/prodotti\/natuerliche-laterne-aus-bambus\/"},"modified":"2024-07-16T10:15:51","modified_gmt":"2024-07-16T10:15:51","slug":"laterne-in-bambus-natur","status":"publish","type":"product","link":"https:\/\/lighthouselocarno.ch\/de\/produkt\/laterne-in-bambus-natur\/","title":{"rendered":"Nat\u00fcrliche Laterne aus Bambus"},"content":{"rendered":"<div dir=\"auto\">Beleuchten Sie Ihren Raum mit der nat\u00fcrlichen Sch\u00f6nheit der nat\u00fcrlichen Bambuslaterne. Die aus hochwertigen Materialien und in sorgf\u00e4ltiger Handarbeit hergestellte Laterne verleiht Ihrem Haus und Garten einen Hauch von W\u00e4rme und Stil.<\/div>\n<div dir=\"auto\"><\/div>\n<div dir=\"auto\">Die nat\u00fcrliche Bambuslaterne ist perfekt, um <strong>eine gem\u00fctliche und entspannende Atmosph\u00e4re<\/strong> f\u00fcr Ihre Abende im Freien zu <strong>schaffen<\/strong>. Die einzigartige Textur des Bambus verleiht ihm ein authentisches und nat\u00fcrliches Aussehen, das sich perfekt in jede <strong>Einrichtung<\/strong> einf\u00fcgt.<\/div>\n<div dir=\"auto\"><\/div>\n<div dir=\"auto\">Stellen Sie die Bambuslaterne auf Ihre Terrasse, Ihren Balkon oder in Ihren Garten, um ihr einen exotischen Touch und eine<strong>sanfte Beleuchtung<\/strong> zu verleihen. Die elegante Form und das zeitlose Design f\u00fcgen sich leicht in den Stil Ihres Hauses ein und schaffen ein bezauberndes Ambiente.<\/div>\n<div dir=\"auto\"><\/div>\n<div dir=\"auto\">Nat\u00fcrlicher Bambus bietet au\u00dferdem au\u00dfergew\u00f6hnliche St\u00e4rke und Haltbarkeit, so dass Sie lange Freude an dieser sch\u00f6nen Laterne haben werden. Egal, ob Sie ein romantisches Abendessen oder eine Party mit Freunden planen, diese Laterne ist<strong> das ideale Accessoire f\u00fcr die Dekoration Ihres Hauses, um die perfekte Atmosph\u00e4re zu schaffen<\/strong>.<\/div>\n<div dir=\"auto\"><\/div>\n<div dir=\"auto\">Entdecken Sie mit der nat\u00fcrlichen Bambuslaterne, wie Sie Ihren Raum in eine Oase der Ruhe und des Stils verwandeln k\u00f6nnen. Entscheiden Sie sich f\u00fcr die Qualit\u00e4t und Eleganz, die nur Light House-Produkte bieten k\u00f6nnen, und machen Sie sich bereit, Ihre Abende mit einem Hauch von Natur zu erhellen.<\/div>\n","protected":false},"excerpt":{"rendered":"<p>Dekorative <strong>Laterne<\/strong> <strong>aus<\/strong> nat\u00fcrlichem <strong>Bambus<\/strong> im Stil eines Fischergatters. Die einzigartige Textur des Bambus verleiht ihm ein authentisches und nat\u00fcrliches Aussehen, das sich perfekt in jede <strong>Einrichtung<\/strong> einf\u00fcgt.<\/p>\n<p>Abmessungen:<\/p>\n<p>gro\u00df 30 x 30 x 60 cm<\/p>\n<p>klein: 33 x 33 x 49 cm<\/p>\n","protected":false},"featured_media":131812,"template":"","meta":{"_seopress_robots_primary_cat":"none","_seopress_titles_title":"Laterne aus nat\u00fcrlichem Bambus","_seopress_titles_desc":"Dekorative Laterne aus nat\u00fcrlichem Bambus im Stil eines Fischergatters. Die einzigartige Textur des Bambus verleiht ihm ein authentisches und nat\u00fcrliches Aussehen, das sich perfekt in jede Einrichtung einf\u00fcgt.","_seopress_robots_index":""},"product_brand":[],"product_cat":[4244,4594,5693,3748],"product_tag":[5447,4598,4595,5449],"class_list":{"0":"post-132316","1":"product","2":"type-product","3":"status-publish","4":"has-post-thumbnail","6":"product_cat-kerzen","7":"product_cat-laternen","8":"product_cat-nachrichten","9":"product_cat-wohnaccessoires","10":"product_tag-handgefertigte-laterne","11":"product_tag-laterne-de-2","12":"product_tag-laterne-de","13":"product_tag-laternen","15":"first","16":"instock","17":"shipping-taxable","18":"purchasable","19":"product-type-variable"},"jetpack_sharing_enabled":true,"_links":{"self":[{"href":"https:\/\/lighthouselocarno.ch\/de\/wp-json\/wp\/v2\/product\/132316","targetHints":{"allow":["GET"]}}],"collection":[{"href":"https:\/\/lighthouselocarno.ch\/de\/wp-json\/wp\/v2\/product"}],"about":[{"href":"https:\/\/lighthouselocarno.ch\/de\/wp-json\/wp\/v2\/types\/product"}],"wp:featuredmedia":[{"embeddable":true,"href":"https:\/\/lighthouselocarno.ch\/de\/wp-json\/wp\/v2\/media\/131812"}],"wp:attachment":[{"href":"https:\/\/lighthouselocarno.ch\/de\/wp-json\/wp\/v2\/media?parent=132316"}],"wp:term":[{"taxonomy":"product_brand","embeddable":true,"href":"https:\/\/lighthouselocarno.ch\/de\/wp-json\/wp\/v2\/product_brand?post=132316"},{"taxonomy":"product_cat","embeddable":true,"href":"https:\/\/lighthouselocarno.ch\/de\/wp-json\/wp\/v2\/product_cat?post=132316"},{"taxonomy":"product_tag","embeddable":true,"href":"https:\/\/lighthouselocarno.ch\/de\/wp-json\/wp\/v2\/product_tag?post=132316"}],"curies":[{"name":"wp","href":"https:\/\/api.w.org\/{rel}","templated":true}]}}