{"id":132329,"date":"2023-07-05T15:13:54","date_gmt":"2023-07-05T15:13:54","guid":{"rendered":"https:\/\/lighthouselocarno.ch\/prodotti\/kaffeetasse\/"},"modified":"2024-08-06T09:28:56","modified_gmt":"2024-08-06T09:28:56","slug":"kaffeetasse","status":"publish","type":"product","link":"https:\/\/lighthouselocarno.ch\/de\/produkt\/kaffeetasse\/","title":{"rendered":"Kaffeetasse"},"content":{"rendered":"<p><em>Wei\u00dfe Porzellanbecher mit Golddekor: Ein Hauch von Eleganz f\u00fcr Ihre Kaffeepausen und mehr!<\/em><\/p>\n<p dir=\"auto\">Verleihen Sie Ihren <strong>Kaffeepausen<\/strong> mit diesen <strong>einzigartigen Tassen<\/strong> einen Hauch von <strong>Luxus<\/strong> und machen Sie Ihr Lieblingsgetr\u00e4nk auf elegante und raffinierte Weise zu einem Erlebnis.<\/p>\n<p>  Tassen aus wei\u00dfem Porzellan mit Golddekor sind ein zeitloser Klassiker. Die Kombination aus dem reinen Wei\u00df des Porzellans und den zarten goldenen Details erzeugt eine raffinierte und anspruchsvolle Optik. Diese Becher passen perfekt zu jedem Einrichtungsstil, von der modernen bis zur traditionellen K\u00fcche. Wenn Sie in romantischer Stimmung sind, vervollst\u00e4ndigen Sie Ihr <strong>Mise en Place<\/strong> mit einem <a href=\"https:\/\/lighthouselocarno.ch\/prodotti\/tovaglietta-con-pizzo-poema\/\"><strong>Spitzen-Tischset<\/strong><\/a> oder in <strong><a href=\"https:\/\/lighthouselocarno.ch\/prodotti\/sottopiatto-cuore\/\">Form eines Herzens<\/a>,<\/strong> oder <strong><a href=\"https:\/\/lighthouselocarno.ch\/prodotti\/tovaglietta-tempestata-di-cristalli\/\">mit Kristallen besetzt<\/a><\/strong> f\u00fcr eine<strong> besonders luxuri\u00f6se Tischdekoration<\/strong>. W\u00e4hlen Sie mit Bedacht die <a href=\"https:\/\/lighthouselocarno.ch\/prodotti\/cofanetto-6-tovaglioli-con-cristalli\/\"><strong>Serviette<\/strong> <\/a>und die <a href=\"https:\/\/lighthouselocarno.ch\/prodotti\/cofanetto-6-legatovaglioli-semplici-tempestato-di-cristalli\/\"><strong>Serviettenband <\/strong><\/a>die am besten zu Ihrem Stil passen, und f\u00fcgen Sie mit einem <strong><a href=\"https:\/\/lighthouselocarno.ch\/prodotti\/porta-candele-in-vetro-di-design\/\">gl\u00e4sernen Kerzenhalter<\/a><\/strong> einen Hauch von Eleganz hinzu und schaffen Sie so eine gem\u00fctliche und einzigartige Atmosph\u00e4re!  <\/p>\n<div dir=\"auto\">Wenn Sie ein <strong>hochwertiges Geschenk f\u00fcr einen Kaffee- oder Teeliebhaber suchen, sind die<\/strong> Becher Mug aus wei\u00dfem Porzellan mit Golddekor eine ideale Wahl. Diese Tassen werden wegen ihrer Sch\u00f6nheit und ihrer luxuri\u00f6sen Haptik gesch\u00e4tzt. Sie k\u00f6nnen sie mit einer Auswahl an<strong> feinen Tees oder Gourmet-Kaffees<\/strong> kombinieren, um ein<strong> raffiniertes Geschenk<\/strong> zu kreieren, oder f\u00fcr<strong> Naschkatzen<\/strong> k\u00f6nnen Sie sie mit einer<a href=\"https:\/\/lighthouselocarno.ch\/prodotti\/mini-alzatina-in-vetro\/\"> <strong>eleganten Glas-Cupcake-Dose f\u00fcr Cupcakes und Mini-Geb\u00e4ck erg\u00e4nzen.<\/strong><\/a><\/div>\n<p dir=\"auto\">\n<p dir=\"auto\"><em>LichtHaus Neugierde<\/em><\/p>\n<p>  Einer der  <a href=\"https:\/\/www.schwarzenbach.ch\/en\/shop\/china-oolong-da-hong-pao-big-red-robe-2\/\"><strong>Der beste Tee der Welt ist Da Hong Pao<\/strong><\/a><\/p>\n<div dir=\"auto\">Der aus der chinesischen Provinz Fujian stammende Da Hong Pao ist ein \u00e4u\u00dferst feiner Oolong-Tee. Er ist ber\u00fchmt f\u00fcr seinen komplexen und reichhaltigen Geschmack mit Noten von Fr\u00fcchten und R\u00f6staromen.  <strong>Da Hong Pao Bl\u00e4tter sind sehr selten und teuer.<\/strong><\/div>\n<div dir=\"auto\"><\/div>\n<div dir=\"auto\">Der <strong>wertvolle und ber\u00fchmte Matcha-Tee <\/strong>ist im Westen sicherlich am bekanntesten.<\/div>\n<div dir=\"auto\">Matcha-Tee ist ein pulverisierter gr\u00fcner Tee, der in Japan hergestellt wird. Er ist bekannt f\u00fcr seinen reichen, s\u00fc\u00dfen Geschmack und seine samtige Konsistenz. Matcha wird h\u00e4ufig in der<strong> japanischen Teezeremonie<\/strong> verwendet und ist wegen seiner <strong>gesundheitsf\u00f6rdernden Eigenschaften<\/strong> hoch gesch\u00e4tzt.<\/div>\n<p dir=\"auto\">\n<p dir=\"auto\">Dies sind nur einige <strong>Beispiele f\u00fcr edle Tees<\/strong>, aber es gibt noch viele andere hochwertige Tees aus verschiedenen Regionen der Welt, jede mit ihren eigenen einzigartigen Eigenschaften und Traditionen.<\/p>\n<p dir=\"auto\">Kommen wir nun zu den <strong>besten Kaffees der Welt<\/strong>!<\/p>\n<p dir=\"auto\">\n<p dir=\"auto\"><strong>Geisha-Kaffee: Der aus \u00c4thiopien stammende<\/strong> Geisha-Kaffee ist f\u00fcr seine aromatische Komplexit\u00e4t und seinen ausgepr\u00e4gten blumigen Geschmack bekannt. Besonders beliebt ist er in Panama, wo ideale Anbaubedingungen zur <strong>Produktion von hochwertigem Geisha-Kaffee<\/strong> gef\u00fchrt haben, der bei speziellen Kaffeewettbewerben zahlreiche Auszeichnungen erhalten hat.<\/p>\n<p dir=\"auto\">\n<p dir=\"auto\">  \u00c4thiopischer <strong> Yirgacheffe-Kaffee<\/strong>: Dieser Kaffee wird in der Yirgacheffe-Region in \u00c4thiopien angebaut und ist f\u00fcr sein blumiges Aroma und seinen lebendigen Geschmack bekannt. Er hat eine nat\u00fcrliche S\u00fc\u00dfe mit Noten von Fr\u00fcchten und Schokolade. \u00c4thiopien gilt als<strong> die Wiege des Kaffees,<\/strong> und \u00e4thiopische Kaffees werden weltweit f\u00fcr ihre au\u00dfergew\u00f6hnliche Qualit\u00e4t gesch\u00e4tzt.<\/p>\n<p dir=\"auto\">\n<p dir=\"auto\">\n<p dir=\"auto\">\n<div dir=\"auto\"><\/div>\n<div dir=\"auto\"><\/div>\n<div dir=\"auto\">\n<div dir=\"auto\"><\/div>\n<\/div>\n<div dir=\"auto\"><\/div>\n","protected":false},"excerpt":{"rendered":"<p><strong>Wei\u00dfer Porzellan-Kaffeebecher mit der Aufschrift <\/strong><em>\u201edo all things with love\u201c<\/em> und goldenen Dekorelementen. Komplett mit<strong> herzf\u00f6rmiger Untertasse<\/strong> und goldfarbenem L\u00f6ffel. Tassen sind ein unverzichtbares Utensil f\u00fcr alle, die gerne ein hei\u00dfes Getr\u00e4nk wie Kaffee oder Tee in entspannter Atmosph\u00e4re genie\u00dfen. Wenn Sie auf der Suche nach einer Option sind, die Eleganz und Stil vereint, sind die <strong>wei\u00dfen Porzellanbecher Mug mit Golddekoration<\/strong> die perfekte Wahl!<\/p>\n","protected":false},"featured_media":112880,"template":"","meta":{"_seopress_robots_primary_cat":"none","_seopress_titles_title":"","_seopress_titles_desc":"Wei\u00dfer Porzellan-Kaffeebecher mit der Aufschrift \"do all things with love\" und goldenen Dekorelementen. Komplett mit herzf\u00f6rmiger Untertasse und goldfarbenem L\u00f6ffel.  ","_seopress_robots_index":""},"product_brand":[],"product_cat":[7230,3755,3748],"product_tag":[5890,6797,5147,6764,5887,5889],"class_list":{"0":"post-132329","1":"product","2":"type-product","3":"status-publish","4":"has-post-thumbnail","6":"product_cat-teller-und-tassen","7":"product_cat-tisch-zu-behoer","8":"product_cat-wohnaccessoires","9":"product_tag-becher-de-2","10":"product_tag-becher-de-3","11":"product_tag-einrichtung-des-arbeitsplatzes","12":"product_tag-gebuhren","13":"product_tag-tasse-de","14":"product_tag-tasse-de-2","16":"first","17":"instock","18":"shipping-taxable","19":"purchasable","20":"product-type-simple"},"jetpack_sharing_enabled":true,"_links":{"self":[{"href":"https:\/\/lighthouselocarno.ch\/de\/wp-json\/wp\/v2\/product\/132329","targetHints":{"allow":["GET"]}}],"collection":[{"href":"https:\/\/lighthouselocarno.ch\/de\/wp-json\/wp\/v2\/product"}],"about":[{"href":"https:\/\/lighthouselocarno.ch\/de\/wp-json\/wp\/v2\/types\/product"}],"wp:featuredmedia":[{"embeddable":true,"href":"https:\/\/lighthouselocarno.ch\/de\/wp-json\/wp\/v2\/media\/112880"}],"wp:attachment":[{"href":"https:\/\/lighthouselocarno.ch\/de\/wp-json\/wp\/v2\/media?parent=132329"}],"wp:term":[{"taxonomy":"product_brand","embeddable":true,"href":"https:\/\/lighthouselocarno.ch\/de\/wp-json\/wp\/v2\/product_brand?post=132329"},{"taxonomy":"product_cat","embeddable":true,"href":"https:\/\/lighthouselocarno.ch\/de\/wp-json\/wp\/v2\/product_cat?post=132329"},{"taxonomy":"product_tag","embeddable":true,"href":"https:\/\/lighthouselocarno.ch\/de\/wp-json\/wp\/v2\/product_tag?post=132329"}],"curies":[{"name":"wp","href":"https:\/\/api.w.org\/{rel}","templated":true}]}}