{"id":133343,"date":"2024-07-05T12:05:27","date_gmt":"2024-07-05T12:05:27","guid":{"rendered":"https:\/\/lighthouselocarno.ch\/prodotto\/mittlere-dekoration-herz-mit-spitzeneffekt-motiv\/"},"modified":"2025-05-23T12:52:24","modified_gmt":"2025-05-23T12:52:24","slug":"herz-dekor-mittel-mit-lace-effekt","status":"publish","type":"product","link":"https:\/\/lighthouselocarno.ch\/de\/produkt\/herz-dekor-mittel-mit-lace-effekt\/","title":{"rendered":"Mittlere Dekoration Herz mit Spitzeneffekt Motiv"},"content":{"rendered":"<p><span data-sheets-value=\"{\"1\":2,\"2\":\"Cuore bianco naturale con vela argento con strass per appenderlo, decorato con motivo effetto pizzo di strass color aurora boreale e mezze perle. Parte posteriore con tessuto effetto piquet e logo con mezze perle.\"}\" data-sheets-userformat=\"{\"2\":963,\"3\":{\"1\":0},\"4\":{\"1\":2,\"2\":65280},\"9\":1,\"10\":1,\"11\":4,\"12\":0}\">Naturwei\u00dfes Herz mit silbernem Segel mit Strasssteinen zum Aufh\u00e4ngen, verziert mit einem Spitzeneffekt-Motiv aus Aurora-Borealis-farbenen Strasssteinen und Halbperlen. R\u00fcckseite mit Piqu\u00e9-Stoff und Logo mit Halbperlen.<\/span><\/p>\n<p>Herzdekoration, hergestellt in Italien aus weichem Stoff.<br \/>\nDekorieren Sie Ihre R\u00e4ume, indem Sie Ihrer Einrichtung einen Hauch von Originalit\u00e4t verleihen.<br \/>\nLanglebigkeit und einfache Wartung sind weitere Pluspunkte Ihrer Wahl.<br \/>\nBitte lesen Sie den Abschnitt \u201eProduktpflege\u201c f\u00fcr alle Waschanweisungen.<\/p>\n<p>Sie k\u00f6nnen dieses Stoffherz f\u00fcr originelle dekorative Kompositionen oder als Schl\u00fcsselanh\u00e4nger verwenden.<\/p>\n","protected":false},"excerpt":{"rendered":"<p><span data-sheets-value=\"{\"1\":2,\"2\":\"Cuore bianco naturale con vela argento con strass per appenderlo, decorato con motivo effetto pizzo di strass color aurora boreale e mezze perle. Parte posteriore con tessuto effetto piquet e logo con mezze perle.\"}\" data-sheets-userformat=\"{\"2\":963,\"3\":{\"1\":0},\"4\":{\"1\":2,\"2\":65280},\"9\":1,\"10\":1,\"11\":4,\"12\":0}\">Naturwei\u00dfes Herz mit silbernem Segel mit Strasssteinen zum Aufh\u00e4ngen, verziert mit einem Spitzeneffekt-Motiv aus Aurora-Borealis-farbenen Strasssteinen und Halbperlen. R\u00fcckseite mit Piqu\u00e9-Stoff und Logo mit Halbperlen.<\/span><\/p>\n<p>Herzdekoration, hergestellt in Italien aus weichem Stoff.<br \/>\nDekorieren Sie Ihre R\u00e4ume, indem Sie Ihrer Einrichtung einen Hauch von Originalit\u00e4t verleihen.<br \/>\nLanglebigkeit und einfache Wartung sind weitere Pluspunkte Ihrer Wahl.<br \/>\nBitte lesen Sie den Abschnitt \u201eProduktpflege\u201c f\u00fcr alle Waschanweisungen.<\/p>\n<p>Sie k\u00f6nnen dieses Stoffherz f\u00fcr originelle dekorative Kompositionen oder als Schl\u00fcsselanh\u00e4nger verwenden.<\/p>\n","protected":false},"featured_media":133240,"template":"","meta":{"_seopress_robots_primary_cat":"none","_seopress_titles_title":"Kissen in Herzform mit Stickerei in Spitzenoptik","_seopress_titles_desc":"Herzf\u00f6rmiges Kissen mit Stickerei in Spitzenoptik. Originelle, elegante und raffinierte Dekorationen f\u00fcr Ihr Zuhause. Romantische Dekorationen f\u00fcr Ihr Zuhause. Exklusive Geschenkideen.","_seopress_robots_index":""},"product_brand":[8562],"product_cat":[6035,7196,3748],"product_tag":[5723,6878,6873,6872,7429,7431,7428],"class_list":{"0":"post-133343","1":"product","2":"type-product","3":"status-publish","4":"has-post-thumbnail","6":"product_brand-arte-pura","7":"product_cat-accessoires-de","8":"product_cat-deko-de","9":"product_cat-wohnaccessoires","10":"product_tag-dekoratives-zubehor","11":"product_tag-herz-de","12":"product_tag-inlove-de","13":"product_tag-kreationen","14":"product_tag-originelle-geschenkideen-hier-ist-die-losung-fur-sie","15":"product_tag-wahlen-sie-ihren-favoriten","16":"product_tag-zwei-stile-zur-auswahl","17":"pa_tema-inlove-de","19":"first","20":"instock","21":"shipping-taxable","22":"purchasable","23":"product-type-simple"},"jetpack_sharing_enabled":true,"_links":{"self":[{"href":"https:\/\/lighthouselocarno.ch\/de\/wp-json\/wp\/v2\/product\/133343","targetHints":{"allow":["GET"]}}],"collection":[{"href":"https:\/\/lighthouselocarno.ch\/de\/wp-json\/wp\/v2\/product"}],"about":[{"href":"https:\/\/lighthouselocarno.ch\/de\/wp-json\/wp\/v2\/types\/product"}],"wp:featuredmedia":[{"embeddable":true,"href":"https:\/\/lighthouselocarno.ch\/de\/wp-json\/wp\/v2\/media\/133240"}],"wp:attachment":[{"href":"https:\/\/lighthouselocarno.ch\/de\/wp-json\/wp\/v2\/media?parent=133343"}],"wp:term":[{"taxonomy":"product_brand","embeddable":true,"href":"https:\/\/lighthouselocarno.ch\/de\/wp-json\/wp\/v2\/product_brand?post=133343"},{"taxonomy":"product_cat","embeddable":true,"href":"https:\/\/lighthouselocarno.ch\/de\/wp-json\/wp\/v2\/product_cat?post=133343"},{"taxonomy":"product_tag","embeddable":true,"href":"https:\/\/lighthouselocarno.ch\/de\/wp-json\/wp\/v2\/product_tag?post=133343"}],"curies":[{"name":"wp","href":"https:\/\/api.w.org\/{rel}","templated":true}]}}