{"id":133756,"date":"2023-09-05T13:00:13","date_gmt":"2023-09-05T13:00:13","guid":{"rendered":"https:\/\/lighthouselocarno.ch\/prodotto\/breiter-und-niedriger-zylinder-weisse-kerze-mit-haekelspitze\/"},"modified":"2025-05-23T12:58:55","modified_gmt":"2025-05-23T12:58:55","slug":"kerze-weiser-zylinder-gros-und-niedrig-mit-kette-unzirkuliert","status":"publish","type":"product","link":"https:\/\/lighthouselocarno.ch\/de\/produkt\/kerze-weiser-zylinder-gros-und-niedrig-mit-kette-unzirkuliert\/","title":{"rendered":"Breiter und niedriger Zylinder wei\u00dfe Kerze mit H\u00e4kelspitze"},"content":{"rendered":"<p>Breite und niedrige Zylinderkerze in Leinenessenz, verziert mit H\u00e4kelspitze.<\/p>\n","protected":false},"excerpt":{"rendered":"<p>Breite und niedrige Zylinderkerze in Leinenessenz, verziert mit H\u00e4kelspitze.<\/p>\n","protected":false},"featured_media":133468,"template":"","meta":{"_seopress_robots_primary_cat":"none","_seopress_titles_title":"","_seopress_titles_desc":"","_seopress_robots_index":""},"product_brand":[8562],"product_cat":[4244,7127,3748],"product_tag":[4859,5723,6201,5727,5706,5700,5712,7428],"class_list":{"0":"post-133756","1":"product","2":"type-product","3":"status-publish","4":"has-post-thumbnail","6":"product_brand-arte-pura","7":"product_cat-kerzen","8":"product_cat-kerzen-de","9":"product_cat-wohnaccessoires","10":"product_tag-badezimmer","11":"product_tag-dekoratives-zubehor","12":"product_tag-gehakelte-spitze","13":"product_tag-kerzen","14":"product_tag-schlafzimmer","15":"product_tag-tabelle-de-2","16":"product_tag-wohnbereich","17":"product_tag-zwei-stile-zur-auswahl","18":"pa_colore-weis-019","20":"first","21":"instock","22":"shipping-taxable","23":"purchasable","24":"product-type-variable","25":"has-default-attributes"},"jetpack_sharing_enabled":true,"_links":{"self":[{"href":"https:\/\/lighthouselocarno.ch\/de\/wp-json\/wp\/v2\/product\/133756","targetHints":{"allow":["GET"]}}],"collection":[{"href":"https:\/\/lighthouselocarno.ch\/de\/wp-json\/wp\/v2\/product"}],"about":[{"href":"https:\/\/lighthouselocarno.ch\/de\/wp-json\/wp\/v2\/types\/product"}],"wp:featuredmedia":[{"embeddable":true,"href":"https:\/\/lighthouselocarno.ch\/de\/wp-json\/wp\/v2\/media\/133468"}],"wp:attachment":[{"href":"https:\/\/lighthouselocarno.ch\/de\/wp-json\/wp\/v2\/media?parent=133756"}],"wp:term":[{"taxonomy":"product_brand","embeddable":true,"href":"https:\/\/lighthouselocarno.ch\/de\/wp-json\/wp\/v2\/product_brand?post=133756"},{"taxonomy":"product_cat","embeddable":true,"href":"https:\/\/lighthouselocarno.ch\/de\/wp-json\/wp\/v2\/product_cat?post=133756"},{"taxonomy":"product_tag","embeddable":true,"href":"https:\/\/lighthouselocarno.ch\/de\/wp-json\/wp\/v2\/product_tag?post=133756"}],"curies":[{"name":"wp","href":"https:\/\/api.w.org\/{rel}","templated":true}]}}