{"id":133780,"date":"2023-09-05T13:01:15","date_gmt":"2023-09-05T13:01:15","guid":{"rendered":"https:\/\/lighthouselocarno.ch\/prodotto\/weiss-marmorierte-wuerfelkerze-mit-perlen\/"},"modified":"2025-05-23T12:58:55","modified_gmt":"2025-05-23T12:58:55","slug":"kerze-weis-ein-wurfel-marmoriert-mit-perlen","status":"publish","type":"product","link":"https:\/\/lighthouselocarno.ch\/de\/produkt\/kerze-weis-ein-wurfel-marmoriert-mit-perlen\/","title":{"rendered":"Wei\u00df marmorierte W\u00fcrfelkerze mit Perlen"},"content":{"rendered":"<p>Kleine marmorierte W\u00fcrfelkerze mit Perlen.<\/p>\n","protected":false},"excerpt":{"rendered":"<p>Kleine marmorierte W\u00fcrfelkerze mit Perlen.<\/p>\n","protected":false},"featured_media":133492,"template":"","meta":{"_seopress_robots_primary_cat":"none","_seopress_titles_title":"","_seopress_titles_desc":"","_seopress_robots_index":""},"product_brand":[8562],"product_cat":[7127,4244,3748],"product_tag":[4859,5723,7448,5727,5706,5700,5712,7428],"class_list":{"0":"post-133780","1":"product","2":"type-product","3":"status-publish","4":"has-post-thumbnail","6":"product_brand-arte-pura","7":"product_cat-kerzen-de","8":"product_cat-kerzen","9":"product_cat-wohnaccessoires","10":"product_tag-badezimmer","11":"product_tag-dekoratives-zubehor","12":"product_tag-ihre-hochzeit-vorbereiten","13":"product_tag-kerzen","14":"product_tag-schlafzimmer","15":"product_tag-tabelle-de-2","16":"product_tag-wohnbereich","17":"product_tag-zwei-stile-zur-auswahl","18":"pa_colore-weis-019","20":"first","21":"instock","22":"shipping-taxable","23":"purchasable","24":"product-type-variable","25":"has-default-attributes"},"jetpack_sharing_enabled":true,"_links":{"self":[{"href":"https:\/\/lighthouselocarno.ch\/de\/wp-json\/wp\/v2\/product\/133780","targetHints":{"allow":["GET"]}}],"collection":[{"href":"https:\/\/lighthouselocarno.ch\/de\/wp-json\/wp\/v2\/product"}],"about":[{"href":"https:\/\/lighthouselocarno.ch\/de\/wp-json\/wp\/v2\/types\/product"}],"wp:featuredmedia":[{"embeddable":true,"href":"https:\/\/lighthouselocarno.ch\/de\/wp-json\/wp\/v2\/media\/133492"}],"wp:attachment":[{"href":"https:\/\/lighthouselocarno.ch\/de\/wp-json\/wp\/v2\/media?parent=133780"}],"wp:term":[{"taxonomy":"product_brand","embeddable":true,"href":"https:\/\/lighthouselocarno.ch\/de\/wp-json\/wp\/v2\/product_brand?post=133780"},{"taxonomy":"product_cat","embeddable":true,"href":"https:\/\/lighthouselocarno.ch\/de\/wp-json\/wp\/v2\/product_cat?post=133780"},{"taxonomy":"product_tag","embeddable":true,"href":"https:\/\/lighthouselocarno.ch\/de\/wp-json\/wp\/v2\/product_tag?post=133780"}],"curies":[{"name":"wp","href":"https:\/\/api.w.org\/{rel}","templated":true}]}}