{"id":133790,"date":"2023-09-05T12:06:44","date_gmt":"2023-09-05T12:06:44","guid":{"rendered":"https:\/\/lighthouselocarno.ch\/prodotto\/kleine-hohe-weisse-zylinderkerze-mit-haekelspitze\/"},"modified":"2025-05-23T12:58:56","modified_gmt":"2025-05-23T12:58:56","slug":"kerze-weiser-zylinder-klein-und-hoch-mit-kette-unzirkuliert","status":"publish","type":"product","link":"https:\/\/lighthouselocarno.ch\/de\/produkt\/kerze-weiser-zylinder-klein-und-hoch-mit-kette-unzirkuliert\/","title":{"rendered":"Kleine, hohe wei\u00dfe Zylinderkerze mit H\u00e4kelspitze"},"content":{"rendered":"<p>Kleine, hohe Zylinderkerze in Leinenessenz, verziert mit H\u00e4kelspitze.<\/p>\n","protected":false},"excerpt":{"rendered":"<p>Kleine, hohe Zylinderkerze in Leinenessenz, verziert mit H\u00e4kelspitze.<\/p>\n","protected":false},"featured_media":133360,"template":"","meta":{"_seopress_robots_primary_cat":"none","_seopress_titles_title":"","_seopress_titles_desc":"","_seopress_robots_index":""},"product_brand":[8562],"product_cat":[7127,4244,3748],"product_tag":[4859,5723,6201,5727,5706,5700,5712],"class_list":{"0":"post-133790","1":"product","2":"type-product","3":"status-publish","4":"has-post-thumbnail","6":"product_brand-arte-pura","7":"product_cat-kerzen-de","8":"product_cat-kerzen","9":"product_cat-wohnaccessoires","10":"product_tag-badezimmer","11":"product_tag-dekoratives-zubehor","12":"product_tag-gehakelte-spitze","13":"product_tag-kerzen","14":"product_tag-schlafzimmer","15":"product_tag-tabelle-de-2","16":"product_tag-wohnbereich","17":"pa_colore-weis-019","19":"first","20":"instock","21":"shipping-taxable","22":"purchasable","23":"product-type-variable","24":"has-default-attributes"},"jetpack_sharing_enabled":true,"_links":{"self":[{"href":"https:\/\/lighthouselocarno.ch\/de\/wp-json\/wp\/v2\/product\/133790","targetHints":{"allow":["GET"]}}],"collection":[{"href":"https:\/\/lighthouselocarno.ch\/de\/wp-json\/wp\/v2\/product"}],"about":[{"href":"https:\/\/lighthouselocarno.ch\/de\/wp-json\/wp\/v2\/types\/product"}],"wp:featuredmedia":[{"embeddable":true,"href":"https:\/\/lighthouselocarno.ch\/de\/wp-json\/wp\/v2\/media\/133360"}],"wp:attachment":[{"href":"https:\/\/lighthouselocarno.ch\/de\/wp-json\/wp\/v2\/media?parent=133790"}],"wp:term":[{"taxonomy":"product_brand","embeddable":true,"href":"https:\/\/lighthouselocarno.ch\/de\/wp-json\/wp\/v2\/product_brand?post=133790"},{"taxonomy":"product_cat","embeddable":true,"href":"https:\/\/lighthouselocarno.ch\/de\/wp-json\/wp\/v2\/product_cat?post=133790"},{"taxonomy":"product_tag","embeddable":true,"href":"https:\/\/lighthouselocarno.ch\/de\/wp-json\/wp\/v2\/product_tag?post=133790"}],"curies":[{"name":"wp","href":"https:\/\/api.w.org\/{rel}","templated":true}]}}