{"id":134410,"date":"2023-09-05T13:14:03","date_gmt":"2023-09-05T13:14:03","guid":{"rendered":"https:\/\/lighthouselocarno.ch\/prodotto\/leichter-leinen-kissenbezug-mit-schleifen-80x80\/"},"modified":"2025-05-23T12:58:56","modified_gmt":"2025-05-23T12:58:56","slug":"federa-in-leichtem-leinen-mit-schleifen-80x80","status":"publish","type":"product","link":"https:\/\/lighthouselocarno.ch\/de\/produkt\/federa-in-leichtem-leinen-mit-schleifen-80x80\/","title":{"rendered":"Leichter Leinen-Kissenbezug mit Schleifen 80X80"},"content":{"rendered":"<p>Kopfkissenbezug aus hellem Leinen, Fliege. Rechteckiger Einsatz mit Arte Pura-Logo.<\/p>\n<p>Ma\u00dfe 80x80cm.<\/p>\n<p>In Italien hergestellter Kopfkissenbezug aus 100 % hochwertigem Leinen, der durch spezielle Behandlungen, die das nat\u00fcrliche Aussehen verst\u00e4rken, weich im Griff ist.<br \/>\nDieser Stoff ist ideal f\u00fcr das Bett, da er hypoallergen und antibakteriell ist. Au\u00dferdem werden nat\u00fcrliche, nicht allergene Farbstoffe verwendet, die der Naturfaser Glanz und Lebendigkeit verleihen.<br \/>\nLanglebigkeit und einfache Wartung sind weitere Pluspunkte Ihrer Wahl.<br \/>\nIdeal, um Ihre Bettausstattung zu versch\u00f6nern: allein oder in Kombination mit einer Tagesdecke und einem Laken, um immer wieder originelle Kombinationen zu schaffen.<br \/>\nBitte lesen Sie den Abschnitt \u201eProduktpflege\u201c f\u00fcr alle Waschanweisungen.<\/p>\n","protected":false},"excerpt":{"rendered":"<p>Kopfkissenbezug aus hellem Leinen, Fliege. Rechteckiger Einsatz mit Arte Pura-Logo.<\/p>\n<p>Ma\u00dfe 80x80cm.<\/p>\n<p>In Italien hergestellter Kopfkissenbezug aus 100 % hochwertigem Leinen, der durch spezielle Behandlungen, die das nat\u00fcrliche Aussehen verst\u00e4rken, weich im Griff ist.<br \/>\nDieser Stoff ist ideal f\u00fcr das Bett, da er hypoallergen und antibakteriell ist. Au\u00dferdem werden nat\u00fcrliche, nicht allergene Farbstoffe verwendet, die der Naturfaser Glanz und Lebendigkeit verleihen.<br \/>\nLanglebigkeit und einfache Wartung sind weitere Pluspunkte Ihrer Wahl.<br \/>\nIdeal, um Ihre Bettausstattung zu versch\u00f6nern: allein oder in Kombination mit einer Tagesdecke und einem Laken, um immer wieder originelle Kombinationen zu schaffen.<br \/>\nBitte lesen Sie den Abschnitt \u201eProduktpflege\u201c f\u00fcr alle Waschanweisungen.<\/p>\n","protected":false},"featured_media":134072,"template":"","meta":{"_seopress_robots_primary_cat":"","_seopress_titles_title":"","_seopress_titles_desc":"","_seopress_robots_index":""},"product_brand":[8562],"product_cat":[5957,4030,7130,5958,3748],"product_tag":[7487,5980,7486,6529,6209,7481,7485],"class_list":{"0":"post-134410","1":"product","2":"type-product","3":"status-publish","4":"has-post-thumbnail","6":"product_brand-arte-pura","7":"product_cat-bettwaesche","8":"product_cat-deko","9":"product_cat-deko-kissen","10":"product_cat-kissenbezuge","11":"product_cat-wohnaccessoires","12":"product_tag-80x80-de","13":"product_tag-bett-de","14":"product_tag-das-winterzimmer","15":"product_tag-flocken","16":"product_tag-kopfkissenbezug-de","17":"product_tag-ohne-spitze","18":"product_tag-wie-man-das-kinderzimmer-einrichtet","19":"pa_colore-weis-019","20":"pa_taglia-80x80-cm-de","21":"pa_tema-weis","23":"first","24":"instock","25":"shipping-taxable","26":"purchasable","27":"product-type-variable","28":"has-default-attributes"},"jetpack_sharing_enabled":true,"_links":{"self":[{"href":"https:\/\/lighthouselocarno.ch\/de\/wp-json\/wp\/v2\/product\/134410","targetHints":{"allow":["GET"]}}],"collection":[{"href":"https:\/\/lighthouselocarno.ch\/de\/wp-json\/wp\/v2\/product"}],"about":[{"href":"https:\/\/lighthouselocarno.ch\/de\/wp-json\/wp\/v2\/types\/product"}],"wp:featuredmedia":[{"embeddable":true,"href":"https:\/\/lighthouselocarno.ch\/de\/wp-json\/wp\/v2\/media\/134072"}],"wp:attachment":[{"href":"https:\/\/lighthouselocarno.ch\/de\/wp-json\/wp\/v2\/media?parent=134410"}],"wp:term":[{"taxonomy":"product_brand","embeddable":true,"href":"https:\/\/lighthouselocarno.ch\/de\/wp-json\/wp\/v2\/product_brand?post=134410"},{"taxonomy":"product_cat","embeddable":true,"href":"https:\/\/lighthouselocarno.ch\/de\/wp-json\/wp\/v2\/product_cat?post=134410"},{"taxonomy":"product_tag","embeddable":true,"href":"https:\/\/lighthouselocarno.ch\/de\/wp-json\/wp\/v2\/product_tag?post=134410"}],"curies":[{"name":"wp","href":"https:\/\/api.w.org\/{rel}","templated":true}]}}