{"id":134441,"date":"2023-09-05T13:44:14","date_gmt":"2023-09-05T13:44:14","guid":{"rendered":"https:\/\/lighthouselocarno.ch\/prodotto\/dekorative-tischdecke-90x90cm-mit-crochet-spitze\/"},"modified":"2025-05-23T12:54:45","modified_gmt":"2025-05-23T12:54:45","slug":"tischdecke-dekoration-90x90cm-mit-lakette-unabkommlich","status":"publish","type":"product","link":"https:\/\/lighthouselocarno.ch\/de\/produkt\/tischdecke-dekoration-90x90cm-mit-lakette-unabkommlich\/","title":{"rendered":"Dekorative Tischdecke 90x90cm mit \u201eCrochet\u201c Spitze"},"content":{"rendered":"<p>Dekorative quadratische Tischdecke aus Leinengaze mit &#8218;Crochet&#8216;-Spitze an den R\u00e4ndern. Ma\u00dfe 90x90cm.<\/p>\n<p>In Italien hergestellte Tischdecke aus 100 % hochwertigem Leinen, die sich durch spezielle Behandlungen, die das nat\u00fcrliche Aussehen verst\u00e4rken, weich anf\u00fchlt.<br \/>\nDieser Stoff ist ideal f\u00fcr den Tisch, da er hypoallergen und antibakteriell ist. Au\u00dferdem werden nat\u00fcrliche und hypoallergene Farbstoffe verwendet, die der Naturfaser Glanz und Schwung verleihen.<br \/>\nLanglebigkeit und einfache Wartung sind weitere Pluspunkte Ihrer Wahl.<br \/>\nIdeal zur Versch\u00f6nerung Ihres \u201emise en place\u201c: allein oder in Kombination mit einer Tischdecke, um immer wieder originelle Kombinationen zu schaffen.<br \/>\nBitte lesen Sie den Abschnitt \u201eProduktpflege\u201c f\u00fcr alle Waschanweisungen.<\/p>\n","protected":false},"excerpt":{"rendered":"<p>Dekorative quadratische Tischdecke aus Leinengaze mit &#8218;Crochet&#8216;-Spitze an den R\u00e4ndern. Ma\u00dfe 90x90cm.<\/p>\n<p>In Italien hergestellte Tischdecke aus 100 % hochwertigem Leinen, die sich durch spezielle Behandlungen, die das nat\u00fcrliche Aussehen verst\u00e4rken, weich anf\u00fchlt.<br \/>\nDieser Stoff ist ideal f\u00fcr den Tisch, da er hypoallergen und antibakteriell ist. Au\u00dferdem werden nat\u00fcrliche und hypoallergene Farbstoffe verwendet, die der Naturfaser Glanz und Schwung verleihen.<br \/>\nLanglebigkeit und einfache Wartung sind weitere Pluspunkte Ihrer Wahl.<br \/>\nIdeal zur Versch\u00f6nerung Ihres \u201emise en place\u201c: allein oder in Kombination mit einer Tischdecke, um immer wieder originelle Kombinationen zu schaffen.<br \/>\nBitte lesen Sie den Abschnitt \u201eProduktpflege\u201c f\u00fcr alle Waschanweisungen.<\/p>\n","protected":false},"featured_media":134170,"template":"","meta":{"_seopress_robots_primary_cat":"","_seopress_titles_title":"","_seopress_titles_desc":"","_seopress_robots_index":""},"product_brand":[8562],"product_cat":[3755,5961,3748],"product_tag":[6175,3824,5992,5700,5999],"class_list":{"0":"post-134441","1":"product","2":"type-product","3":"status-publish","4":"has-post-thumbnail","6":"product_brand-arte-pura","7":"product_cat-tisch-zu-behoer","8":"product_cat-tischdecke","9":"product_cat-wohnaccessoires","10":"product_tag-elegante-spitze","11":"product_tag-linoleum","12":"product_tag-romantisch","13":"product_tag-tabelle-de-2","14":"product_tag-tischtucher","15":"pa_colore-weis-019","16":"pa_taglia-90x90-cm-de","17":"pa_tema-weis","19":"first","20":"instock","21":"shipping-taxable","22":"purchasable","23":"product-type-variable"},"jetpack_sharing_enabled":true,"_links":{"self":[{"href":"https:\/\/lighthouselocarno.ch\/de\/wp-json\/wp\/v2\/product\/134441","targetHints":{"allow":["GET"]}}],"collection":[{"href":"https:\/\/lighthouselocarno.ch\/de\/wp-json\/wp\/v2\/product"}],"about":[{"href":"https:\/\/lighthouselocarno.ch\/de\/wp-json\/wp\/v2\/types\/product"}],"wp:featuredmedia":[{"embeddable":true,"href":"https:\/\/lighthouselocarno.ch\/de\/wp-json\/wp\/v2\/media\/134170"}],"wp:attachment":[{"href":"https:\/\/lighthouselocarno.ch\/de\/wp-json\/wp\/v2\/media?parent=134441"}],"wp:term":[{"taxonomy":"product_brand","embeddable":true,"href":"https:\/\/lighthouselocarno.ch\/de\/wp-json\/wp\/v2\/product_brand?post=134441"},{"taxonomy":"product_cat","embeddable":true,"href":"https:\/\/lighthouselocarno.ch\/de\/wp-json\/wp\/v2\/product_cat?post=134441"},{"taxonomy":"product_tag","embeddable":true,"href":"https:\/\/lighthouselocarno.ch\/de\/wp-json\/wp\/v2\/product_tag?post=134441"}],"curies":[{"name":"wp","href":"https:\/\/api.w.org\/{rel}","templated":true}]}}