{"id":134468,"date":"2023-09-05T13:45:18","date_gmt":"2023-09-05T13:45:18","guid":{"rendered":"https:\/\/lighthouselocarno.ch\/prodotto\/schwerer-leinen-laeufer-40x120cm\/"},"modified":"2025-05-23T12:54:45","modified_gmt":"2025-05-23T12:54:45","slug":"runner-40x120cm-in-lino-pesante","status":"publish","type":"product","link":"https:\/\/lighthouselocarno.ch\/de\/produkt\/runner-40x120cm-in-lino-pesante\/","title":{"rendered":"Schwerer Leinen-L\u00e4ufer 40x120cm"},"content":{"rendered":"<p>L\u00e4ufer aus schwerem Leinen mit rechteckigem Arte Pura-Logoeinsatz. Kante mit Falz. Ma\u00dfe 40\u00d7120 cm.<\/p>\n<p>Der L\u00e4ufer wird in Italien aus 100 % hochwertigem Leinen hergestellt und durch spezielle Behandlungen, die das nat\u00fcrliche Erscheinungsbild verst\u00e4rken, weich im Griff.<br \/>\nDieser Stoff ist ideal f\u00fcr den Tisch, da er hypoallergen und antibakteriell ist. Au\u00dferdem werden nat\u00fcrliche und hypoallergene Farbstoffe verwendet, die der Naturfaser Glanz und Schwung verleihen.<br \/>\nLanglebigkeit und einfache Wartung sind weitere Pluspunkte Ihrer Wahl.<br \/>\nIdeal zur Versch\u00f6nerung Ihrer Tischdekoration: allein oder in Kombination mit Tischdecken und Servietten, um immer wieder originelle Kombinationen zu schaffen.<br \/>\nBitte lesen Sie den Abschnitt \u201eProduktpflege\u201c f\u00fcr alle Waschanweisungen.<\/p>\n","protected":false},"excerpt":{"rendered":"<p>L\u00e4ufer aus schwerem Leinen mit rechteckigem Arte Pura-Logoeinsatz. Kante mit Falz. Ma\u00dfe 40\u00d7120 cm.<\/p>\n<p>Der L\u00e4ufer wird in Italien aus 100 % hochwertigem Leinen hergestellt und durch spezielle Behandlungen, die das nat\u00fcrliche Erscheinungsbild verst\u00e4rken, weich im Griff.<br \/>\nDieser Stoff ist ideal f\u00fcr den Tisch, da er hypoallergen und antibakteriell ist. Au\u00dferdem werden nat\u00fcrliche und hypoallergene Farbstoffe verwendet, die der Naturfaser Glanz und Schwung verleihen.<br \/>\nLanglebigkeit und einfache Wartung sind weitere Pluspunkte Ihrer Wahl.<br \/>\nIdeal zur Versch\u00f6nerung Ihrer Tischdekoration: allein oder in Kombination mit Tischdecken und Servietten, um immer wieder originelle Kombinationen zu schaffen.<br \/>\nBitte lesen Sie den Abschnitt \u201eProduktpflege\u201c f\u00fcr alle Waschanweisungen.<\/p>\n","protected":false},"featured_media":134232,"template":"","meta":{"_seopress_robots_primary_cat":"","_seopress_titles_title":"","_seopress_titles_desc":"","_seopress_robots_index":""},"product_brand":[8562],"product_cat":[3755,6288,3748],"product_tag":[7526,7525,6041,3770,3824,5700,3870],"class_list":{"0":"post-134468","1":"product","2":"type-product","3":"status-publish","4":"has-post-thumbnail","6":"product_brand-arte-pura","7":"product_cat-tisch-zu-behoer","8":"product_cat-tischlaufer","9":"product_cat-wohnaccessoires","10":"product_tag-dekorieren-sie-den-tisch-mit-grun","11":"product_tag-gruner-total-look-home","12":"product_tag-industriell","13":"product_tag-laufer","14":"product_tag-linoleum","15":"product_tag-tabelle-de-2","16":"product_tag-tischset","17":"pa_colore-lava-alt-037","18":"pa_colore-see-440","19":"pa_taglia-40x120-cm-de","20":"pa_tema-industriell","22":"first","23":"instock","24":"shipping-taxable","25":"purchasable","26":"product-type-variable"},"jetpack_sharing_enabled":true,"_links":{"self":[{"href":"https:\/\/lighthouselocarno.ch\/de\/wp-json\/wp\/v2\/product\/134468","targetHints":{"allow":["GET"]}}],"collection":[{"href":"https:\/\/lighthouselocarno.ch\/de\/wp-json\/wp\/v2\/product"}],"about":[{"href":"https:\/\/lighthouselocarno.ch\/de\/wp-json\/wp\/v2\/types\/product"}],"wp:featuredmedia":[{"embeddable":true,"href":"https:\/\/lighthouselocarno.ch\/de\/wp-json\/wp\/v2\/media\/134232"}],"wp:attachment":[{"href":"https:\/\/lighthouselocarno.ch\/de\/wp-json\/wp\/v2\/media?parent=134468"}],"wp:term":[{"taxonomy":"product_brand","embeddable":true,"href":"https:\/\/lighthouselocarno.ch\/de\/wp-json\/wp\/v2\/product_brand?post=134468"},{"taxonomy":"product_cat","embeddable":true,"href":"https:\/\/lighthouselocarno.ch\/de\/wp-json\/wp\/v2\/product_cat?post=134468"},{"taxonomy":"product_tag","embeddable":true,"href":"https:\/\/lighthouselocarno.ch\/de\/wp-json\/wp\/v2\/product_tag?post=134468"}],"curies":[{"name":"wp","href":"https:\/\/api.w.org\/{rel}","templated":true}]}}