{"id":134737,"date":"2024-04-06T13:48:21","date_gmt":"2024-04-06T13:48:21","guid":{"rendered":"https:\/\/lighthouselocarno.ch\/prodotto\/45x120cm-spitze-crochet-dekor-laeufer\/"},"modified":"2025-05-23T12:52:24","modified_gmt":"2025-05-23T12:52:24","slug":"laufer-dekor-45x120cm-im-ort-unbekannt","status":"publish","type":"product","link":"https:\/\/lighthouselocarno.ch\/de\/produkt\/laufer-dekor-45x120cm-im-ort-unbekannt\/","title":{"rendered":"45x120cm Spitze \u201eCrochet\u201c Dekor-L\u00e4ufer"},"content":{"rendered":"<p>Deko-L\u00e4ufer 45x120cm aus &#8218;Crochet&#8216;-Spitze mit Leinen- und Baumwollborte.<\/p>\n<p>Der L\u00e4ufer wird in Italien aus hochwertigen Stoffen hergestellt und durch spezielle Behandlungen, die das nat\u00fcrliche Aussehen verst\u00e4rken, angenehm weich gemacht.<br \/>\nDieser Stoff ist ideal f\u00fcr den Tisch, da er hypoallergen und antibakteriell ist. Au\u00dferdem werden nat\u00fcrliche und hypoallergene Farbstoffe verwendet, die der Naturfaser Glanz und Schwung verleihen.<br \/>\nLanglebigkeit und einfache Wartung sind weitere Pluspunkte Ihrer Wahl.<br \/>\nIdeal zur Versch\u00f6nerung Ihrer Tischdekoration: allein oder in Kombination mit Tischdecken und Servietten, um immer wieder originelle Kombinationen zu schaffen.<br \/>\nBitte lesen Sie den Abschnitt \u201eProduktpflege\u201c f\u00fcr alle Waschanweisungen.<\/p>\n","protected":false},"excerpt":{"rendered":"<p>Deko-L\u00e4ufer 45x120cm aus &#8218;Crochet&#8216;-Spitze mit Leinen- und Baumwollborte.<\/p>\n<p>Der L\u00e4ufer wird in Italien aus hochwertigen Stoffen hergestellt und durch spezielle Behandlungen, die das nat\u00fcrliche Aussehen verbessern, weich gemacht.<br \/>\nDieser Stoff ist ideal f\u00fcr den Tisch, da er hypoallergen und antibakteriell ist. Au\u00dferdem werden nat\u00fcrliche und hypoallergene Farbstoffe verwendet, die der Naturfaser Glanz und Schwung verleihen.<br \/>\nLanglebigkeit und einfache Wartung sind weitere Pluspunkte Ihrer Wahl.<br \/>\nIdeal zur Versch\u00f6nerung Ihrer Tischdekoration: allein oder in Kombination mit Tischdecken und Servietten, um immer wieder originelle Kombinationen zu schaffen.<br \/>\nBitte lesen Sie den Abschnitt \u201eProduktpflege\u201c f\u00fcr alle Waschanweisungen.<\/p>\n","protected":false},"featured_media":134515,"template":"","meta":{"_seopress_robots_primary_cat":"none","_seopress_titles_title":"","_seopress_titles_desc":"","_seopress_robots_index":""},"product_brand":[8562],"product_cat":[3755,6288,3748],"product_tag":[6201,3770,5992,5700,3870,5748],"class_list":{"0":"post-134737","1":"product","2":"type-product","3":"status-publish","4":"has-post-thumbnail","6":"product_brand-arte-pura","7":"product_cat-tisch-zu-behoer","8":"product_cat-tischlaufer","9":"product_cat-wohnaccessoires","10":"product_tag-gehakelte-spitze","11":"product_tag-laufer","12":"product_tag-romantisch","13":"product_tag-tabelle-de-2","14":"product_tag-tischset","15":"product_tag-weis","16":"pa_colore-fee-alt-405","17":"pa_colore-retro-900-de","18":"pa_taglia-45x120cm-de","19":"pa_tema-romantisch","21":"first","22":"instock","23":"shipping-taxable","24":"purchasable","25":"product-type-variable"},"jetpack_sharing_enabled":true,"_links":{"self":[{"href":"https:\/\/lighthouselocarno.ch\/de\/wp-json\/wp\/v2\/product\/134737","targetHints":{"allow":["GET"]}}],"collection":[{"href":"https:\/\/lighthouselocarno.ch\/de\/wp-json\/wp\/v2\/product"}],"about":[{"href":"https:\/\/lighthouselocarno.ch\/de\/wp-json\/wp\/v2\/types\/product"}],"wp:featuredmedia":[{"embeddable":true,"href":"https:\/\/lighthouselocarno.ch\/de\/wp-json\/wp\/v2\/media\/134515"}],"wp:attachment":[{"href":"https:\/\/lighthouselocarno.ch\/de\/wp-json\/wp\/v2\/media?parent=134737"}],"wp:term":[{"taxonomy":"product_brand","embeddable":true,"href":"https:\/\/lighthouselocarno.ch\/de\/wp-json\/wp\/v2\/product_brand?post=134737"},{"taxonomy":"product_cat","embeddable":true,"href":"https:\/\/lighthouselocarno.ch\/de\/wp-json\/wp\/v2\/product_cat?post=134737"},{"taxonomy":"product_tag","embeddable":true,"href":"https:\/\/lighthouselocarno.ch\/de\/wp-json\/wp\/v2\/product_tag?post=134737"}],"curies":[{"name":"wp","href":"https:\/\/api.w.org\/{rel}","templated":true}]}}