{"id":135801,"date":"2023-09-05T15:27:58","date_gmt":"2023-09-05T15:27:58","guid":{"rendered":"https:\/\/lighthouselocarno.ch\/prodotto\/kissenbezug-aus-schwerem-leinen-mit-crochet-spitze\/"},"modified":"2025-05-23T12:54:46","modified_gmt":"2025-05-23T12:54:46","slug":"kissenbezug-dekoration-aus-schwerem-leinen-mit-spitze-unzirkuliert","status":"publish","type":"product","link":"https:\/\/lighthouselocarno.ch\/de\/produkt\/kissenbezug-dekoration-aus-schwerem-leinen-mit-spitze-unzirkuliert\/","title":{"rendered":"Kissenbezug aus schwerem Leinen mit \u201eCrochet\u201c-Spitze"},"content":{"rendered":"<p>Zierkissenbezug aus schwerem Leinen mit &#8218;Crochet&#8216;-Spitze, Klappenverschluss und Agoya-Perlmuttkn\u00f6pfen. Rechteckiger Arte Pura-Logoeinsatz auf der Klappe. Gr\u00f6\u00dfe 40&#215;40 cm.<\/p>\n<p>In Italien hergestellter Kopfkissenbezug aus 100 % hochwertigem Leinen, der durch spezielle Behandlungen, die das nat\u00fcrliche Aussehen verst\u00e4rken, weich im Griff ist.<br \/>\nDieser Stoff ist ideal f\u00fcr das Bett, da er hypoallergen und antibakteriell ist. Au\u00dferdem werden nat\u00fcrliche, nicht allergene Farbstoffe verwendet, die der Naturfaser Glanz und Lebendigkeit verleihen.<br \/>\nLanglebigkeit und einfache Wartung sind weitere Pluspunkte Ihrer Wahl.<br \/>\nIdeal, um Ihre Bettausstattung zu versch\u00f6nern: allein oder in Kombination mit einer Tagesdecke und einem Laken, um immer wieder originelle Kombinationen zu schaffen.<br \/>\nBitte lesen Sie den Abschnitt \u201eProduktpflege\u201c f\u00fcr alle Waschanweisungen.<\/p>\n","protected":false},"excerpt":{"rendered":"<p>Zierkissenbezug aus schwerem Leinen mit &#8218;Crochet&#8216;-Spitze, Klappenverschluss und Agoya-Perlmuttkn\u00f6pfen. Rechteckiger Arte Pura-Logoeinsatz auf der Klappe. Gr\u00f6\u00dfe 40&#215;40 cm.<\/p>\n<p>In Italien hergestellter Kopfkissenbezug aus 100 % hochwertigem Leinen, der durch spezielle Behandlungen, die das nat\u00fcrliche Aussehen verst\u00e4rken, weich im Griff ist.<br \/>\nDieser Stoff ist ideal f\u00fcr das Bett, da er hypoallergen und antibakteriell ist. Au\u00dferdem werden nat\u00fcrliche, nicht allergene Farbstoffe verwendet, die der Naturfaser Glanz und Lebendigkeit verleihen.<br \/>\nLanglebigkeit und einfache Wartung sind weitere Pluspunkte Ihrer Wahl.<br \/>\nIdeal, um Ihre Bettausstattung zu versch\u00f6nern: allein oder in Kombination mit einer Tagesdecke und einem Laken, um immer wieder originelle Kombinationen zu schaffen.<br \/>\nBitte lesen Sie den Abschnitt \u201eProduktpflege\u201c f\u00fcr alle Waschanweisungen.<\/p>\n","protected":false},"featured_media":134976,"template":"","meta":{"_seopress_robots_primary_cat":"none","_seopress_titles_title":"","_seopress_titles_desc":"","_seopress_robots_index":""},"product_brand":[8562],"product_cat":[5957,4030,7130,5958,3748],"product_tag":[5980,5959,7486,6201,7580,6209,5966,5992,5706],"class_list":{"0":"post-135801","1":"product","2":"type-product","3":"status-publish","4":"has-post-thumbnail","6":"product_brand-arte-pura","7":"product_cat-bettwaesche","8":"product_cat-deko","9":"product_cat-deko-kissen","10":"product_cat-kissenbezuge","11":"product_cat-wohnaccessoires","12":"product_tag-bett-de","13":"product_tag-bettzeug","14":"product_tag-das-winterzimmer","15":"product_tag-gehakelte-spitze","16":"product_tag-ihr-standort-fur-ostern","17":"product_tag-kopfkissenbezug-de","18":"product_tag-kopfkissenbezuge-de","19":"product_tag-romantisch","20":"product_tag-schlafzimmer","21":"pa_colore-retro-900-de","22":"pa_taglia-40x40-cm-de","23":"pa_tema-romantisch","25":"first","26":"instock","27":"shipping-taxable","28":"purchasable","29":"product-type-variable"},"jetpack_sharing_enabled":true,"_links":{"self":[{"href":"https:\/\/lighthouselocarno.ch\/de\/wp-json\/wp\/v2\/product\/135801","targetHints":{"allow":["GET"]}}],"collection":[{"href":"https:\/\/lighthouselocarno.ch\/de\/wp-json\/wp\/v2\/product"}],"about":[{"href":"https:\/\/lighthouselocarno.ch\/de\/wp-json\/wp\/v2\/types\/product"}],"wp:featuredmedia":[{"embeddable":true,"href":"https:\/\/lighthouselocarno.ch\/de\/wp-json\/wp\/v2\/media\/134976"}],"wp:attachment":[{"href":"https:\/\/lighthouselocarno.ch\/de\/wp-json\/wp\/v2\/media?parent=135801"}],"wp:term":[{"taxonomy":"product_brand","embeddable":true,"href":"https:\/\/lighthouselocarno.ch\/de\/wp-json\/wp\/v2\/product_brand?post=135801"},{"taxonomy":"product_cat","embeddable":true,"href":"https:\/\/lighthouselocarno.ch\/de\/wp-json\/wp\/v2\/product_cat?post=135801"},{"taxonomy":"product_tag","embeddable":true,"href":"https:\/\/lighthouselocarno.ch\/de\/wp-json\/wp\/v2\/product_tag?post=135801"}],"curies":[{"name":"wp","href":"https:\/\/api.w.org\/{rel}","templated":true}]}}