{"id":135825,"date":"2023-09-05T15:28:33","date_gmt":"2023-09-05T15:28:33","guid":{"rendered":"https:\/\/lighthouselocarno.ch\/prodotto\/bettbezug-138x200cm-mit-harmony-spitze\/"},"modified":"2025-05-23T12:54:46","modified_gmt":"2025-05-23T12:54:46","slug":"bettbezug-138x200cm-mit-lilie-harmonie","status":"publish","type":"product","link":"https:\/\/lighthouselocarno.ch\/de\/produkt\/bettbezug-138x200cm-mit-lilie-harmonie\/","title":{"rendered":"Bettbezug 138x200cm mit &#8218;Harmony&#8216; Spitze"},"content":{"rendered":"<p><span>Einzelner Bettbezug aus schwerem Leinen mit Spitze &#8218;Harmony&#8216;. Ma\u00dfe 138x200cm.<\/span><\/p>\n<p>Der Bettbezug wird in Italien aus 100% hochwertigem Leinen hergestellt und durch spezielle Behandlungen, die das nat\u00fcrliche Aussehen verst\u00e4rken, streichelzart gemacht.<br \/>\nDieser Stoff ist ideal f\u00fcr das Bett, da er hypoallergen und antibakteriell ist. Au\u00dferdem werden nat\u00fcrliche, nicht allergene Farbstoffe verwendet, die der Naturfaser Glanz und Lebendigkeit verleihen.<br \/>\nLanglebigkeit und einfache Wartung sind weitere Pluspunkte Ihrer Wahl.<br \/>\nIdeal, um Ihre Bettausstattung zu versch\u00f6nern: allein oder in Kombination mit farbigen Kissenbez\u00fcgen und Laken, um immer wieder originelle Kombinationen zu schaffen.<br \/>\nBitte lesen Sie den Abschnitt \u201eProduktpflege\u201c f\u00fcr alle Waschanweisungen.<\/p>\n","protected":false},"excerpt":{"rendered":"<p><span>Einzelner Bettbezug aus schwerem Leinen mit Spitze &#8218;Harmony&#8216;. Ma\u00dfe 138x200cm.<\/span><\/p>\n<p>Der Bettbezug wird in Italien aus 100% hochwertigem Leinen hergestellt und durch spezielle Behandlungen, die das nat\u00fcrliche Aussehen verst\u00e4rken, streichelzart gemacht.<br \/>\nDieser Stoff ist ideal f\u00fcr das Bett, da er hypoallergen und antibakteriell ist. Au\u00dferdem werden nat\u00fcrliche, nicht allergene Farbstoffe verwendet, die der Naturfaser Glanz und Lebendigkeit verleihen.<br \/>\nLanglebigkeit und einfache Wartung sind weitere Pluspunkte Ihrer Wahl.<br \/>\nIdeal, um Ihre Bettausstattung zu versch\u00f6nern: allein oder in Kombination mit farbigen Kissenbez\u00fcgen und Laken, um immer wieder originelle Kombinationen zu schaffen.<br \/>\nBitte lesen Sie den Abschnitt \u201eProduktpflege\u201c f\u00fcr alle Waschanweisungen.<\/p>\n","protected":false},"featured_media":135005,"template":"","meta":{"_seopress_robots_primary_cat":"none","_seopress_titles_title":"","_seopress_titles_desc":"","_seopress_robots_index":""},"product_brand":[8562],"product_cat":[5957,6368,3748],"product_tag":[5980,6375,5959,7486,5988,5992,6130,5706,7485],"class_list":{"0":"post-135825","1":"product","2":"type-product","3":"status-publish","4":"has-post-thumbnail","6":"product_brand-arte-pura","7":"product_cat-bettwaesche","8":"product_cat-duvetbezuege","9":"product_cat-wohnaccessoires","10":"product_tag-bett-de","11":"product_tag-bettbezug-de","12":"product_tag-bettzeug","13":"product_tag-das-winterzimmer","14":"product_tag-harmonie-spitze","15":"product_tag-romantisch","16":"product_tag-schlafen-auf-einer-wolke","17":"product_tag-schlafzimmer","18":"product_tag-wie-man-das-kinderzimmer-einrichtet","19":"pa_colore-puder-alt-043","20":"pa_taglia-138x200cm-de","21":"pa_tema-romantisch","23":"first","24":"instock","25":"shipping-taxable","26":"purchasable","27":"product-type-variable"},"jetpack_sharing_enabled":true,"_links":{"self":[{"href":"https:\/\/lighthouselocarno.ch\/de\/wp-json\/wp\/v2\/product\/135825","targetHints":{"allow":["GET"]}}],"collection":[{"href":"https:\/\/lighthouselocarno.ch\/de\/wp-json\/wp\/v2\/product"}],"about":[{"href":"https:\/\/lighthouselocarno.ch\/de\/wp-json\/wp\/v2\/types\/product"}],"wp:featuredmedia":[{"embeddable":true,"href":"https:\/\/lighthouselocarno.ch\/de\/wp-json\/wp\/v2\/media\/135005"}],"wp:attachment":[{"href":"https:\/\/lighthouselocarno.ch\/de\/wp-json\/wp\/v2\/media?parent=135825"}],"wp:term":[{"taxonomy":"product_brand","embeddable":true,"href":"https:\/\/lighthouselocarno.ch\/de\/wp-json\/wp\/v2\/product_brand?post=135825"},{"taxonomy":"product_cat","embeddable":true,"href":"https:\/\/lighthouselocarno.ch\/de\/wp-json\/wp\/v2\/product_cat?post=135825"},{"taxonomy":"product_tag","embeddable":true,"href":"https:\/\/lighthouselocarno.ch\/de\/wp-json\/wp\/v2\/product_tag?post=135825"}],"curies":[{"name":"wp","href":"https:\/\/api.w.org\/{rel}","templated":true}]}}