{"id":135848,"date":"2023-12-05T15:27:06","date_gmt":"2023-12-05T15:27:06","guid":{"rendered":"https:\/\/lighthouselocarno.ch\/prodotto\/vorhang-aus-hellem-leinen-und-organza-mit-schleifen\/"},"modified":"2025-05-23T12:52:24","modified_gmt":"2025-05-23T12:52:24","slug":"zelt-in-leinen-leicht-und-organza-mit-schleifen","status":"publish","type":"product","link":"https:\/\/lighthouselocarno.ch\/de\/produkt\/zelt-in-leinen-leicht-und-organza-mit-schleifen\/","title":{"rendered":"Vorhang aus hellem Leinen und Organza mit Schleifen"},"content":{"rendered":"<p>Vorhang aus leichtem Leinen und Organza, dekorativer Seitenverschluss mit Schleifen. M\u00f6glichkeit der Verbindung von 2 oder mehr Zelten dank der Seitenb\u00fcgel. Ma\u00dfe 130&#215;300 cm.<\/p>\n<p>Vorhang, der in Italien aus hochwertigem 100%igem Leinen hergestellt wird und sich durch spezielle Behandlungen, die das nat\u00fcrliche Aussehen verst\u00e4rken, weich anf\u00fchlt.<br \/>\nDieser Stoff ist ideal, weil er hypoallergen und antibakteriell ist. Au\u00dferdem werden nat\u00fcrliche, nicht allergene Farbstoffe verwendet, die der Naturfaser Glanz und Lebendigkeit verleihen.<br \/>\nLanglebigkeit und einfache Wartung sind weitere Pluspunkte Ihrer Wahl.<br \/>\nVersch\u00f6nern Sie Ihre R\u00e4ume, indem Sie Ihrer Einrichtung einen Hauch von Originalit\u00e4t verleihen.<br \/>\nBitte lesen Sie den Abschnitt \u201eProduktpflege\u201c f\u00fcr alle Waschanweisungen.<\/p>\n","protected":false},"excerpt":{"rendered":"<p>Vorhang aus leichtem Leinen und Organza, dekorativer Seitenverschluss mit Schleifen. M\u00f6glichkeit der Verbindung von 2 oder mehr Zelten dank der Seitenb\u00fcgel. Ma\u00dfe 130&#215;300 cm.<\/p>\n<p>Vorhang, der in Italien aus hochwertigem 100%igem Leinen hergestellt wird und sich durch spezielle Behandlungen, die das nat\u00fcrliche Aussehen verst\u00e4rken, weich anf\u00fchlt.<br \/>\nDieser Stoff ist ideal, weil er hypoallergen und antibakteriell ist. Au\u00dferdem werden nat\u00fcrliche, nicht allergene Farbstoffe verwendet, die der Naturfaser Glanz und Lebendigkeit verleihen.<br \/>\nLanglebigkeit und einfache Wartung sind weitere Pluspunkte Ihrer Wahl.<br \/>\nVersch\u00f6nern Sie Ihre R\u00e4ume, indem Sie Ihrer Einrichtung einen Hauch von Originalit\u00e4t verleihen.<br \/>\nBitte lesen Sie den Abschnitt \u201eProduktpflege\u201c f\u00fcr alle Waschanweisungen.<\/p>\n","protected":false},"featured_media":134935,"template":"","meta":{"_seopress_robots_primary_cat":"none","_seopress_titles_title":"","_seopress_titles_desc":"","_seopress_robots_index":""},"product_brand":[8562],"product_cat":[7195,6091,3748],"product_tag":[4859,6529,7601,7481,5706,5748,5712,6098],"class_list":{"0":"post-135848","1":"product","2":"type-product","3":"status-publish","4":"has-post-thumbnail","6":"product_brand-arte-pura","7":"product_cat-vorhaenge-de","8":"product_cat-vorhange","9":"product_cat-wohnaccessoires","10":"product_tag-badezimmer","11":"product_tag-flocken","12":"product_tag-leinenvorhange","13":"product_tag-ohne-spitze","14":"product_tag-schlafzimmer","15":"product_tag-weis","16":"product_tag-wohnbereich","17":"product_tag-zelte","18":"pa_colore-weis-019","19":"pa_taglia-130x300-cm-de","20":"pa_tema-weis","22":"first","23":"instock","24":"shipping-taxable","25":"purchasable","26":"product-type-variable","27":"has-default-attributes"},"jetpack_sharing_enabled":true,"_links":{"self":[{"href":"https:\/\/lighthouselocarno.ch\/de\/wp-json\/wp\/v2\/product\/135848","targetHints":{"allow":["GET"]}}],"collection":[{"href":"https:\/\/lighthouselocarno.ch\/de\/wp-json\/wp\/v2\/product"}],"about":[{"href":"https:\/\/lighthouselocarno.ch\/de\/wp-json\/wp\/v2\/types\/product"}],"wp:featuredmedia":[{"embeddable":true,"href":"https:\/\/lighthouselocarno.ch\/de\/wp-json\/wp\/v2\/media\/134935"}],"wp:attachment":[{"href":"https:\/\/lighthouselocarno.ch\/de\/wp-json\/wp\/v2\/media?parent=135848"}],"wp:term":[{"taxonomy":"product_brand","embeddable":true,"href":"https:\/\/lighthouselocarno.ch\/de\/wp-json\/wp\/v2\/product_brand?post=135848"},{"taxonomy":"product_cat","embeddable":true,"href":"https:\/\/lighthouselocarno.ch\/de\/wp-json\/wp\/v2\/product_cat?post=135848"},{"taxonomy":"product_tag","embeddable":true,"href":"https:\/\/lighthouselocarno.ch\/de\/wp-json\/wp\/v2\/product_tag?post=135848"}],"curies":[{"name":"wp","href":"https:\/\/api.w.org\/{rel}","templated":true}]}}