{"id":135851,"date":"2023-09-05T15:27:57","date_gmt":"2023-09-05T15:27:57","guid":{"rendered":"https:\/\/lighthouselocarno.ch\/prodotto\/leichtes-leinen-doppelbetttuch-mit-drei-volant-applikation\/"},"modified":"2025-05-23T12:54:46","modified_gmt":"2025-05-23T12:54:46","slug":"leichtes-leinen-hochzeits-betttuch-mit-applikation-drei-bogen","status":"publish","type":"product","link":"https:\/\/lighthouselocarno.ch\/de\/produkt\/leichtes-leinen-hochzeits-betttuch-mit-applikation-drei-bogen\/","title":{"rendered":"Leichtes Leinen-Doppelbetttuch mit \u201eDrei-Volant\u201c-Applikation"},"content":{"rendered":"<p>Leichtes Leinen-Doppelbetttuch mit \u201eDrei-Volant\u201c-Applikation. Quadratischer Logo-Einsatz von Arte Pura. Kante mit Falz. Abmessungen 270&#215;290 cm.<\/p>\n<p>Das Laken wird in Italien aus 100% hochwertigem Leinen hergestellt und durch spezielle Behandlungen, die das nat\u00fcrliche Aussehen verst\u00e4rken, streichelzart gemacht.<br \/>\nDieser Stoff ist ideal f\u00fcr das Bett, da er hypoallergen und antibakteriell ist. Au\u00dferdem werden nat\u00fcrliche, nicht allergene Farbstoffe verwendet, die der Naturfaser Glanz und Lebendigkeit verleihen.<br \/>\nLanglebigkeit und einfache Wartung sind weitere Pluspunkte Ihrer Wahl.<br \/>\nIdeal, um Ihre Bettausstattung zu versch\u00f6nern: allein oder in Kombination mit Bettdecken und Kissenbez\u00fcgen, um immer wieder originelle Kombinationen zu schaffen.<br \/>\nBitte lesen Sie den Abschnitt \u201eProduktpflege\u201c f\u00fcr alle Waschanweisungen.<\/p>\n","protected":false},"excerpt":{"rendered":"<p>Leichtes Leinen-Doppelbetttuch mit \u201eDrei-Volant\u201c-Applikation. Quadratischer Logo-Einsatz von Arte Pura. Kante mit Falz. Abmessungen 270&#215;290 cm.<\/p>\n<p>Das Laken wird in Italien aus 100% hochwertigem Leinen hergestellt und durch spezielle Behandlungen, die das nat\u00fcrliche Aussehen verst\u00e4rken, streichelzart gemacht.<br \/>\nDieser Stoff ist ideal f\u00fcr das Bett, da er hypoallergen und antibakteriell ist. Au\u00dferdem werden nat\u00fcrliche, nicht allergene Farbstoffe verwendet, die der Naturfaser Glanz und Lebendigkeit verleihen.<br \/>\nLanglebigkeit und einfache Wartung sind weitere Pluspunkte Ihrer Wahl.<br \/>\nIdeal, um Ihre Bettausstattung zu versch\u00f6nern: allein oder in Kombination mit Bettdecken und Kissenbez\u00fcgen, um immer wieder originelle Kombinationen zu schaffen.<br \/>\nBitte lesen Sie den Abschnitt \u201eProduktpflege\u201c f\u00fcr alle Waschanweisungen.<\/p>\n","protected":false},"featured_media":134954,"template":"","meta":{"_seopress_robots_primary_cat":"none","_seopress_titles_title":"","_seopress_titles_desc":"","_seopress_robots_index":"","_seopress_analysis_target_kw":""},"product_brand":[8562],"product_cat":[5957,6019,3748],"product_tag":[5980,5959,6051,7486,3824,5706,5748,5726],"class_list":{"0":"post-135851","1":"product","2":"type-product","3":"status-publish","4":"has-post-thumbnail","6":"product_brand-arte-pura","7":"product_cat-bettwaesche","8":"product_cat-leintucher","9":"product_cat-wohnaccessoires","10":"product_tag-bett-de","11":"product_tag-bettzeug","12":"product_tag-blatter","13":"product_tag-das-winterzimmer","14":"product_tag-linoleum","15":"product_tag-schlafzimmer","16":"product_tag-weis","17":"product_tag-wesentlich","18":"pa_colore-liebenswerte-alte-437","19":"pa_taglia-270x290-cm-de","20":"pa_tema-wesentlich","22":"first","23":"instock","24":"shipping-taxable","25":"purchasable","26":"product-type-variable"},"jetpack_sharing_enabled":true,"_links":{"self":[{"href":"https:\/\/lighthouselocarno.ch\/de\/wp-json\/wp\/v2\/product\/135851","targetHints":{"allow":["GET"]}}],"collection":[{"href":"https:\/\/lighthouselocarno.ch\/de\/wp-json\/wp\/v2\/product"}],"about":[{"href":"https:\/\/lighthouselocarno.ch\/de\/wp-json\/wp\/v2\/types\/product"}],"wp:featuredmedia":[{"embeddable":true,"href":"https:\/\/lighthouselocarno.ch\/de\/wp-json\/wp\/v2\/media\/134954"}],"wp:attachment":[{"href":"https:\/\/lighthouselocarno.ch\/de\/wp-json\/wp\/v2\/media?parent=135851"}],"wp:term":[{"taxonomy":"product_brand","embeddable":true,"href":"https:\/\/lighthouselocarno.ch\/de\/wp-json\/wp\/v2\/product_brand?post=135851"},{"taxonomy":"product_cat","embeddable":true,"href":"https:\/\/lighthouselocarno.ch\/de\/wp-json\/wp\/v2\/product_cat?post=135851"},{"taxonomy":"product_tag","embeddable":true,"href":"https:\/\/lighthouselocarno.ch\/de\/wp-json\/wp\/v2\/product_tag?post=135851"}],"curies":[{"name":"wp","href":"https:\/\/api.w.org\/{rel}","templated":true}]}}