{"id":135852,"date":"2023-09-05T15:27:05","date_gmt":"2023-09-05T15:27:05","guid":{"rendered":"https:\/\/lighthouselocarno.ch\/prodotto\/gesichts-und-gaestehandtuch-aus-frottee-mit-geometric-dekor\/"},"modified":"2025-05-23T12:54:46","modified_gmt":"2025-05-23T12:54:46","slug":"gesicht-und-gastgeber-handtuch-im-schwamm-mit-geometrischem-dekor","status":"publish","type":"product","link":"https:\/\/lighthouselocarno.ch\/de\/produkt\/gesicht-und-gastgeber-handtuch-im-schwamm-mit-geometrischem-dekor\/","title":{"rendered":"Gesichts- und G\u00e4stehandtuch aus Frottee mit &#8218;Geometric&#8216;-Dekor"},"content":{"rendered":"<p><span>Ein Paar Frottee-Gesichts- und G\u00e4stehandt\u00fccher mit &#8218;Geometric&#8216; Dekoration auf einer Seite. Borte aus Leinenmischung. Kreisf\u00f6rmiger Arte Pura Logo-Einsatz. Gr\u00f6\u00dfe: Gesichtshandtuch 60&#215;100 cm, G\u00e4stehandtuch 40&#215;60 cm.<\/span><\/p>\n<p>Das Handtuch wird in Italien aus hochwertiger Baumwolle hergestellt und durch spezielle Behandlungen, die das nat\u00fcrliche Aussehen verst\u00e4rken, streichelzart gemacht.<br \/>\nEin idealer Stoff f\u00fcr das Badezimmer, denn er ist hypoallergen, antibakteriell und vor allem hygroskopisch. In voller Achtung vor Ihrer Haut.<br \/>\nZus\u00e4tzlich zur Verwendung von nat\u00fcrlichen und hypoallergenen Farbstoffen, die der Naturfaser Glanz und Ausstrahlung verleihen.<br \/>\nLanglebigkeit und einfache Wartung sind weitere Pluspunkte Ihrer Wahl.<br \/>\nIdeal zur Versch\u00f6nerung des Badezimmersets: allein oder in Kombination mit Handtuch und Bademantel, um immer wieder originelle Kombinationen zu schaffen.<br \/>\nBitte lesen Sie den Abschnitt \u201eProduktpflege\u201c f\u00fcr alle Waschanweisungen.<\/p>\n","protected":false},"excerpt":{"rendered":"<p><span>Ein Paar Frottee-Gesichts- und G\u00e4stehandt\u00fccher mit &#8218;Geometric&#8216; Dekoration auf einer Seite. Borte aus Leinenmischung. Kreisf\u00f6rmiger Arte Pura Logo-Einsatz. Gr\u00f6\u00dfe: Gesichtshandtuch 60&#215;100 cm, G\u00e4stehandtuch 40&#215;60 cm.<\/span><\/p>\n<p>Das Handtuch wird in Italien aus hochwertiger Baumwolle hergestellt und durch spezielle Behandlungen, die das nat\u00fcrliche Aussehen verst\u00e4rken, streichelzart gemacht.<br \/>\nEin idealer Stoff f\u00fcr das Badezimmer, denn er ist hypoallergen, antibakteriell und vor allem hygroskopisch. In voller Achtung vor Ihrer Haut.<br \/>\nZus\u00e4tzlich zur Verwendung von nat\u00fcrlichen und hypoallergenen Farbstoffen, die der Naturfaser Glanz und Ausstrahlung verleihen.<br \/>\nLanglebigkeit und einfache Wartung sind weitere Pluspunkte Ihrer Wahl.<br \/>\nIdeal zur Versch\u00f6nerung des Badezimmersets: allein oder in Kombination mit Handtuch und Bademantel, um immer wieder originelle Kombinationen zu schaffen.<br \/>\nBitte lesen Sie den Abschnitt \u201eProduktpflege\u201c f\u00fcr alle Waschanweisungen.<\/p>\n","protected":false},"featured_media":134905,"template":"","meta":{"_seopress_robots_primary_cat":"none","_seopress_titles_title":"","_seopress_titles_desc":"","_seopress_robots_index":""},"product_brand":[8562],"product_cat":[6027,3916,3748],"product_tag":[4859,7608,7525,6046,4796,6041,7607,5179,6031],"class_list":{"0":"post-135852","1":"product","2":"type-product","3":"status-publish","4":"has-post-thumbnail","6":"product_brand-arte-pura","7":"product_cat-badetucher","8":"product_cat-badezimmer","9":"product_cat-wohnaccessoires","10":"product_tag-badezimmer","11":"product_tag-geometrisch","12":"product_tag-gruner-total-look-home","13":"product_tag-handtuch-fur-gesicht-und-gaste","14":"product_tag-handtucher","15":"product_tag-industriell","16":"product_tag-sanfte-und-anmutige-liebkosungen","17":"product_tag-schwamm-de","18":"product_tag-wasche-fur-das-badezimmer","19":"pa_colore-see-440","20":"pa_taglia-40x60-cm-de","21":"pa_taglia-60x100-cm-de","22":"pa_tema-industriell","24":"first","25":"instock","26":"shipping-taxable","27":"purchasable","28":"product-type-variable"},"jetpack_sharing_enabled":true,"_links":{"self":[{"href":"https:\/\/lighthouselocarno.ch\/de\/wp-json\/wp\/v2\/product\/135852","targetHints":{"allow":["GET"]}}],"collection":[{"href":"https:\/\/lighthouselocarno.ch\/de\/wp-json\/wp\/v2\/product"}],"about":[{"href":"https:\/\/lighthouselocarno.ch\/de\/wp-json\/wp\/v2\/types\/product"}],"wp:featuredmedia":[{"embeddable":true,"href":"https:\/\/lighthouselocarno.ch\/de\/wp-json\/wp\/v2\/media\/134905"}],"wp:attachment":[{"href":"https:\/\/lighthouselocarno.ch\/de\/wp-json\/wp\/v2\/media?parent=135852"}],"wp:term":[{"taxonomy":"product_brand","embeddable":true,"href":"https:\/\/lighthouselocarno.ch\/de\/wp-json\/wp\/v2\/product_brand?post=135852"},{"taxonomy":"product_cat","embeddable":true,"href":"https:\/\/lighthouselocarno.ch\/de\/wp-json\/wp\/v2\/product_cat?post=135852"},{"taxonomy":"product_tag","embeddable":true,"href":"https:\/\/lighthouselocarno.ch\/de\/wp-json\/wp\/v2\/product_tag?post=135852"}],"curies":[{"name":"wp","href":"https:\/\/api.w.org\/{rel}","templated":true}]}}