{"id":135920,"date":"2024-07-05T15:36:08","date_gmt":"2024-07-05T15:36:08","guid":{"rendered":"https:\/\/lighthouselocarno.ch\/prodotto\/schachtel-mit-6-serviettenbaendern-mit-anhaengern\/"},"modified":"2025-05-23T12:52:24","modified_gmt":"2025-05-23T12:52:24","slug":"box-set-6-nadeln-mit-anhangern","status":"publish","type":"product","link":"https:\/\/lighthouselocarno.ch\/de\/produkt\/box-set-6-nadeln-mit-anhangern\/","title":{"rendered":"Schachtel mit 6 Serviettenb\u00e4ndern mit Anh\u00e4ngern"},"content":{"rendered":"<p>Schachtel mit 6 Serviettenb\u00e4ndern mit Anh\u00e4ngern.<\/p>\n<p>Serviettenbinder, hergestellt in Italien aus 100% hochwertigem Leinen und weich im Griff durch spezielle Behandlungen, die das nat\u00fcrliche Aussehen verbessern.<br \/>\nDieser Stoff ist ideal f\u00fcr den Tisch, da er hypoallergen und antibakteriell ist. Au\u00dferdem werden nat\u00fcrliche und hypoallergene Farbstoffe verwendet, die der Naturfaser Glanz und Schwung verleihen.<br \/>\nLanglebigkeit und einfache Wartung sind weitere Pluspunkte Ihrer Wahl.<br \/>\nIdeal zur Versch\u00f6nerung Ihres \u201emise en place\u201c: passen Sie Servietten und Tischt\u00fccher zusammen, um jedes Mal originelle Kombinationen zu schaffen.<br \/>\nBitte lesen Sie den Abschnitt \u201eProduktpflege\u201c f\u00fcr alle Waschanweisungen.<\/p>\n","protected":false},"excerpt":{"rendered":"<p>Schachtel mit 6 Serviettenb\u00e4ndern mit Anh\u00e4ngern.<\/p>\n<p>Serviettenbinder, hergestellt in Italien aus 100% hochwertigem Leinen und weich im Griff durch spezielle Behandlungen, die das nat\u00fcrliche Aussehen verbessern.<br \/>\nDieser Stoff ist ideal f\u00fcr den Tisch, da er hypoallergen und antibakteriell ist. Au\u00dferdem werden nat\u00fcrliche und hypoallergene Farbstoffe verwendet, die der Naturfaser Glanz und Schwung verleihen.<br \/>\nLanglebigkeit und einfache Wartung sind weitere Pluspunkte Ihrer Wahl.<br \/>\nIdeal zur Versch\u00f6nerung Ihres \u201emise en place\u201c: passen Sie Servietten und Tischt\u00fccher zusammen, um jedes Mal originelle Kombinationen zu schaffen.<br \/>\nBitte lesen Sie den Abschnitt \u201eProduktpflege\u201c f\u00fcr alle Waschanweisungen.<\/p>\n","protected":false},"featured_media":135133,"template":"","meta":{"_seopress_robots_primary_cat":"none","_seopress_titles_title":"Schachtel mit 6 Leinen-Serviettenb\u00e4ndern mit Anh\u00e4ngern","_seopress_titles_desc":"6 Tie-Dye-Box aus Leinen mit handgefertigten Anh\u00e4ngern. Originelle, elegante Geschenkidee f\u00fcr eine Einrichtung mit Stil. Luxuri\u00f6se Wohn- und Tischaccessoires","_seopress_robots_index":""},"product_brand":[8562],"product_cat":[5718,3755,3748],"product_tag":[7580,7448,7481,5992,4924,6189,5700,3870,7431,7552,7428],"class_list":{"0":"post-135920","1":"product","2":"type-product","3":"status-publish","4":"has-post-thumbnail","6":"product_brand-arte-pura","7":"product_cat-servietten-und-ringe","8":"product_cat-tisch-zu-behoer","9":"product_cat-wohnaccessoires","10":"product_tag-ihr-standort-fur-ostern","11":"product_tag-ihre-hochzeit-vorbereiten","12":"product_tag-ohne-spitze","13":"product_tag-romantisch","14":"product_tag-servietten","15":"product_tag-serviettenkrawatten","16":"product_tag-tabelle-de-2","17":"product_tag-tischset","18":"product_tag-wahlen-sie-ihren-favoriten","19":"product_tag-zuruck","20":"product_tag-zwei-stile-zur-auswahl","21":"pa_colore-retro-900-de","22":"pa_tema-romantisch","24":"first","25":"instock","26":"shipping-taxable","27":"purchasable","28":"product-type-variable","29":"has-default-attributes"},"jetpack_sharing_enabled":true,"_links":{"self":[{"href":"https:\/\/lighthouselocarno.ch\/de\/wp-json\/wp\/v2\/product\/135920","targetHints":{"allow":["GET"]}}],"collection":[{"href":"https:\/\/lighthouselocarno.ch\/de\/wp-json\/wp\/v2\/product"}],"about":[{"href":"https:\/\/lighthouselocarno.ch\/de\/wp-json\/wp\/v2\/types\/product"}],"wp:featuredmedia":[{"embeddable":true,"href":"https:\/\/lighthouselocarno.ch\/de\/wp-json\/wp\/v2\/media\/135133"}],"wp:attachment":[{"href":"https:\/\/lighthouselocarno.ch\/de\/wp-json\/wp\/v2\/media?parent=135920"}],"wp:term":[{"taxonomy":"product_brand","embeddable":true,"href":"https:\/\/lighthouselocarno.ch\/de\/wp-json\/wp\/v2\/product_brand?post=135920"},{"taxonomy":"product_cat","embeddable":true,"href":"https:\/\/lighthouselocarno.ch\/de\/wp-json\/wp\/v2\/product_cat?post=135920"},{"taxonomy":"product_tag","embeddable":true,"href":"https:\/\/lighthouselocarno.ch\/de\/wp-json\/wp\/v2\/product_tag?post=135920"}],"curies":[{"name":"wp","href":"https:\/\/api.w.org\/{rel}","templated":true}]}}