{"id":135973,"date":"2023-09-05T15:37:49","date_gmt":"2023-09-05T15:37:49","guid":{"rendered":"https:\/\/lighthouselocarno.ch\/prodotto\/grosser-leinenkoffer-mit-crochet-spitze\/"},"modified":"2025-05-23T12:54:46","modified_gmt":"2025-05-23T12:54:46","slug":"beutel-gros-leinen-mit-kordel-uncinett","status":"publish","type":"product","link":"https:\/\/lighthouselocarno.ch\/de\/produkt\/beutel-gros-leinen-mit-kordel-uncinett\/","title":{"rendered":"Gro\u00dfer Leinenkoffer mit &#8218;Crochet&#8216;-Spitze"},"content":{"rendered":"<p>Gro\u00dfes Leinenetui mit &#8218;Crochet&#8216;-Spitze. Ma\u00dfe 25&#215;15 cm.<\/p>\n<p>Leinenetui, hergestellt in Italien aus 100% hochwertigem Leinen, zus\u00e4tzlich zur Verwendung von nat\u00fcrlichen und hypoallergenen Farbstoffen, die der Naturfaser Glanz und Lebendigkeit verleihen.<br \/>\nLanglebigkeit und einfache Wartung sind weitere Pluspunkte Ihrer Wahl.<br \/>\nDekorieren Sie Ihre R\u00e4ume, indem Sie Ihrer Einrichtung einen Hauch von Originalit\u00e4t verleihen.<\/p>\n<p>Sie k\u00f6nnen dieses Etui f\u00fcr Ihr Make-up, als Stifthalter oder als kleine Clutch-Tasche f\u00fcr alles, was Sie immer bei sich tragen m\u00f6chten, verwenden.<\/p>\n","protected":false},"excerpt":{"rendered":"<p>Gro\u00dfes Leinenetui mit &#8218;Crochet&#8216;-Spitze. Ma\u00dfe 25&#215;15 cm.<\/p>\n<p>Leinenetui, hergestellt in Italien aus 100% hochwertigem Leinen, zus\u00e4tzlich zur Verwendung von nat\u00fcrlichen und hypoallergenen Farbstoffen, die der Naturfaser Glanz und Lebendigkeit verleihen.<br \/>\nLanglebigkeit und einfache Wartung sind weitere Pluspunkte Ihrer Wahl.<br \/>\nDekorieren Sie Ihre R\u00e4ume, indem Sie Ihrer Einrichtung einen Hauch von Originalit\u00e4t verleihen.<\/p>\n<p>Sie k\u00f6nnen dieses Etui f\u00fcr Ihr Make-up, als Stifthalter oder als kleine Clutch-Tasche f\u00fcr alles, was Sie immer bei sich tragen m\u00f6chten, verwenden.<\/p>\n","protected":false},"featured_media":135264,"template":"","meta":{"_seopress_robots_primary_cat":"none","_seopress_titles_title":"","_seopress_titles_desc":"","_seopress_robots_index":""},"product_brand":[8562],"product_cat":[6035,5282,3748],"product_tag":[4859,7486,5723,6049,6201,4470,6056,7628,7429,5992,5706,6038,7631,5712,5851],"class_list":{"0":"post-135973","1":"product","2":"type-product","3":"status-publish","4":"has-post-thumbnail","6":"product_brand-arte-pura","7":"product_cat-accessoires-de","8":"product_cat-kosmetik-taschen","9":"product_cat-wohnaccessoires","10":"product_tag-badezimmer","11":"product_tag-das-winterzimmer","12":"product_tag-dekoratives-zubehor","13":"product_tag-fall","14":"product_tag-gehakelte-spitze","15":"product_tag-halterung","16":"product_tag-make-up-halter","17":"product_tag-organisieren-sie-ihre-raume","18":"product_tag-originelle-geschenkideen-hier-ist-die-losung-fur-sie","19":"product_tag-romantisch","20":"product_tag-schlafzimmer","21":"product_tag-trousse-de","22":"product_tag-wahlen-sie-ihre-trousse","23":"product_tag-wohnbereich","24":"product_tag-zubehor","25":"pa_colore-retro-900-de","26":"pa_taglia-25x15-cm-de","27":"pa_tema-romantisch","29":"first","30":"instock","31":"shipping-taxable","32":"purchasable","33":"product-type-variable"},"jetpack_sharing_enabled":true,"_links":{"self":[{"href":"https:\/\/lighthouselocarno.ch\/de\/wp-json\/wp\/v2\/product\/135973","targetHints":{"allow":["GET"]}}],"collection":[{"href":"https:\/\/lighthouselocarno.ch\/de\/wp-json\/wp\/v2\/product"}],"about":[{"href":"https:\/\/lighthouselocarno.ch\/de\/wp-json\/wp\/v2\/types\/product"}],"wp:featuredmedia":[{"embeddable":true,"href":"https:\/\/lighthouselocarno.ch\/de\/wp-json\/wp\/v2\/media\/135264"}],"wp:attachment":[{"href":"https:\/\/lighthouselocarno.ch\/de\/wp-json\/wp\/v2\/media?parent=135973"}],"wp:term":[{"taxonomy":"product_brand","embeddable":true,"href":"https:\/\/lighthouselocarno.ch\/de\/wp-json\/wp\/v2\/product_brand?post=135973"},{"taxonomy":"product_cat","embeddable":true,"href":"https:\/\/lighthouselocarno.ch\/de\/wp-json\/wp\/v2\/product_cat?post=135973"},{"taxonomy":"product_tag","embeddable":true,"href":"https:\/\/lighthouselocarno.ch\/de\/wp-json\/wp\/v2\/product_tag?post=135973"}],"curies":[{"name":"wp","href":"https:\/\/api.w.org\/{rel}","templated":true}]}}