{"id":136014,"date":"2023-09-05T15:41:09","date_gmt":"2023-09-05T15:41:09","guid":{"rendered":"https:\/\/lighthouselocarno.ch\/prodotto\/bettbezug-138x200cm-mit-elegant-spitze\/"},"modified":"2025-05-23T12:52:24","modified_gmt":"2025-05-23T12:52:24","slug":"bettbezug-138x200cm-mit-eleganter-spitze","status":"publish","type":"product","link":"https:\/\/lighthouselocarno.ch\/de\/produkt\/bettbezug-138x200cm-mit-eleganter-spitze\/","title":{"rendered":"Bettbezug 138x200cm mit &#8218;Elegant&#8216; Spitze"},"content":{"rendered":"<p><span data-sheets-value=\"{\"1\":2,\"2\":\"Sacco contenitore bianco in lino pesante con pizzo \"gocce\". Misure 240 x 220 cm.\"}\" data-sheets-userformat=\"{\"2\":963,\"3\":{\"1\":0},\"4\":[null,2,16043212],\"9\":1,\"10\":1,\"11\":3,\"12\":0}\">Einzelner Bettbezug aus schwerem Leinen mit Spitze &#8218;Elegant&#8216;. Ma\u00dfe 138x200cm.<\/span><\/p>\n<p>Der Bettbezug wird in Italien aus 100% hochwertigem Leinen hergestellt und durch spezielle Behandlungen, die das nat\u00fcrliche Aussehen verst\u00e4rken, streichelzart gemacht.<br \/>\nDieser Stoff ist ideal f\u00fcr das Bett, da er hypoallergen und antibakteriell ist. Au\u00dferdem werden nat\u00fcrliche, nicht allergene Farbstoffe verwendet, die der Naturfaser Glanz und Lebendigkeit verleihen.<br \/>\nLanglebigkeit und einfache Wartung sind weitere Pluspunkte Ihrer Wahl.<br \/>\nIdeal, um Ihre Bettausstattung zu versch\u00f6nern: allein oder in Kombination mit farbigen Kissenbez\u00fcgen und Laken, um immer wieder originelle Kombinationen zu schaffen.<br \/>\nBitte lesen Sie den Abschnitt \u201eProduktpflege\u201c f\u00fcr alle Waschanweisungen.<\/p>\n","protected":false},"excerpt":{"rendered":"<p><span data-sheets-value=\"{\"1\":2,\"2\":\"Sacco contenitore bianco in lino pesante con pizzo \"gocce\". Misure 240 x 220 cm.\"}\" data-sheets-userformat=\"{\"2\":963,\"3\":{\"1\":0},\"4\":[null,2,16043212],\"9\":1,\"10\":1,\"11\":3,\"12\":0}\">Einzelner Bettbezug aus schwerem Leinen mit Spitze &#8218;Elegant&#8216;. Ma\u00dfe 138x200cm.<\/span><\/p>\n<p>Der Bettbezug wird in Italien aus 100% hochwertigem Leinen hergestellt und durch spezielle Behandlungen, die das nat\u00fcrliche Aussehen verst\u00e4rken, streichelzart gemacht.<br \/>\nDieser Stoff ist ideal f\u00fcr das Bett, da er hypoallergen und antibakteriell ist. Au\u00dferdem werden nat\u00fcrliche, nicht allergene Farbstoffe verwendet, die der Naturfaser Glanz und Lebendigkeit verleihen.<br \/>\nLanglebigkeit und einfache Wartung sind weitere Pluspunkte Ihrer Wahl.<br \/>\nIdeal, um Ihre Bettausstattung zu versch\u00f6nern: allein oder in Kombination mit farbigen Kissenbez\u00fcgen und Laken, um immer wieder originelle Kombinationen zu schaffen.<br \/>\nBitte lesen Sie den Abschnitt \u201eProduktpflege\u201c f\u00fcr alle Waschanweisungen.<\/p>\n","protected":false},"featured_media":135380,"template":"","meta":{"_seopress_robots_primary_cat":"none","_seopress_titles_title":"","_seopress_titles_desc":"","_seopress_robots_index":""},"product_brand":[8562],"product_cat":[5957,6368,3748],"product_tag":[5980,6375,5959,7486,6175,5992,6130,5706,7485],"class_list":{"0":"post-136014","1":"product","2":"type-product","3":"status-publish","4":"has-post-thumbnail","6":"product_brand-arte-pura","7":"product_cat-bettwaesche","8":"product_cat-duvetbezuege","9":"product_cat-wohnaccessoires","10":"product_tag-bett-de","11":"product_tag-bettbezug-de","12":"product_tag-bettzeug","13":"product_tag-das-winterzimmer","14":"product_tag-elegante-spitze","15":"product_tag-romantisch","16":"product_tag-schlafen-auf-einer-wolke","17":"product_tag-schlafzimmer","18":"product_tag-wie-man-das-kinderzimmer-einrichtet","19":"pa_colore-retro-900-de","20":"pa_taglia-138x200cm-de","21":"pa_tema-romantisch","23":"first","24":"instock","25":"shipping-taxable","26":"purchasable","27":"product-type-variable"},"jetpack_sharing_enabled":true,"_links":{"self":[{"href":"https:\/\/lighthouselocarno.ch\/de\/wp-json\/wp\/v2\/product\/136014","targetHints":{"allow":["GET"]}}],"collection":[{"href":"https:\/\/lighthouselocarno.ch\/de\/wp-json\/wp\/v2\/product"}],"about":[{"href":"https:\/\/lighthouselocarno.ch\/de\/wp-json\/wp\/v2\/types\/product"}],"wp:featuredmedia":[{"embeddable":true,"href":"https:\/\/lighthouselocarno.ch\/de\/wp-json\/wp\/v2\/media\/135380"}],"wp:attachment":[{"href":"https:\/\/lighthouselocarno.ch\/de\/wp-json\/wp\/v2\/media?parent=136014"}],"wp:term":[{"taxonomy":"product_brand","embeddable":true,"href":"https:\/\/lighthouselocarno.ch\/de\/wp-json\/wp\/v2\/product_brand?post=136014"},{"taxonomy":"product_cat","embeddable":true,"href":"https:\/\/lighthouselocarno.ch\/de\/wp-json\/wp\/v2\/product_cat?post=136014"},{"taxonomy":"product_tag","embeddable":true,"href":"https:\/\/lighthouselocarno.ch\/de\/wp-json\/wp\/v2\/product_tag?post=136014"}],"curies":[{"name":"wp","href":"https:\/\/api.w.org\/{rel}","templated":true}]}}