{"id":136024,"date":"2023-09-05T15:41:57","date_gmt":"2023-09-05T15:41:57","guid":{"rendered":"https:\/\/lighthouselocarno.ch\/prodotto\/45x60cm-tischset-aus-spitze-crochet\/"},"modified":"2025-05-23T12:52:24","modified_gmt":"2025-05-23T12:52:24","slug":"platzset-dekoration-45x60cm-im-lace-uninet","status":"publish","type":"product","link":"https:\/\/lighthouselocarno.ch\/de\/produkt\/platzset-dekoration-45x60cm-im-lace-uninet\/","title":{"rendered":"45x60cm Tischset aus Spitze \u201eCrochet\u201c"},"content":{"rendered":"<p>Tischset mit geh\u00e4kelter Spitze zur Dekoration. Ma\u00dfe 45x60cm.<\/p>\n<p>In Italien hergestelltes Tischset aus 100 % hochwertigem Leinen, das sich durch spezielle Behandlungen, die das nat\u00fcrliche Aussehen verst\u00e4rken, weich anf\u00fchlt.<br \/>\nDieser Stoff ist ideal f\u00fcr den Tisch, da er hypoallergen und antibakteriell ist. Au\u00dferdem werden nat\u00fcrliche und hypoallergene Farbstoffe verwendet, die der Naturfaser Glanz und Schwung verleihen.<br \/>\nLanglebigkeit und einfache Wartung sind weitere Pluspunkte Ihrer Wahl.<br \/>\nIdeal zur Versch\u00f6nerung Ihrer \u201emise en place\u201c: allein oder in Kombination mit L\u00e4ufern und Servietten, um immer wieder originelle Kombinationen zu schaffen.<br \/>\nBitte lesen Sie den Abschnitt \u201eProduktpflege\u201c f\u00fcr alle Waschanweisungen.<\/p>\n","protected":false},"excerpt":{"rendered":"<p>Tischset mit geh\u00e4kelter Spitze zur Dekoration. Ma\u00dfe 45x60cm.<\/p>\n<p>In Italien hergestelltes Tischset aus 100 % hochwertigem Leinen, das sich durch spezielle Behandlungen, die das nat\u00fcrliche Aussehen verst\u00e4rken, weich anf\u00fchlt.<br \/>\nDieser Stoff ist ideal f\u00fcr den Tisch, da er hypoallergen und antibakteriell ist. Au\u00dferdem werden nat\u00fcrliche und hypoallergene Farbstoffe verwendet, die der Naturfaser Glanz und Schwung verleihen.<br \/>\nLanglebigkeit und einfache Wartung sind weitere Pluspunkte Ihrer Wahl.<br \/>\nIdeal zur Versch\u00f6nerung Ihrer \u201emise en place\u201c: allein oder in Kombination mit L\u00e4ufern und Servietten, um immer wieder originelle Kombinationen zu schaffen.<br \/>\nBitte lesen Sie den Abschnitt \u201eProduktpflege\u201c f\u00fcr alle Waschanweisungen.<\/p>\n","protected":false},"featured_media":135418,"template":"","meta":{"_seopress_robots_primary_cat":"none","_seopress_titles_title":"","_seopress_titles_desc":"","_seopress_robots_index":""},"product_brand":[8562],"product_cat":[3755,5850,3748],"product_tag":[6201,5992,5700,7326,5853,5851,7552,7428],"class_list":{"0":"post-136024","1":"product","2":"type-product","3":"status-publish","4":"has-post-thumbnail","6":"product_brand-arte-pura","7":"product_cat-tisch-zu-behoer","8":"product_cat-tischsets","9":"product_cat-wohnaccessoires","10":"product_tag-gehakelte-spitze","11":"product_tag-romantisch","12":"product_tag-tabelle-de-2","13":"product_tag-table-accessories-de","14":"product_tag-tischsets","15":"product_tag-zubehor","16":"product_tag-zuruck","17":"product_tag-zwei-stile-zur-auswahl","18":"pa_colore-retro-900-de","19":"pa_taglia-45x60-cm-de","20":"pa_tema-romantisch","22":"first","23":"instock","24":"shipping-taxable","25":"purchasable","26":"product-type-variable","27":"has-default-attributes"},"jetpack_sharing_enabled":true,"_links":{"self":[{"href":"https:\/\/lighthouselocarno.ch\/de\/wp-json\/wp\/v2\/product\/136024","targetHints":{"allow":["GET"]}}],"collection":[{"href":"https:\/\/lighthouselocarno.ch\/de\/wp-json\/wp\/v2\/product"}],"about":[{"href":"https:\/\/lighthouselocarno.ch\/de\/wp-json\/wp\/v2\/types\/product"}],"wp:featuredmedia":[{"embeddable":true,"href":"https:\/\/lighthouselocarno.ch\/de\/wp-json\/wp\/v2\/media\/135418"}],"wp:attachment":[{"href":"https:\/\/lighthouselocarno.ch\/de\/wp-json\/wp\/v2\/media?parent=136024"}],"wp:term":[{"taxonomy":"product_brand","embeddable":true,"href":"https:\/\/lighthouselocarno.ch\/de\/wp-json\/wp\/v2\/product_brand?post=136024"},{"taxonomy":"product_cat","embeddable":true,"href":"https:\/\/lighthouselocarno.ch\/de\/wp-json\/wp\/v2\/product_cat?post=136024"},{"taxonomy":"product_tag","embeddable":true,"href":"https:\/\/lighthouselocarno.ch\/de\/wp-json\/wp\/v2\/product_tag?post=136024"}],"curies":[{"name":"wp","href":"https:\/\/api.w.org\/{rel}","templated":true}]}}